{"id":1291,"date":"2017-07-31T08:33:55","date_gmt":"2017-07-31T07:33:55","guid":{"rendered":"https:\/\/domainedelours.fr\/?page_id=1291"},"modified":"2024-01-30T18:20:44","modified_gmt":"2024-01-30T17:20:44","slug":"services","status":"publish","type":"page","link":"https:\/\/domainedelours.fr\/de\/services\/","title":{"rendered":"Unser Angebot"},"content":{"rendered":"<p><div class=\"fusion-fullwidth fullwidth-box fusion-builder-row-2 nonhundred-percent-fullwidth non-hundred-percent-height-scrolling\" style=\"--awb-border-radius-top-left:0px;--awb-border-radius-top-right:0px;--awb-border-radius-bottom-right:0px;--awb-border-radius-bottom-left:0px;--awb-flex-wrap:wrap;\" ><div class=\"fusion-builder-row fusion-row\"><div class=\"fusion-layout-column fusion_builder_column fusion-builder-column-1 fusion_builder_column_1_1 1_1 fusion-one-full fusion-column-first fusion-column-last\" style=\"--awb-bg-size:cover;--awb-margin-bottom:0px;\"><div class=\"fusion-column-wrapper fusion-flex-column-wrapper-legacy\"><div class=\"fusion-image-element in-legacy-container\" style=\"--awb-caption-title-font-family:var(--h2_typography-font-family);--awb-caption-title-font-weight:var(--h2_typography-font-weight);--awb-caption-title-font-style:var(--h2_typography-font-style);--awb-caption-title-size:var(--h2_typography-font-size);--awb-caption-title-transform:var(--h2_typography-text-transform);--awb-caption-title-line-height:var(--h2_typography-line-height);--awb-caption-title-letter-spacing:var(--h2_typography-letter-spacing);\"><span class=\" fusion-imageframe imageframe-none imageframe-2 hover-type-none\"><img decoding=\"async\" width=\"1000\" height=\"666\" alt=\"fen\u00eatre de l&#039;espace bien-\u00eatre du camping nature en aubrac\" title=\"Espace bien-\u00eatre\" src=\"data:image\/svg+xml,%3Csvg%20xmlns%3D%27http%3A%2F%2Fwww.w3.org%2F2000%2Fsvg%27%20width%3D%271000%27%20height%3D%27666%27%20viewBox%3D%270%200%201000%20666%27%3E%3Crect%20width%3D%271000%27%20height%3D%27666%27%20fill-opacity%3D%220%22%2F%3E%3C%2Fsvg%3E\" data-orig-src=\"https:\/\/domainedelours.fr\/wp-content\/uploads\/2016\/04\/spa.jpg\" class=\"lazyload img-responsive wp-image-118\"\/><\/span><\/div><div class=\"fusion-text fusion-text-2\"><h3>Service<\/h3>\n<div class=\"littleGreenBar\"><\/div>\n<ul>\n<li>\u00e9picerie de premi\u00e8re n\u00e9cessit\u00e9<\/li>\n<li>produit r\u00e9gionaux<\/li>\n<li>salle commune \u00ab jeux, coin cuisine , tv biblioth\u00e8que, d\u00e9p\u00f4t de pain, laverie<\/li>\n<li>service courrier<\/li>\n<li>barbecues<\/li>\n<li>\u00e9quipements b\u00e9b\u00e9<\/li>\n<li>Moyen de paiement : cb + esp\u00e8ces + ch\u00e8que<\/li>\n<\/ul>\n<\/div><div class=\"awb-gallery-wrapper awb-gallery-wrapper-2 button-span-no\"><div style=\"margin:-5px;--awb-bordersize:0px;\" class=\"fusion-gallery fusion-gallery-container fusion-grid-3 fusion-columns-total-9 fusion-gallery-layout-grid fusion-gallery-2\"><div style=\"padding:5px;\" class=\"fusion-grid-column fusion-gallery-column fusion-gallery-column-3 hover-type-none\"><div class=\"fusion-gallery-image\"><a href=\"https:\/\/domainedelours.fr\/wp-content\/uploads\/2017\/02\/photo-samsung-9-9-2014-050.jpg\" rel=\"noreferrer\" data-rel=\"iLightbox[gallery_image_2]\" class=\"fusion-lightbox\" target=\"_self\"><img decoding=\"async\" src=\"data:image\/svg+xml,%3Csvg%20xmlns%3D%27http%3A%2F%2Fwww.w3.org%2F2000%2Fsvg%27%20width%3D%272448%27%20height%3D%273264%27%20viewBox%3D%270%200%202448%203264%27%3E%3Crect%20width%3D%272448%27%20height%3D%273264%27%20fill-opacity%3D%220%22%2F%3E%3C%2Fsvg%3E\" data-orig-src=\"https:\/\/domainedelours.fr\/wp-content\/uploads\/2017\/02\/photo-samsung-9-9-2014-050.jpg\" width=\"2448\" height=\"3264\" alt=\"\" title=\"photo samsung 9-9-2014 050\" aria-label=\"photo samsung 9-9-2014 050\" class=\"lazyload img-responsive wp-image-1062\"  \/><\/a><\/div><\/div><div class=\"clearfix\"><\/div><div style=\"padding:5px;\" class=\"fusion-grid-column fusion-gallery-column fusion-gallery-column-3 hover-type-none\"><div class=\"fusion-gallery-image\"><a href=\"https:\/\/domainedelours.fr\/wp-content\/uploads\/2017\/02\/photo-samsung-9-9-2014-051.jpg\" rel=\"noreferrer\" data-rel=\"iLightbox[gallery_image_2]\" class=\"fusion-lightbox\" target=\"_self\"><img decoding=\"async\" src=\"data:image\/svg+xml,%3Csvg%20xmlns%3D%27http%3A%2F%2Fwww.w3.org%2F2000%2Fsvg%27%20width%3D%272448%27%20height%3D%273264%27%20viewBox%3D%270%200%202448%203264%27%3E%3Crect%20width%3D%272448%27%20height%3D%273264%27%20fill-opacity%3D%220%22%2F%3E%3C%2Fsvg%3E\" data-orig-src=\"https:\/\/domainedelours.fr\/wp-content\/uploads\/2017\/02\/photo-samsung-9-9-2014-051.jpg\" width=\"2448\" height=\"3264\" alt=\"\" title=\"photo samsung 9-9-2014 051\" aria-label=\"photo samsung 9-9-2014 051\" class=\"lazyload img-responsive wp-image-1063\"  \/><\/a><\/div><\/div><div style=\"padding:5px;\" class=\"fusion-grid-column fusion-gallery-column fusion-gallery-column-3 hover-type-none\"><div class=\"fusion-gallery-image\"><a href=\"https:\/\/domainedelours.fr\/wp-content\/uploads\/2016\/04\/sauna.jpg\" rel=\"noreferrer\" data-rel=\"iLightbox[gallery_image_2]\" class=\"fusion-lightbox\" target=\"_self\"><img decoding=\"async\" src=\"data:image\/svg+xml,%3Csvg%20xmlns%3D%27http%3A%2F%2Fwww.w3.org%2F2000%2Fsvg%27%20width%3D%271002%27%20height%3D%27666%27%20viewBox%3D%270%200%201002%20666%27%3E%3Crect%20width%3D%271002%27%20height%3D%27666%27%20fill-opacity%3D%220%22%2F%3E%3C%2Fsvg%3E\" data-orig-src=\"https:\/\/domainedelours.fr\/wp-content\/uploads\/2016\/04\/sauna.jpg\" width=\"1002\" height=\"666\" alt=\"\" title=\"sauna\" aria-label=\"sauna\" class=\"lazyload img-responsive wp-image-579\"  \/><\/a><\/div><\/div><div style=\"padding:5px;\" class=\"fusion-grid-column fusion-gallery-column fusion-gallery-column-3 hover-type-none\"><div class=\"fusion-gallery-image\"><a href=\"https:\/\/domainedelours.fr\/wp-content\/uploads\/2016\/04\/IMGP0163.jpg\" rel=\"noreferrer\" data-rel=\"iLightbox[gallery_image_2]\" class=\"fusion-lightbox\" target=\"_self\"><img decoding=\"async\" src=\"data:image\/svg+xml,%3Csvg%20xmlns%3D%27http%3A%2F%2Fwww.w3.org%2F2000%2Fsvg%27%20width%3D%274000%27%20height%3D%273000%27%20viewBox%3D%270%200%204000%203000%27%3E%3Crect%20width%3D%274000%27%20height%3D%273000%27%20fill-opacity%3D%220%22%2F%3E%3C%2Fsvg%3E\" data-orig-src=\"https:\/\/domainedelours.fr\/wp-content\/uploads\/2016\/04\/IMGP0163.jpg\" width=\"4000\" height=\"3000\" alt=\"\" title=\"Domaine de l&#8217;Ours\" aria-label=\"Domaine de l&#8217;Ours\" class=\"lazyload img-responsive wp-image-657\"  \/><\/a><\/div><\/div><div class=\"clearfix\"><\/div><div style=\"padding:5px;\" class=\"fusion-grid-column fusion-gallery-column fusion-gallery-column-3 hover-type-none\"><div class=\"fusion-gallery-image\"><a href=\"https:\/\/domainedelours.fr\/wp-content\/uploads\/2017\/02\/cabane-clerc-038.jpg\" rel=\"noreferrer\" data-rel=\"iLightbox[gallery_image_2]\" class=\"fusion-lightbox\" target=\"_self\"><img decoding=\"async\" src=\"data:image\/svg+xml,%3Csvg%20xmlns%3D%27http%3A%2F%2Fwww.w3.org%2F2000%2Fsvg%27%20width%3D%273456%27%20height%3D%272304%27%20viewBox%3D%270%200%203456%202304%27%3E%3Crect%20width%3D%273456%27%20height%3D%272304%27%20fill-opacity%3D%220%22%2F%3E%3C%2Fsvg%3E\" data-orig-src=\"https:\/\/domainedelours.fr\/wp-content\/uploads\/2017\/02\/cabane-clerc-038.jpg\" width=\"3456\" height=\"2304\" alt=\"\" title=\"cabane clerc 038\" aria-label=\"cabane clerc 038\" class=\"lazyload img-responsive wp-image-1053\"  \/><\/a><\/div><\/div><div style=\"padding:5px;\" class=\"fusion-grid-column fusion-gallery-column fusion-gallery-column-3 hover-type-none\"><div class=\"fusion-gallery-image\"><a href=\"https:\/\/domainedelours.fr\/wp-content\/uploads\/2017\/02\/IMG_6648.jpg\" rel=\"noreferrer\" data-rel=\"iLightbox[gallery_image_2]\" class=\"fusion-lightbox\" target=\"_self\"><img decoding=\"async\" src=\"data:image\/svg+xml,%3Csvg%20xmlns%3D%27http%3A%2F%2Fwww.w3.org%2F2000%2Fsvg%27%20width%3D%273088%27%20height%3D%272056%27%20viewBox%3D%270%200%203088%202056%27%3E%3Crect%20width%3D%273088%27%20height%3D%272056%27%20fill-opacity%3D%220%22%2F%3E%3C%2Fsvg%3E\" data-orig-src=\"https:\/\/domainedelours.fr\/wp-content\/uploads\/2017\/02\/IMG_6648.jpg\" width=\"3088\" height=\"2056\" alt=\"\" title=\"IMG_6648\" aria-label=\"IMG_6648\" class=\"lazyload img-responsive wp-image-1054\"  \/><\/a><\/div><\/div><div style=\"padding:5px;\" class=\"fusion-grid-column fusion-gallery-column fusion-gallery-column-3 hover-type-none\"><div class=\"fusion-gallery-image\"><a href=\"https:\/\/domainedelours.fr\/wp-content\/uploads\/2016\/04\/jaccuzie03.jpg\" rel=\"noreferrer\" data-rel=\"iLightbox[gallery_image_2]\" class=\"fusion-lightbox\" target=\"_self\"><img decoding=\"async\" src=\"data:image\/svg+xml,%3Csvg%20xmlns%3D%27http%3A%2F%2Fwww.w3.org%2F2000%2Fsvg%27%20width%3D%27627%27%20height%3D%271000%27%20viewBox%3D%270%200%20627%201000%27%3E%3Crect%20width%3D%27627%27%20height%3D%271000%27%20fill-opacity%3D%220%22%2F%3E%3C%2Fsvg%3E\" data-orig-src=\"https:\/\/domainedelours.fr\/wp-content\/uploads\/2016\/04\/jaccuzie03.jpg\" width=\"627\" height=\"1000\" alt=\"\" title=\"jaccuzie03\" aria-label=\"jaccuzie03\" class=\"lazyload img-responsive wp-image-117\"  \/><\/a><\/div><\/div><div class=\"clearfix\"><\/div><div style=\"padding:5px;\" class=\"fusion-grid-column fusion-gallery-column fusion-gallery-column-3 hover-type-none\"><div class=\"fusion-gallery-image\"><a href=\"https:\/\/domainedelours.fr\/wp-content\/uploads\/2016\/04\/jaccuzie01.jpg\" rel=\"noreferrer\" data-rel=\"iLightbox[gallery_image_2]\" class=\"fusion-lightbox\" target=\"_self\"><img decoding=\"async\" src=\"data:image\/svg+xml,%3Csvg%20xmlns%3D%27http%3A%2F%2Fwww.w3.org%2F2000%2Fsvg%27%20width%3D%27750%27%20height%3D%271000%27%20viewBox%3D%270%200%20750%201000%27%3E%3Crect%20width%3D%27750%27%20height%3D%271000%27%20fill-opacity%3D%220%22%2F%3E%3C%2Fsvg%3E\" data-orig-src=\"https:\/\/domainedelours.fr\/wp-content\/uploads\/2016\/04\/jaccuzie01.jpg\" width=\"750\" height=\"1000\" alt=\"\" title=\"Espace bien-\u00eatre\" aria-label=\"Espace bien-\u00eatre\" class=\"lazyload img-responsive wp-image-115\"  \/><\/a><\/div><\/div><div style=\"padding:5px;\" class=\"fusion-grid-column fusion-gallery-column fusion-gallery-column-3 hover-type-none\"><div class=\"fusion-gallery-image\"><a href=\"https:\/\/domainedelours.fr\/wp-content\/uploads\/2016\/07\/camping08.jpg\" rel=\"noreferrer\" data-rel=\"iLightbox[gallery_image_2]\" class=\"fusion-lightbox\" target=\"_self\"><img decoding=\"async\" src=\"data:image\/svg+xml,%3Csvg%20xmlns%3D%27http%3A%2F%2Fwww.w3.org%2F2000%2Fsvg%27%20width%3D%27888%27%20height%3D%27768%27%20viewBox%3D%270%200%20888%20768%27%3E%3Crect%20width%3D%27888%27%20height%3D%27768%27%20fill-opacity%3D%220%22%2F%3E%3C%2Fsvg%3E\" data-orig-src=\"https:\/\/domainedelours.fr\/wp-content\/uploads\/2016\/07\/camping08.jpg\" width=\"888\" height=\"768\" alt=\"\" title=\"camping08\" aria-label=\"camping08\" class=\"lazyload img-responsive wp-image-778\"  \/><\/a><\/div><\/div><\/div><\/div><div class=\"fusion-clearfix\"><\/div><\/div><\/div><\/div><\/div><\/p>","protected":false},"excerpt":{"rendered":"","protected":false},"author":1,"featured_media":0,"parent":0,"menu_order":0,"comment_status":"closed","ping_status":"closed","template":"","meta":{"footnotes":""},"class_list":["post-1291","page","type-page","status-publish","hentry"],"yoast_head":"<!-- This site is optimized with the Yoast SEO plugin v27.3 - https:\/\/yoast.com\/product\/yoast-seo-wordpress\/ -->\n<title><\/title>\n<meta name=\"description\" content=\"{:fr}La salle commune avec petite cuisine de d\u00e9pannage est fort appr\u00e9ci\u00e9e de nos amis campeurs, randonneurs et cyclistes sur l&#039;Aubrac.{:}\" \/>\n<meta name=\"robots\" content=\"index, follow, max-snippet:-1, max-image-preview:large, max-video-preview:-1\" \/>\n<link rel=\"canonical\" href=\"https:\/\/domainedelours.fr\/services\/\" \/>\n<meta property=\"og:locale\" content=\"de_DE\" \/>\n<meta property=\"og:type\" content=\"article\" \/>\n<meta property=\"og:title\" content=\"[:fr]Plusieurs service disponibles au Domaine de l&#039;Ours***[:]\" \/>\n<meta property=\"og:description\" content=\"{:fr}La salle commune avec petite cuisine de d\u00e9pannage est fort appr\u00e9ci\u00e9e de nos amis campeurs, randonneurs et cyclistes sur l&#039;Aubrac.{:}\" \/>\n<meta property=\"og:url\" content=\"https:\/\/domainedelours.fr\/services\/\" \/>\n<meta property=\"og:site_name\" content=\"Camping de Saint Urcize\" \/>\n<meta property=\"article:modified_time\" content=\"2024-01-30T17:20:44+00:00\" \/>\n<meta name=\"twitter:card\" content=\"summary_large_image\" \/>\n<meta name=\"twitter:label1\" content=\"Gesch\u00e4tzte Lesezeit\" \/>\n\t<meta name=\"twitter:data1\" content=\"2\u00a0Minuten\" \/>\n<script type=\"application\/ld+json\" class=\"yoast-schema-graph\">{\"@context\":\"https:\\\/\\\/schema.org\",\"@graph\":[{\"@type\":\"WebPage\",\"@id\":\"https:\\\/\\\/domainedelours.fr\\\/services\\\/\",\"url\":\"https:\\\/\\\/domainedelours.fr\\\/services\\\/\",\"name\":\"[:fr]Plusieurs service disponibles au Domaine de l'Ours***[:]\",\"isPartOf\":{\"@id\":\"https:\\\/\\\/domainedelours.fr\\\/#website\"},\"datePublished\":\"2017-07-31T07:33:55+00:00\",\"dateModified\":\"2024-01-30T17:20:44+00:00\",\"description\":\"{:fr}La salle commune avec petite cuisine de d\u00e9pannage est fort appr\u00e9ci\u00e9e de nos amis campeurs, randonneurs et cyclistes sur l'Aubrac.{:}\",\"breadcrumb\":{\"@id\":\"https:\\\/\\\/domainedelours.fr\\\/services\\\/#breadcrumb\"},\"inLanguage\":\"de\",\"potentialAction\":[{\"@type\":\"ReadAction\",\"target\":[\"https:\\\/\\\/domainedelours.fr\\\/services\\\/\"]}]},{\"@type\":\"BreadcrumbList\",\"@id\":\"https:\\\/\\\/domainedelours.fr\\\/services\\\/#breadcrumb\",\"itemListElement\":[{\"@type\":\"ListItem\",\"position\":1,\"name\":\"Accueil\",\"item\":\"https:\\\/\\\/domainedelours.fr\\\/\"},{\"@type\":\"ListItem\",\"position\":2,\"name\":\"Services\"}]},{\"@type\":\"WebSite\",\"@id\":\"https:\\\/\\\/domainedelours.fr\\\/#website\",\"url\":\"https:\\\/\\\/domainedelours.fr\\\/\",\"name\":\"Camping de Saint Urcize\",\"description\":\"\",\"potentialAction\":[{\"@type\":\"SearchAction\",\"target\":{\"@type\":\"EntryPoint\",\"urlTemplate\":\"https:\\\/\\\/domainedelours.fr\\\/?s={search_term_string}\"},\"query-input\":{\"@type\":\"PropertyValueSpecification\",\"valueRequired\":true,\"valueName\":\"search_term_string\"}}],\"inLanguage\":\"de\"}]}<\/script>\n<!-- \/ Yoast SEO plugin. -->","yoast_head_json":{"title":"[:fr]Plusieurs service disponibles au Domaine de l'Ours***[:]","description":"{:fr}La salle commune avec petite cuisine de d\u00e9pannage est fort appr\u00e9ci\u00e9e de nos amis campeurs, randonneurs et cyclistes sur l'Aubrac.{:}","robots":{"index":"index","follow":"follow","max-snippet":"max-snippet:-1","max-image-preview":"max-image-preview:large","max-video-preview":"max-video-preview:-1"},"canonical":"https:\/\/domainedelours.fr\/services\/","og_locale":"de_DE","og_type":"article","og_title":"[:fr]Plusieurs service disponibles au Domaine de l'Ours***[:]","og_description":"{:fr}La salle commune avec petite cuisine de d\u00e9pannage est fort appr\u00e9ci\u00e9e de nos amis campeurs, randonneurs et cyclistes sur l'Aubrac.{:}","og_url":"https:\/\/domainedelours.fr\/services\/","og_site_name":"Camping de Saint Urcize","article_modified_time":"2024-01-30T17:20:44+00:00","twitter_card":"summary_large_image","twitter_misc":{"Gesch\u00e4tzte Lesezeit":"2\u00a0Minuten"},"schema":{"@context":"https:\/\/schema.org","@graph":[{"@type":"WebPage","@id":"https:\/\/domainedelours.fr\/services\/","url":"https:\/\/domainedelours.fr\/services\/","name":"[:fr]Plusieurs service disponibles au Domaine de l'Ours***[:]","isPartOf":{"@id":"https:\/\/domainedelours.fr\/#website"},"datePublished":"2017-07-31T07:33:55+00:00","dateModified":"2024-01-30T17:20:44+00:00","description":"{:fr}La salle commune avec petite cuisine de d\u00e9pannage est fort appr\u00e9ci\u00e9e de nos amis campeurs, randonneurs et cyclistes sur l'Aubrac.{:}","breadcrumb":{"@id":"https:\/\/domainedelours.fr\/services\/#breadcrumb"},"inLanguage":"de","potentialAction":[{"@type":"ReadAction","target":["https:\/\/domainedelours.fr\/services\/"]}]},{"@type":"BreadcrumbList","@id":"https:\/\/domainedelours.fr\/services\/#breadcrumb","itemListElement":[{"@type":"ListItem","position":1,"name":"Accueil","item":"https:\/\/domainedelours.fr\/"},{"@type":"ListItem","position":2,"name":"Services"}]},{"@type":"WebSite","@id":"https:\/\/domainedelours.fr\/#website","url":"https:\/\/domainedelours.fr\/","name":"Camping de Saint Urcize","description":"","potentialAction":[{"@type":"SearchAction","target":{"@type":"EntryPoint","urlTemplate":"https:\/\/domainedelours.fr\/?s={search_term_string}"},"query-input":{"@type":"PropertyValueSpecification","valueRequired":true,"valueName":"search_term_string"}}],"inLanguage":"de"}]}},"_links":{"self":[{"href":"https:\/\/domainedelours.fr\/de\/wp-json\/wp\/v2\/pages\/1291","targetHints":{"allow":["GET"]}}],"collection":[{"href":"https:\/\/domainedelours.fr\/de\/wp-json\/wp\/v2\/pages"}],"about":[{"href":"https:\/\/domainedelours.fr\/de\/wp-json\/wp\/v2\/types\/page"}],"author":[{"embeddable":true,"href":"https:\/\/domainedelours.fr\/de\/wp-json\/wp\/v2\/users\/1"}],"replies":[{"embeddable":true,"href":"https:\/\/domainedelours.fr\/de\/wp-json\/wp\/v2\/comments?post=1291"}],"version-history":[{"count":25,"href":"https:\/\/domainedelours.fr\/de\/wp-json\/wp\/v2\/pages\/1291\/revisions"}],"predecessor-version":[{"id":2442,"href":"https:\/\/domainedelours.fr\/de\/wp-json\/wp\/v2\/pages\/1291\/revisions\/2442"}],"wp:attachment":[{"href":"https:\/\/domainedelours.fr\/de\/wp-json\/wp\/v2\/media?parent=1291"}],"curies":[{"name":"wp","href":"https:\/\/api.w.org\/{rel}","templated":true}]}}