{"id":1454,"date":"2018-05-17T17:08:32","date_gmt":"2018-05-17T16:08:32","guid":{"rendered":"https:\/\/domainedelours.fr\/?page_id=1454"},"modified":"2024-01-30T17:53:09","modified_gmt":"2024-01-30T16:53:09","slug":"lodge-insolite-la-bulle-verte","status":"publish","type":"page","link":"https:\/\/domainedelours.fr\/de\/lodge-insolite-la-bulle-verte\/","title":{"rendered":"\u00d6ko-H\u00fctte Die Gr\u00fcne Blase"},"content":{"rendered":"<p><div class=\"fusion-fullwidth fullwidth-box fusion-builder-row-5 nonhundred-percent-fullwidth non-hundred-percent-height-scrolling\" style=\"--awb-border-radius-top-left:0px;--awb-border-radius-top-right:0px;--awb-border-radius-bottom-right:0px;--awb-border-radius-bottom-left:0px;--awb-flex-wrap:wrap;\" ><div class=\"fusion-builder-row fusion-row\"><div class=\"fusion-layout-column fusion_builder_column fusion-builder-column-5 fusion_builder_column_1_1 1_1 fusion-one-full fusion-column-first fusion-column-last\" style=\"--awb-bg-size:cover;\"><div class=\"fusion-column-wrapper fusion-flex-column-wrapper-legacy\"><div class=\"fusion-image-element in-legacy-container\" style=\"--awb-caption-title-font-family:var(--h2_typography-font-family);--awb-caption-title-font-weight:var(--h2_typography-font-weight);--awb-caption-title-font-style:var(--h2_typography-font-style);--awb-caption-title-size:var(--h2_typography-font-size);--awb-caption-title-transform:var(--h2_typography-text-transform);--awb-caption-title-line-height:var(--h2_typography-line-height);--awb-caption-title-letter-spacing:var(--h2_typography-letter-spacing);\"><span class=\" fusion-imageframe imageframe-none imageframe-2 hover-type-none\"><img decoding=\"async\" width=\"1600\" height=\"1200\" title=\"Lodge La Bulle Verte\" src=\"data:image\/svg+xml,%3Csvg%20xmlns%3D%27http%3A%2F%2Fwww.w3.org%2F2000%2Fsvg%27%20width%3D%271600%27%20height%3D%271200%27%20viewBox%3D%270%200%201600%201200%27%3E%3Crect%20width%3D%271600%27%20height%3D%271200%27%20fill-opacity%3D%220%22%2F%3E%3C%2Fsvg%3E\" data-orig-src=\"https:\/\/domainedelours.fr\/wp-content\/uploads\/2018\/06\/exterior.jpg\" alt class=\"lazyload img-responsive wp-image-1510\"\/><\/span><\/div><div class=\"fusion-clearfix\"><\/div><\/div><\/div><\/div><\/div><div class=\"fusion-fullwidth fullwidth-box fusion-builder-row-6 nonhundred-percent-fullwidth non-hundred-percent-height-scrolling\" style=\"--awb-border-radius-top-left:0px;--awb-border-radius-top-right:0px;--awb-border-radius-bottom-right:0px;--awb-border-radius-bottom-left:0px;--awb-flex-wrap:wrap;\" ><div class=\"fusion-builder-row fusion-row\"><div class=\"fusion-layout-column fusion_builder_column fusion-builder-column-6 fusion_builder_column_1_1 1_1 fusion-one-full fusion-column-first fusion-column-last\" style=\"--awb-bg-size:cover;\"><div class=\"fusion-column-wrapper fusion-flex-column-wrapper-legacy\"><div class=\"fusion-image-carousel fusion-image-carousel-auto fusion-image-carousel-2 fusion-carousel-border\"><div class=\"awb-carousel awb-swiper awb-swiper-carousel\" data-autoplay=\"no\" data-columns=\"4\" data-itemmargin=\"13\" data-itemwidth=\"180\" data-touchscroll=\"no\" data-imagesize=\"auto\" style=\"--awb-columns:4;\"><div class=\"swiper-wrapper awb-image-carousel-wrapper fusion-flex-align-items-center\"><div class=\"swiper-slide\"><div class=\"fusion-carousel-item-wrapper\"><div class=\"fusion-image-wrapper hover-type-none\"><img decoding=\"async\" class=\"lazyload\" src=\"data:image\/gif;base64,R0lGODlhAQABAAAAACH5BAEKAAEALAAAAAABAAEAAAICTAEAOw==\" data-orig-src=\"https:\/\/domainedelours.fr\/wp-content\/uploads\/2018\/05\/3-ch.jpg\" alt=\"\"\/><\/div><\/div><\/div><div class=\"swiper-slide\"><div class=\"fusion-carousel-item-wrapper\"><div class=\"fusion-image-wrapper hover-type-none\"><img decoding=\"async\" class=\"lazyload\" src=\"data:image\/gif;base64,R0lGODlhAQABAAAAACH5BAEKAAEALAAAAAABAAEAAAICTAEAOw==\" data-orig-src=\"https:\/\/domainedelours.fr\/wp-content\/uploads\/2018\/05\/4-ch.jpg\" alt=\"\"\/><\/div><\/div><\/div><div class=\"swiper-slide\"><div class=\"fusion-carousel-item-wrapper\"><div class=\"fusion-image-wrapper hover-type-none\"><img decoding=\"async\" class=\"lazyload\" src=\"data:image\/gif;base64,R0lGODlhAQABAAAAACH5BAEKAAEALAAAAAABAAEAAAICTAEAOw==\" data-orig-src=\"https:\/\/domainedelours.fr\/wp-content\/uploads\/2018\/05\/6-cuisine.jpg\" alt=\"\"\/><\/div><\/div><\/div><div class=\"swiper-slide\"><div class=\"fusion-carousel-item-wrapper\"><div class=\"fusion-image-wrapper hover-type-none\"><img decoding=\"async\" width=\"1200\" height=\"1600\" src=\"data:image\/svg+xml,%3Csvg%20xmlns%3D%27http%3A%2F%2Fwww.w3.org%2F2000%2Fsvg%27%20width%3D%271200%27%20height%3D%271600%27%20viewBox%3D%270%200%201200%201600%27%3E%3Crect%20width%3D%271200%27%20height%3D%271600%27%20fill-opacity%3D%220%22%2F%3E%3C%2Fsvg%3E\" class=\"attachment-full size-full lazyload\" alt=\"\" data-orig-src=\"https:\/\/domainedelours.fr\/wp-content\/uploads\/2018\/05\/7-sdb.jpg\" \/><\/div><\/div><\/div><div class=\"swiper-slide\"><div class=\"fusion-carousel-item-wrapper\"><div class=\"fusion-image-wrapper hover-type-none\"><img decoding=\"async\" width=\"1200\" height=\"1600\" src=\"data:image\/svg+xml,%3Csvg%20xmlns%3D%27http%3A%2F%2Fwww.w3.org%2F2000%2Fsvg%27%20width%3D%271200%27%20height%3D%271600%27%20viewBox%3D%270%200%201200%201600%27%3E%3Crect%20width%3D%271200%27%20height%3D%271600%27%20fill-opacity%3D%220%22%2F%3E%3C%2Fsvg%3E\" class=\"attachment-full size-full lazyload\" alt=\"\" data-orig-src=\"https:\/\/domainedelours.fr\/wp-content\/uploads\/2018\/06\/int-2.jpg\" \/><\/div><\/div><\/div><div class=\"swiper-slide\"><div class=\"fusion-carousel-item-wrapper\"><div class=\"fusion-image-wrapper hover-type-none\"><img decoding=\"async\" width=\"1200\" height=\"1600\" src=\"data:image\/svg+xml,%3Csvg%20xmlns%3D%27http%3A%2F%2Fwww.w3.org%2F2000%2Fsvg%27%20width%3D%271200%27%20height%3D%271600%27%20viewBox%3D%270%200%201200%201600%27%3E%3Crect%20width%3D%271200%27%20height%3D%271600%27%20fill-opacity%3D%220%22%2F%3E%3C%2Fsvg%3E\" class=\"attachment-full size-full lazyload\" alt=\"\" data-orig-src=\"https:\/\/domainedelours.fr\/wp-content\/uploads\/2018\/06\/int-1.jpg\" \/><\/div><\/div><\/div><div class=\"swiper-slide\"><div class=\"fusion-carousel-item-wrapper\"><div class=\"fusion-image-wrapper hover-type-none\"><img decoding=\"async\" width=\"1200\" height=\"1600\" src=\"data:image\/svg+xml,%3Csvg%20xmlns%3D%27http%3A%2F%2Fwww.w3.org%2F2000%2Fsvg%27%20width%3D%271200%27%20height%3D%271600%27%20viewBox%3D%270%200%201200%201600%27%3E%3Crect%20width%3D%271200%27%20height%3D%271600%27%20fill-opacity%3D%220%22%2F%3E%3C%2Fsvg%3E\" class=\"attachment-full size-full lazyload\" alt=\"\" data-orig-src=\"https:\/\/domainedelours.fr\/wp-content\/uploads\/2018\/06\/cusine-e1561389733867.jpg\" \/><\/div><\/div><\/div><div class=\"swiper-slide\"><div class=\"fusion-carousel-item-wrapper\"><div class=\"fusion-image-wrapper hover-type-none\"><img decoding=\"async\" width=\"1200\" height=\"1600\" src=\"data:image\/svg+xml,%3Csvg%20xmlns%3D%27http%3A%2F%2Fwww.w3.org%2F2000%2Fsvg%27%20width%3D%271200%27%20height%3D%271600%27%20viewBox%3D%270%200%201200%201600%27%3E%3Crect%20width%3D%271200%27%20height%3D%271600%27%20fill-opacity%3D%220%22%2F%3E%3C%2Fsvg%3E\" class=\"attachment-full size-full lazyload\" alt=\"\" data-orig-src=\"https:\/\/domainedelours.fr\/wp-content\/uploads\/2018\/06\/int-4.jpg\" \/><\/div><\/div><\/div><div class=\"swiper-slide\"><div class=\"fusion-carousel-item-wrapper\"><div class=\"fusion-image-wrapper hover-type-none\"><img decoding=\"async\" width=\"1200\" height=\"1600\" src=\"data:image\/svg+xml,%3Csvg%20xmlns%3D%27http%3A%2F%2Fwww.w3.org%2F2000%2Fsvg%27%20width%3D%271200%27%20height%3D%271600%27%20viewBox%3D%270%200%201200%201600%27%3E%3Crect%20width%3D%271200%27%20height%3D%271600%27%20fill-opacity%3D%220%22%2F%3E%3C%2Fsvg%3E\" class=\"attachment-full size-full lazyload\" alt=\"\" data-orig-src=\"https:\/\/domainedelours.fr\/wp-content\/uploads\/2018\/06\/duche.jpg\" \/><\/div><\/div><\/div><\/div><div class=\"awb-swiper-button awb-swiper-button-prev\"><i class=\"awb-icon-angle-left\" aria-hidden=\"true\"><\/i><\/div><div class=\"awb-swiper-button awb-swiper-button-next\"><i class=\"awb-icon-angle-right\" aria-hidden=\"true\"><\/i><\/div><\/div><\/div><div class=\"fusion-clearfix\"><\/div><\/div><\/div><\/div><\/div><div class=\"fusion-fullwidth fullwidth-box fusion-builder-row-7 nonhundred-percent-fullwidth non-hundred-percent-height-scrolling\" style=\"--awb-border-radius-top-left:0px;--awb-border-radius-top-right:0px;--awb-border-radius-bottom-right:0px;--awb-border-radius-bottom-left:0px;--awb-flex-wrap:wrap;\" ><div class=\"fusion-builder-row fusion-row\"><div class=\"fusion-layout-column fusion_builder_column fusion-builder-column-7 fusion_builder_column_1_2 1_2 fusion-one-half fusion-column-first\" style=\"--awb-bg-size:cover;width:50%;width:calc(50% - ( ( 4% ) * 0.5 ) );margin-right: 4%;\"><div class=\"fusion-column-wrapper fusion-flex-column-wrapper-legacy\"><div class=\"fusion-text fusion-text-4\"><h2>\u00d6ko-H\u00fctte Die Gr\u00fcne Blase<\/h2>\n<div class=\"littleGreenBar\"><\/div>\n<p>Die \u00f6ko-H\u00fctte \u201eDie gr\u00fcne Blase\u201c ist eine originelle \u00f6kologische Konstruktion. Komplett aus Holz und mit einem Planzenteppich auf dem Dach, diese Wohnung dessen elegante Kurven eine Fl\u00e4che von 30m\u00b2 abgrenzen wurde entworfen um jeden zwischen 7 und 77 willkommen zu hei\u00dfen. Eine gro\u00dfe moderne behindertengerechte Dusche, viel Freiraum um das Hauptbett herum, diese hochklassige H\u00fctte besitzt einen privaten Parkplatz und eine Zufahrtsrampe mit einer Neigung so sanft wie die der umzingelnden H\u00fcgel.<\/p>\n<ul>\n<li>Oberfl\u00e4che: 30 m\u00b2 \/ Zuganglich f\u00fcr jeden \/ Behindertengerecht<\/li>\n<li>Kapacit\u00e4t : 2 bis 4 Personen<\/li>\n<li>Au\u00dfenterrasse<\/li>\n<li>Kochnische, Badezimmer<\/li>\n<\/ul>\n<\/div><div class=\"fusion-clearfix\"><\/div><\/div><\/div><div class=\"fusion-layout-column fusion_builder_column fusion-builder-column-8 fusion_builder_column_1_2 1_2 fusion-one-half fusion-column-last\" style=\"--awb-bg-size:cover;width:50%;width:calc(50% - ( ( 4% ) * 0.5 ) );\"><div class=\"fusion-column-wrapper fusion-flex-column-wrapper-legacy\"><div class=\"fusion-text fusion-text-5\"><h2>Kapacit\u00e4t<\/h2>\n<div class=\"littleGreenBar\"><\/div>\n<ul>\n<li>Die gr\u00fcne Blase 2\/4 Personen<\/li>\n<\/ul>\n<\/div><div class=\"fusion-clearfix\"><\/div><\/div><\/div><\/div><\/div><div class=\"fusion-fullwidth fullwidth-box fusion-builder-row-8 nonhundred-percent-fullwidth non-hundred-percent-height-scrolling\" style=\"--awb-border-radius-top-left:0px;--awb-border-radius-top-right:0px;--awb-border-radius-bottom-right:0px;--awb-border-radius-bottom-left:0px;--awb-flex-wrap:wrap;\" ><div class=\"fusion-builder-row fusion-row\"><div class=\"fusion-layout-column fusion_builder_column fusion-builder-column-9 fusion_builder_column_1_1 1_1 fusion-one-full fusion-column-first fusion-column-last\" style=\"--awb-bg-size:cover;\"><div class=\"fusion-column-wrapper fusion-flex-column-wrapper-legacy\"><div class=\"fusion-text fusion-text-6\"><h2>Beschreibung<\/h2>\n<div class=\"littleGreenBar\"><\/div>\n<p>1 \u00d6ko-H\u00fctte Die gr\u00fcne Blase mit einer Kapazit\u00e4t von 2 bis 4 Personen :<\/p>\n<ul>\n<li>1 Raum mit 1 Bett 140\u00d7190 abgetrennt durch einen Vorhang und 1 Kaj\u00fcttenbett im Wohnzimmer. Es gibt Decken und Kopfkissen, aber keine Laken.<\/li>\n<li>Eine Kochnische mit einem K\u00fchlschrank, einen 2 platten Herd, ein Tisch und 4 St\u00fchle, eine Mikrowelle, ein Toaster, ein Wasserkocher, Geschirr und K\u00fcchenger\u00e4te.<\/li>\n<li>Baderaum komplett mit Italienischer Dusche, Waschbecken, Toiletten und einen Handtuchtrockner. Die H\u00fctte hat eine eigene Au\u00dfenterrasse.<\/li>\n<li>Verf\u00fcgbarer Service: Finnl\u00e4ndisches Baden + Sauna (12\u20ac\/St.\/Person zwischen Mai und September), Waschmaschine und Trockner (3,50\u20ac), BBQ (kommunal), Fernsehraum, Wlan. Handtuch und Laken Verleih (10\u20ac), Mini Markt, \u00f6rtliche Produkte, Brotlager, Postdienst, Baby-Ausstattung.<\/li>\n<li>Im Dorf (ca. 1 km entfernt) finden Sie: Gesch\u00e4fte (Restaurants, B\u00e4cker, Friseur, Metzgerei, Mini Markt), Fahrradverleih, Mountainbike- und Wandertouren, Flussfischen, Schwimmen, Wellnesszentren in Chaldette und Thermalb\u00e4der in Chaudes Aigues.<\/li>\n<\/ul>\n<\/div><div class=\"fusion-clearfix\"><\/div><\/div><\/div><\/div><\/div><\/p>","protected":false},"excerpt":{"rendered":"","protected":false},"author":1,"featured_media":0,"parent":0,"menu_order":0,"comment_status":"closed","ping_status":"closed","template":"","meta":{"footnotes":""},"class_list":["post-1454","page","type-page","status-publish","hentry"],"yoast_head":"<!-- This site is optimized with the Yoast SEO plugin v27.4 - https:\/\/yoast.com\/product\/yoast-seo-wordpress\/ -->\n<title><\/title>\n<meta name=\"description\" content=\"{:fr}{:fr}Camping au c\u0153ur de la nature en r\u00e9gion Auvergne. Gite insolite confortable pour 4 personnes. Acc\u00e8s PMR avec grande douche.{:}{:}\" \/>\n<meta name=\"robots\" content=\"index, follow, max-snippet:-1, max-image-preview:large, max-video-preview:-1\" \/>\n<link rel=\"canonical\" href=\"https:\/\/domainedelours.fr\/lodge-insolite-la-bulle-verte\/\" \/>\n<meta property=\"og:locale\" content=\"de_DE\" \/>\n<meta property=\"og:type\" content=\"article\" \/>\n<meta property=\"og:title\" content=\"[:fr]Domaine de l&#039;Ours***, g\u00eete insolite PMR en Aubrac. [:]\" \/>\n<meta property=\"og:description\" content=\"{:fr}{:fr}Camping au c\u0153ur de la nature en r\u00e9gion Auvergne. Gite insolite confortable pour 4 personnes. Acc\u00e8s PMR avec grande douche.{:}{:}\" \/>\n<meta property=\"og:url\" content=\"https:\/\/domainedelours.fr\/lodge-insolite-la-bulle-verte\/\" \/>\n<meta property=\"og:site_name\" content=\"Camping de Saint Urcize\" \/>\n<meta property=\"article:modified_time\" content=\"2024-01-30T16:53:09+00:00\" \/>\n<meta name=\"twitter:card\" content=\"summary_large_image\" \/>\n<meta name=\"twitter:label1\" content=\"Gesch\u00e4tzte Lesezeit\" \/>\n\t<meta name=\"twitter:data1\" content=\"5\u00a0Minuten\" \/>\n<script type=\"application\/ld+json\" class=\"yoast-schema-graph\">{\"@context\":\"https:\\\/\\\/schema.org\",\"@graph\":[{\"@type\":\"WebPage\",\"@id\":\"https:\\\/\\\/domainedelours.fr\\\/lodge-insolite-la-bulle-verte\\\/\",\"url\":\"https:\\\/\\\/domainedelours.fr\\\/lodge-insolite-la-bulle-verte\\\/\",\"name\":\"[:fr]Domaine de l'Ours***, g\u00eete insolite PMR en Aubrac. [:]\",\"isPartOf\":{\"@id\":\"https:\\\/\\\/domainedelours.fr\\\/#website\"},\"datePublished\":\"2018-05-17T16:08:32+00:00\",\"dateModified\":\"2024-01-30T16:53:09+00:00\",\"description\":\"{:fr}{:fr}Camping au c\u0153ur de la nature en r\u00e9gion Auvergne. Gite insolite confortable pour 4 personnes. Acc\u00e8s PMR avec grande douche.{:}{:}\",\"breadcrumb\":{\"@id\":\"https:\\\/\\\/domainedelours.fr\\\/lodge-insolite-la-bulle-verte\\\/#breadcrumb\"},\"inLanguage\":\"de\",\"potentialAction\":[{\"@type\":\"ReadAction\",\"target\":[\"https:\\\/\\\/domainedelours.fr\\\/lodge-insolite-la-bulle-verte\\\/\"]}]},{\"@type\":\"BreadcrumbList\",\"@id\":\"https:\\\/\\\/domainedelours.fr\\\/lodge-insolite-la-bulle-verte\\\/#breadcrumb\",\"itemListElement\":[{\"@type\":\"ListItem\",\"position\":1,\"name\":\"Accueil\",\"item\":\"https:\\\/\\\/domainedelours.fr\\\/\"},{\"@type\":\"ListItem\",\"position\":2,\"name\":\"Lodge insolite La bulle verte\"}]},{\"@type\":\"WebSite\",\"@id\":\"https:\\\/\\\/domainedelours.fr\\\/#website\",\"url\":\"https:\\\/\\\/domainedelours.fr\\\/\",\"name\":\"Camping de Saint Urcize\",\"description\":\"\",\"potentialAction\":[{\"@type\":\"SearchAction\",\"target\":{\"@type\":\"EntryPoint\",\"urlTemplate\":\"https:\\\/\\\/domainedelours.fr\\\/?s={search_term_string}\"},\"query-input\":{\"@type\":\"PropertyValueSpecification\",\"valueRequired\":true,\"valueName\":\"search_term_string\"}}],\"inLanguage\":\"de\"}]}<\/script>\n<!-- \/ Yoast SEO plugin. -->","yoast_head_json":{"title":"[:fr]Domaine de l'Ours***, g\u00eete insolite PMR en Aubrac. [:]","description":"{:fr}{:fr}Camping au c\u0153ur de la nature en r\u00e9gion Auvergne. Gite insolite confortable pour 4 personnes. Acc\u00e8s PMR avec grande douche.{:}{:}","robots":{"index":"index","follow":"follow","max-snippet":"max-snippet:-1","max-image-preview":"max-image-preview:large","max-video-preview":"max-video-preview:-1"},"canonical":"https:\/\/domainedelours.fr\/lodge-insolite-la-bulle-verte\/","og_locale":"de_DE","og_type":"article","og_title":"[:fr]Domaine de l'Ours***, g\u00eete insolite PMR en Aubrac. [:]","og_description":"{:fr}{:fr}Camping au c\u0153ur de la nature en r\u00e9gion Auvergne. Gite insolite confortable pour 4 personnes. Acc\u00e8s PMR avec grande douche.{:}{:}","og_url":"https:\/\/domainedelours.fr\/lodge-insolite-la-bulle-verte\/","og_site_name":"Camping de Saint Urcize","article_modified_time":"2024-01-30T16:53:09+00:00","twitter_card":"summary_large_image","twitter_misc":{"Gesch\u00e4tzte Lesezeit":"5\u00a0Minuten"},"schema":{"@context":"https:\/\/schema.org","@graph":[{"@type":"WebPage","@id":"https:\/\/domainedelours.fr\/lodge-insolite-la-bulle-verte\/","url":"https:\/\/domainedelours.fr\/lodge-insolite-la-bulle-verte\/","name":"[:fr]Domaine de l'Ours***, g\u00eete insolite PMR en Aubrac. [:]","isPartOf":{"@id":"https:\/\/domainedelours.fr\/#website"},"datePublished":"2018-05-17T16:08:32+00:00","dateModified":"2024-01-30T16:53:09+00:00","description":"{:fr}{:fr}Camping au c\u0153ur de la nature en r\u00e9gion Auvergne. Gite insolite confortable pour 4 personnes. Acc\u00e8s PMR avec grande douche.{:}{:}","breadcrumb":{"@id":"https:\/\/domainedelours.fr\/lodge-insolite-la-bulle-verte\/#breadcrumb"},"inLanguage":"de","potentialAction":[{"@type":"ReadAction","target":["https:\/\/domainedelours.fr\/lodge-insolite-la-bulle-verte\/"]}]},{"@type":"BreadcrumbList","@id":"https:\/\/domainedelours.fr\/lodge-insolite-la-bulle-verte\/#breadcrumb","itemListElement":[{"@type":"ListItem","position":1,"name":"Accueil","item":"https:\/\/domainedelours.fr\/"},{"@type":"ListItem","position":2,"name":"Lodge insolite La bulle verte"}]},{"@type":"WebSite","@id":"https:\/\/domainedelours.fr\/#website","url":"https:\/\/domainedelours.fr\/","name":"Camping de Saint Urcize","description":"","potentialAction":[{"@type":"SearchAction","target":{"@type":"EntryPoint","urlTemplate":"https:\/\/domainedelours.fr\/?s={search_term_string}"},"query-input":{"@type":"PropertyValueSpecification","valueRequired":true,"valueName":"search_term_string"}}],"inLanguage":"de"}]}},"_links":{"self":[{"href":"https:\/\/domainedelours.fr\/de\/wp-json\/wp\/v2\/pages\/1454","targetHints":{"allow":["GET"]}}],"collection":[{"href":"https:\/\/domainedelours.fr\/de\/wp-json\/wp\/v2\/pages"}],"about":[{"href":"https:\/\/domainedelours.fr\/de\/wp-json\/wp\/v2\/types\/page"}],"author":[{"embeddable":true,"href":"https:\/\/domainedelours.fr\/de\/wp-json\/wp\/v2\/users\/1"}],"replies":[{"embeddable":true,"href":"https:\/\/domainedelours.fr\/de\/wp-json\/wp\/v2\/comments?post=1454"}],"version-history":[{"count":52,"href":"https:\/\/domainedelours.fr\/de\/wp-json\/wp\/v2\/pages\/1454\/revisions"}],"predecessor-version":[{"id":2467,"href":"https:\/\/domainedelours.fr\/de\/wp-json\/wp\/v2\/pages\/1454\/revisions\/2467"}],"wp:attachment":[{"href":"https:\/\/domainedelours.fr\/de\/wp-json\/wp\/v2\/media?parent=1454"}],"curies":[{"name":"wp","href":"https:\/\/api.w.org\/{rel}","templated":true}]}}