{"id":1877,"date":"2019-02-04T13:33:07","date_gmt":"2019-02-04T12:33:07","guid":{"rendered":"https:\/\/domainedelours.fr\/?page_id=1877"},"modified":"2024-02-06T15:39:38","modified_gmt":"2024-02-06T14:39:38","slug":"evenements","status":"publish","type":"page","link":"https:\/\/domainedelours.fr\/de\/camping-nature-et-ecologique-en-aubrac\/evenements\/","title":{"rendered":"Veranstaltungen"},"content":{"rendered":"<p><div class=\"fusion-fullwidth fullwidth-box fusion-builder-row-5 nonhundred-percent-fullwidth non-hundred-percent-height-scrolling\" style=\"--awb-border-radius-top-left:0px;--awb-border-radius-top-right:0px;--awb-border-radius-bottom-right:0px;--awb-border-radius-bottom-left:0px;--awb-padding-top:40px;--awb-padding-bottom:40px;--awb-flex-wrap:wrap;\" ><div class=\"fusion-builder-row fusion-row\"><div class=\"fusion-layout-column fusion_builder_column fusion-builder-column-8 fusion_builder_column_1_2 1_2 fusion-one-half fusion-column-first\" style=\"--awb-bg-size:cover;width:50%;width:calc(50% - ( ( 4% ) * 0.5 ) );margin-right: 4%;\"><div class=\"fusion-column-wrapper fusion-flex-column-wrapper-legacy\"><div class=\"fusion-title title fusion-title-5 fusion-sep-none fusion-title-text fusion-title-size-three\"><h3 class=\"fusion-title-heading title-heading-left\" style=\"margin:0;\">Almabtrieb &#8211; Mai<\/h3><\/div><div class=\"fusion-text fusion-text-5\"><p>Jedes Jahr im Fr\u00fchling, seihen sie dabei wenn die Herden auf die Aubrac Hochebene wandern.. Diese Veranstaltung die seit 1993 im Dorf statt findet, ist ein gro\u00dfes Fest das am ersten Sonntag nach dem 25 Mai gefeiert wird in Bonnecombe (Loz\u00e8re), 20km vom Campingplatz entfernt. Die &#8222;Aubrac&#8220; K\u00fche werden mit Blumen dekoriert und w\u00e4hrend des Wochenendes gibt es Tombolas, folklorische T\u00e4nze und aligot Verkostung.<\/p>\n<\/div><div class=\"fusion-clearfix\"><\/div><\/div><\/div><div class=\"fusion-layout-column fusion_builder_column fusion-builder-column-9 fusion_builder_column_1_2 1_2 fusion-one-half fusion-column-last\" style=\"--awb-bg-size:cover;width:50%;width:calc(50% - ( ( 4% ) * 0.5 ) );\"><div class=\"fusion-column-wrapper fusion-flex-column-wrapper-legacy\"><div class=\"fusion-image-element fusion-image-align-center in-legacy-container\" style=\"text-align:center;--awb-caption-title-font-family:var(--h2_typography-font-family);--awb-caption-title-font-weight:var(--h2_typography-font-weight);--awb-caption-title-font-style:var(--h2_typography-font-style);--awb-caption-title-size:var(--h2_typography-font-size);--awb-caption-title-transform:var(--h2_typography-text-transform);--awb-caption-title-line-height:var(--h2_typography-line-height);--awb-caption-title-letter-spacing:var(--h2_typography-letter-spacing);\"><div class=\"imageframe-align-center\"><span class=\" fusion-imageframe imageframe-none imageframe-5 hover-type-none\"><img decoding=\"async\" width=\"860\" height=\"470\" title=\"transhumance\" src=\"data:image\/svg+xml,%3Csvg%20xmlns%3D%27http%3A%2F%2Fwww.w3.org%2F2000%2Fsvg%27%20width%3D%27860%27%20height%3D%27470%27%20viewBox%3D%270%200%20860%20470%27%3E%3Crect%20width%3D%27860%27%20height%3D%27470%27%20fill-opacity%3D%220%22%2F%3E%3C%2Fsvg%3E\" data-orig-src=\"https:\/\/domainedelours.fr\/wp-content\/uploads\/2016\/05\/transhumance.jpg\" alt class=\"lazyload img-responsive wp-image-509\"\/><\/span><\/div><\/div><div class=\"fusion-clearfix\"><\/div><\/div><\/div><\/div><\/div><div class=\"fusion-fullwidth fullwidth-box fusion-builder-row-6 nonhundred-percent-fullwidth non-hundred-percent-height-scrolling\" style=\"--awb-border-radius-top-left:0px;--awb-border-radius-top-right:0px;--awb-border-radius-bottom-right:0px;--awb-border-radius-bottom-left:0px;--awb-padding-top:40px;--awb-padding-bottom:40px;--awb-background-color:#d1ddc5;--awb-flex-wrap:wrap;\" ><div class=\"fusion-builder-row fusion-row\"><div class=\"fusion-layout-column fusion_builder_column fusion-builder-column-10 fusion_builder_column_1_2 1_2 fusion-one-half fusion-column-first\" style=\"--awb-bg-size:cover;width:50%;width:calc(50% - ( ( 4% ) * 0.5 ) );margin-right: 4%;\"><div class=\"fusion-column-wrapper fusion-flex-column-wrapper-legacy\"><div class=\"fusion-image-element fusion-image-align-center in-legacy-container\" style=\"text-align:center;--awb-caption-title-font-family:var(--h2_typography-font-family);--awb-caption-title-font-weight:var(--h2_typography-font-weight);--awb-caption-title-font-style:var(--h2_typography-font-style);--awb-caption-title-size:var(--h2_typography-font-size);--awb-caption-title-transform:var(--h2_typography-text-transform);--awb-caption-title-line-height:var(--h2_typography-line-height);--awb-caption-title-letter-spacing:var(--h2_typography-letter-spacing);\"><div class=\"imageframe-align-center\"><span class=\" fusion-imageframe imageframe-none imageframe-6 hover-type-none\"><img decoding=\"async\" width=\"960\" height=\"640\" title=\"rand&#8217;aubrac\" src=\"data:image\/svg+xml,%3Csvg%20xmlns%3D%27http%3A%2F%2Fwww.w3.org%2F2000%2Fsvg%27%20width%3D%27960%27%20height%3D%27640%27%20viewBox%3D%270%200%20960%20640%27%3E%3Crect%20width%3D%27960%27%20height%3D%27640%27%20fill-opacity%3D%220%22%2F%3E%3C%2Fsvg%3E\" data-orig-src=\"https:\/\/domainedelours.fr\/wp-content\/uploads\/2016\/05\/randaubrac.jpg\" alt class=\"lazyload img-responsive wp-image-510\"\/><\/span><\/div><\/div><div class=\"fusion-clearfix\"><\/div><\/div><\/div><div class=\"fusion-layout-column fusion_builder_column fusion-builder-column-11 fusion_builder_column_1_2 1_2 fusion-one-half fusion-column-last\" style=\"--awb-bg-size:cover;width:50%;width:calc(50% - ( ( 4% ) * 0.5 ) );\"><div class=\"fusion-column-wrapper fusion-flex-column-wrapper-legacy\"><div class=\"fusion-title title fusion-title-6 fusion-sep-none fusion-title-text fusion-title-size-three\"><h3 class=\"fusion-title-heading title-heading-left\" style=\"margin:0;\">Rand&#8217;Aubrac &#8211; Juni<\/h3><\/div><div class=\"fusion-text fusion-text-6\"><p>Jedes Jahr im ersten Wochenende in Juni findet der Rand\u2019Aubrac statt, eine Wanderung aus variabler distanz zwischen Chaudes-Aigues und Nasbinals. Sie k\u00f6nnen eine von 3 distanzen aussuchen: 12, 22 oder 35 km. Diese Wanderung ist normalerweise begleitet von Veranstaltungen wie: Blaskapelle, Orchester, Verkostung von lokalen Produkten\u2026 Buse werden platziert um den Zugang zur Veranstaltung zu erleichtern. Ein teil der Einnahmen werden an eine Organisation gegeben die gegen Mukoviszidose k\u00e4mpft.<\/p>\n<\/div><div class=\"fusion-clearfix\"><\/div><\/div><\/div><\/div><\/div><div class=\"fusion-fullwidth fullwidth-box fusion-builder-row-7 nonhundred-percent-fullwidth non-hundred-percent-height-scrolling\" style=\"--awb-border-radius-top-left:0px;--awb-border-radius-top-right:0px;--awb-border-radius-bottom-right:0px;--awb-border-radius-bottom-left:0px;--awb-padding-top:40px;--awb-padding-bottom:40px;--awb-flex-wrap:wrap;\" ><div class=\"fusion-builder-row fusion-row\"><div class=\"fusion-layout-column fusion_builder_column fusion-builder-column-12 fusion_builder_column_1_2 1_2 fusion-one-half fusion-column-first\" style=\"--awb-bg-size:cover;width:50%;width:calc(50% - ( ( 4% ) * 0.5 ) );margin-right: 4%;\"><div class=\"fusion-column-wrapper fusion-flex-column-wrapper-legacy\"><div class=\"fusion-title title fusion-title-7 fusion-sep-none fusion-title-text fusion-title-size-three\"><h3 class=\"fusion-title-heading title-heading-left\" style=\"margin:0;\">Trail de Nasbinals &#8211; Juni<\/h3><\/div><div class=\"fusion-text fusion-text-7\"><p>Jedes Jahr im Juni findet der ber\u00fchmte &#8222;trail de Nasbinals&#8220; statt. Mit 8 verschiedenen Rennstrecken zwischen 8 und 55 km (es gibt eine speziale Strecke f\u00fcr j\u00fcngere), der &#8222;trail de Nasbinals&#8220; ist besonders geeignet f\u00fcr alle die sportlichen die Natur und Entdeckung nicht widerstehen k\u00f6nnen. Mehr info <a href=\"http:\/\/www.courirenaubrac.com\/\" target=\"_blank\" rel=\"noopener\">hier<\/a><\/p>\n<\/div><div class=\"fusion-clearfix\"><\/div><\/div><\/div><div class=\"fusion-layout-column fusion_builder_column fusion-builder-column-13 fusion_builder_column_1_2 1_2 fusion-one-half fusion-column-last\" style=\"--awb-bg-size:cover;width:50%;width:calc(50% - ( ( 4% ) * 0.5 ) );\"><div class=\"fusion-column-wrapper fusion-flex-column-wrapper-legacy\"><div class=\"fusion-image-element fusion-image-align-center in-legacy-container\" style=\"text-align:center;--awb-caption-title-font-family:var(--h2_typography-font-family);--awb-caption-title-font-weight:var(--h2_typography-font-weight);--awb-caption-title-font-style:var(--h2_typography-font-style);--awb-caption-title-size:var(--h2_typography-font-size);--awb-caption-title-transform:var(--h2_typography-text-transform);--awb-caption-title-line-height:var(--h2_typography-line-height);--awb-caption-title-letter-spacing:var(--h2_typography-letter-spacing);\"><div class=\"imageframe-align-center\"><span class=\" fusion-imageframe imageframe-none imageframe-7 hover-type-none\"><img decoding=\"async\" width=\"640\" height=\"427\" title=\"trail aubrac\" src=\"data:image\/svg+xml,%3Csvg%20xmlns%3D%27http%3A%2F%2Fwww.w3.org%2F2000%2Fsvg%27%20width%3D%27640%27%20height%3D%27427%27%20viewBox%3D%270%200%20640%20427%27%3E%3Crect%20width%3D%27640%27%20height%3D%27427%27%20fill-opacity%3D%220%22%2F%3E%3C%2Fsvg%3E\" data-orig-src=\"https:\/\/domainedelours.fr\/wp-content\/uploads\/2016\/06\/trail-aubrac.jpg\" alt class=\"lazyload img-responsive wp-image-690\"\/><\/span><\/div><\/div><div class=\"fusion-clearfix\"><\/div><\/div><\/div><\/div><\/div><div class=\"fusion-fullwidth fullwidth-box fusion-builder-row-8 nonhundred-percent-fullwidth non-hundred-percent-height-scrolling\" style=\"--awb-border-radius-top-left:0px;--awb-border-radius-top-right:0px;--awb-border-radius-bottom-right:0px;--awb-border-radius-bottom-left:0px;--awb-padding-top:40px;--awb-padding-bottom:40px;--awb-background-color:#d1ddc5;--awb-flex-wrap:wrap;\" ><div class=\"fusion-builder-row fusion-row\"><div class=\"fusion-layout-column fusion_builder_column fusion-builder-column-14 fusion_builder_column_1_2 1_2 fusion-one-half fusion-column-first\" style=\"--awb-bg-size:cover;width:50%;width:calc(50% - ( ( 4% ) * 0.5 ) );margin-right: 4%;\"><div class=\"fusion-column-wrapper fusion-flex-column-wrapper-legacy\"><div class=\"fusion-image-element fusion-image-align-center in-legacy-container\" style=\"text-align:center;--awb-caption-title-font-family:var(--h2_typography-font-family);--awb-caption-title-font-weight:var(--h2_typography-font-weight);--awb-caption-title-font-style:var(--h2_typography-font-style);--awb-caption-title-size:var(--h2_typography-font-size);--awb-caption-title-transform:var(--h2_typography-text-transform);--awb-caption-title-line-height:var(--h2_typography-line-height);--awb-caption-title-letter-spacing:var(--h2_typography-letter-spacing);\"><div class=\"imageframe-align-center\"><span class=\" fusion-imageframe imageframe-none imageframe-8 hover-type-none\"><img decoding=\"async\" width=\"1000\" height=\"1426\" title=\"cantal ink\" src=\"data:image\/svg+xml,%3Csvg%20xmlns%3D%27http%3A%2F%2Fwww.w3.org%2F2000%2Fsvg%27%20width%3D%271000%27%20height%3D%271426%27%20viewBox%3D%270%200%201000%201426%27%3E%3Crect%20width%3D%271000%27%20height%3D%271426%27%20fill-opacity%3D%220%22%2F%3E%3C%2Fsvg%3E\" data-orig-src=\"https:\/\/domainedelours.fr\/wp-content\/uploads\/2016\/05\/cantal-ink.jpg\" alt class=\"lazyload img-responsive wp-image-508\"\/><\/span><\/div><\/div><div class=\"fusion-clearfix\"><\/div><\/div><\/div><div class=\"fusion-layout-column fusion_builder_column fusion-builder-column-15 fusion_builder_column_1_2 1_2 fusion-one-half fusion-column-last\" style=\"--awb-bg-size:cover;width:50%;width:calc(50% - ( ( 4% ) * 0.5 ) );\"><div class=\"fusion-column-wrapper fusion-flex-column-wrapper-legacy\"><div class=\"fusion-title title fusion-title-8 fusion-sep-none fusion-title-text fusion-title-size-three\"><h3 class=\"fusion-title-heading title-heading-left\" style=\"margin:0;\">Cantal&#8217;INK &#8211; July<\/h3><\/div><div class=\"fusion-text fusion-text-8\"><p>Kommen sie am ersten Wochenende in July zu dem j\u00e4hrlichen Tatoofestival von Chaudes-Aigues, Cantal&#8217;Ink! An diesem renommierten festival kommen welche der gr\u00f6\u00dften Tatoowierer aus ganz Frankreich nach Chaudes-Aigues. Andere Aktivit\u00e4ten werden nebenbei organisiert: Spektakel, Konzerte, Expositionen und ein Kinderspielplatz. Profis oder Neugierige, alleine oder in Begleitung, dieses festival ist f\u00fcr alle.<\/p>\n<\/div><div class=\"fusion-clearfix\"><\/div><\/div><\/div><\/div><\/div><div class=\"fusion-fullwidth fullwidth-box fusion-builder-row-9 nonhundred-percent-fullwidth non-hundred-percent-height-scrolling\" style=\"--awb-border-radius-top-left:0px;--awb-border-radius-top-right:0px;--awb-border-radius-bottom-right:0px;--awb-border-radius-bottom-left:0px;--awb-padding-top:40px;--awb-padding-bottom:40px;--awb-flex-wrap:wrap;\" ><div class=\"fusion-builder-row fusion-row\"><div class=\"fusion-layout-column fusion_builder_column fusion-builder-column-16 fusion_builder_column_1_2 1_2 fusion-one-half fusion-column-first\" style=\"--awb-bg-size:cover;width:50%;width:calc(50% - ( ( 4% ) * 0.5 ) );margin-right: 4%;\"><div class=\"fusion-column-wrapper fusion-flex-column-wrapper-legacy\"><div class=\"fusion-title title fusion-title-9 fusion-sep-none fusion-title-text fusion-title-size-three\"><h3 class=\"fusion-title-heading title-heading-left\" style=\"margin:0;\">Keltisches Fest &#8211; August<\/h3><\/div><div class=\"fusion-text fusion-text-9\"><p>Mitten im August organisiert St-Urcize ein Dorffest und einen keltischen Abend. Expositionen, Kunst, Wanderung, Orientierungskurse, Musik und aligot Verkostung sind dann im program!<\/p>\n<\/div><div class=\"fusion-clearfix\"><\/div><\/div><\/div><div class=\"fusion-layout-column fusion_builder_column fusion-builder-column-17 fusion_builder_column_1_2 1_2 fusion-one-half fusion-column-last\" style=\"--awb-bg-size:cover;width:50%;width:calc(50% - ( ( 4% ) * 0.5 ) );\"><div class=\"fusion-column-wrapper fusion-flex-column-wrapper-legacy\"><div class=\"fusion-image-element fusion-image-align-center in-legacy-container\" style=\"text-align:center;--awb-caption-title-font-family:var(--h2_typography-font-family);--awb-caption-title-font-weight:var(--h2_typography-font-weight);--awb-caption-title-font-style:var(--h2_typography-font-style);--awb-caption-title-size:var(--h2_typography-font-size);--awb-caption-title-transform:var(--h2_typography-text-transform);--awb-caption-title-line-height:var(--h2_typography-line-height);--awb-caption-title-letter-spacing:var(--h2_typography-letter-spacing);\"><div class=\"imageframe-align-center\"><span class=\" fusion-imageframe imageframe-none imageframe-9 hover-type-none\"><img decoding=\"async\" width=\"2592\" height=\"1944\" title=\"fete_paysanne\" src=\"data:image\/svg+xml,%3Csvg%20xmlns%3D%27http%3A%2F%2Fwww.w3.org%2F2000%2Fsvg%27%20width%3D%272592%27%20height%3D%271944%27%20viewBox%3D%270%200%202592%201944%27%3E%3Crect%20width%3D%272592%27%20height%3D%271944%27%20fill-opacity%3D%220%22%2F%3E%3C%2Fsvg%3E\" data-orig-src=\"https:\/\/domainedelours.fr\/wp-content\/uploads\/2016\/05\/fete_paysanne-.jpg\" alt class=\"lazyload img-responsive wp-image-517\"\/><\/span><\/div><\/div><div class=\"fusion-clearfix\"><\/div><\/div><\/div><\/div><\/div><\/p>","protected":false},"excerpt":{"rendered":"","protected":false},"author":1,"featured_media":0,"parent":391,"menu_order":0,"comment_status":"closed","ping_status":"closed","template":"100-width.php","meta":{"footnotes":""},"class_list":["post-1877","page","type-page","status-publish","hentry"],"yoast_head":"<!-- This site is optimized with the Yoast SEO plugin v27.3 - https:\/\/yoast.com\/product\/yoast-seo-wordpress\/ -->\n<title>Veranstaltungen - Camping de Saint Urcize<\/title>\n<meta name=\"robots\" content=\"index, follow, max-snippet:-1, max-image-preview:large, max-video-preview:-1\" \/>\n<link rel=\"canonical\" href=\"https:\/\/domainedelours.fr\/camping-nature-et-ecologique-en-aubrac\/evenements\/\" \/>\n<meta property=\"og:locale\" content=\"de_DE\" \/>\n<meta property=\"og:type\" content=\"article\" \/>\n<meta property=\"og:title\" content=\"[:fr]Ev\u00e8nements en Aubrac[:de]Veranstaltungen[:en]Events[:es]Eventos[:] - Camping de Saint Urcize\" \/>\n<meta property=\"og:url\" content=\"https:\/\/domainedelours.fr\/camping-nature-et-ecologique-en-aubrac\/evenements\/\" \/>\n<meta property=\"og:site_name\" content=\"Camping de Saint Urcize\" \/>\n<meta property=\"article:modified_time\" content=\"2024-02-06T14:39:38+00:00\" \/>\n<meta name=\"twitter:card\" content=\"summary_large_image\" \/>\n<meta name=\"twitter:label1\" content=\"Gesch\u00e4tzte Lesezeit\" \/>\n\t<meta name=\"twitter:data1\" content=\"3\u00a0Minuten\" \/>\n<script type=\"application\/ld+json\" class=\"yoast-schema-graph\">{\"@context\":\"https:\\\/\\\/schema.org\",\"@graph\":[{\"@type\":\"WebPage\",\"@id\":\"https:\\\/\\\/domainedelours.fr\\\/camping-nature-et-ecologique-en-aubrac\\\/evenements\\\/\",\"url\":\"https:\\\/\\\/domainedelours.fr\\\/camping-nature-et-ecologique-en-aubrac\\\/evenements\\\/\",\"name\":\"[:fr]Ev\u00e8nements en Aubrac[:de]Veranstaltungen[:en]Events[:es]Eventos[:] - Camping de Saint Urcize\",\"isPartOf\":{\"@id\":\"https:\\\/\\\/domainedelours.fr\\\/#website\"},\"datePublished\":\"2019-02-04T12:33:07+00:00\",\"dateModified\":\"2024-02-06T14:39:38+00:00\",\"breadcrumb\":{\"@id\":\"https:\\\/\\\/domainedelours.fr\\\/camping-nature-et-ecologique-en-aubrac\\\/evenements\\\/#breadcrumb\"},\"inLanguage\":\"de\",\"potentialAction\":[{\"@type\":\"ReadAction\",\"target\":[\"https:\\\/\\\/domainedelours.fr\\\/camping-nature-et-ecologique-en-aubrac\\\/evenements\\\/\"]}]},{\"@type\":\"BreadcrumbList\",\"@id\":\"https:\\\/\\\/domainedelours.fr\\\/camping-nature-et-ecologique-en-aubrac\\\/evenements\\\/#breadcrumb\",\"itemListElement\":[{\"@type\":\"ListItem\",\"position\":1,\"name\":\"Accueil\",\"item\":\"https:\\\/\\\/domainedelours.fr\\\/\"},{\"@type\":\"ListItem\",\"position\":2,\"name\":\"Aubrac\",\"item\":\"https:\\\/\\\/domainedelours.fr\\\/camping-nature-et-ecologique-en-aubrac\\\/\"},{\"@type\":\"ListItem\",\"position\":3,\"name\":\"Ev\u00e8nements en Aubrac\"}]},{\"@type\":\"WebSite\",\"@id\":\"https:\\\/\\\/domainedelours.fr\\\/#website\",\"url\":\"https:\\\/\\\/domainedelours.fr\\\/\",\"name\":\"Camping de Saint Urcize\",\"description\":\"\",\"potentialAction\":[{\"@type\":\"SearchAction\",\"target\":{\"@type\":\"EntryPoint\",\"urlTemplate\":\"https:\\\/\\\/domainedelours.fr\\\/?s={search_term_string}\"},\"query-input\":{\"@type\":\"PropertyValueSpecification\",\"valueRequired\":true,\"valueName\":\"search_term_string\"}}],\"inLanguage\":\"de\"}]}<\/script>\n<!-- \/ Yoast SEO plugin. -->","yoast_head_json":{"title":"[:fr]Ev\u00e8nements en Aubrac[:de]Veranstaltungen[:en]Events[:es]Eventos[:] - Camping de Saint Urcize","robots":{"index":"index","follow":"follow","max-snippet":"max-snippet:-1","max-image-preview":"max-image-preview:large","max-video-preview":"max-video-preview:-1"},"canonical":"https:\/\/domainedelours.fr\/camping-nature-et-ecologique-en-aubrac\/evenements\/","og_locale":"de_DE","og_type":"article","og_title":"[:fr]Ev\u00e8nements en Aubrac[:de]Veranstaltungen[:en]Events[:es]Eventos[:] - Camping de Saint Urcize","og_url":"https:\/\/domainedelours.fr\/camping-nature-et-ecologique-en-aubrac\/evenements\/","og_site_name":"Camping de Saint Urcize","article_modified_time":"2024-02-06T14:39:38+00:00","twitter_card":"summary_large_image","twitter_misc":{"Gesch\u00e4tzte Lesezeit":"3\u00a0Minuten"},"schema":{"@context":"https:\/\/schema.org","@graph":[{"@type":"WebPage","@id":"https:\/\/domainedelours.fr\/camping-nature-et-ecologique-en-aubrac\/evenements\/","url":"https:\/\/domainedelours.fr\/camping-nature-et-ecologique-en-aubrac\/evenements\/","name":"[:fr]Ev\u00e8nements en Aubrac[:de]Veranstaltungen[:en]Events[:es]Eventos[:] - Camping de Saint Urcize","isPartOf":{"@id":"https:\/\/domainedelours.fr\/#website"},"datePublished":"2019-02-04T12:33:07+00:00","dateModified":"2024-02-06T14:39:38+00:00","breadcrumb":{"@id":"https:\/\/domainedelours.fr\/camping-nature-et-ecologique-en-aubrac\/evenements\/#breadcrumb"},"inLanguage":"de","potentialAction":[{"@type":"ReadAction","target":["https:\/\/domainedelours.fr\/camping-nature-et-ecologique-en-aubrac\/evenements\/"]}]},{"@type":"BreadcrumbList","@id":"https:\/\/domainedelours.fr\/camping-nature-et-ecologique-en-aubrac\/evenements\/#breadcrumb","itemListElement":[{"@type":"ListItem","position":1,"name":"Accueil","item":"https:\/\/domainedelours.fr\/"},{"@type":"ListItem","position":2,"name":"Aubrac","item":"https:\/\/domainedelours.fr\/camping-nature-et-ecologique-en-aubrac\/"},{"@type":"ListItem","position":3,"name":"Ev\u00e8nements en Aubrac"}]},{"@type":"WebSite","@id":"https:\/\/domainedelours.fr\/#website","url":"https:\/\/domainedelours.fr\/","name":"Camping de Saint Urcize","description":"","potentialAction":[{"@type":"SearchAction","target":{"@type":"EntryPoint","urlTemplate":"https:\/\/domainedelours.fr\/?s={search_term_string}"},"query-input":{"@type":"PropertyValueSpecification","valueRequired":true,"valueName":"search_term_string"}}],"inLanguage":"de"}]}},"_links":{"self":[{"href":"https:\/\/domainedelours.fr\/de\/wp-json\/wp\/v2\/pages\/1877","targetHints":{"allow":["GET"]}}],"collection":[{"href":"https:\/\/domainedelours.fr\/de\/wp-json\/wp\/v2\/pages"}],"about":[{"href":"https:\/\/domainedelours.fr\/de\/wp-json\/wp\/v2\/types\/page"}],"author":[{"embeddable":true,"href":"https:\/\/domainedelours.fr\/de\/wp-json\/wp\/v2\/users\/1"}],"replies":[{"embeddable":true,"href":"https:\/\/domainedelours.fr\/de\/wp-json\/wp\/v2\/comments?post=1877"}],"version-history":[{"count":14,"href":"https:\/\/domainedelours.fr\/de\/wp-json\/wp\/v2\/pages\/1877\/revisions"}],"predecessor-version":[{"id":2619,"href":"https:\/\/domainedelours.fr\/de\/wp-json\/wp\/v2\/pages\/1877\/revisions\/2619"}],"up":[{"embeddable":true,"href":"https:\/\/domainedelours.fr\/de\/wp-json\/wp\/v2\/pages\/391"}],"wp:attachment":[{"href":"https:\/\/domainedelours.fr\/de\/wp-json\/wp\/v2\/media?parent=1877"}],"curies":[{"name":"wp","href":"https:\/\/api.w.org\/{rel}","templated":true}]}}