{"id":2370,"date":"2023-05-09T09:28:00","date_gmt":"2023-05-09T08:28:00","guid":{"rendered":"https:\/\/domainedelours.fr\/?page_id=2370"},"modified":"2024-01-30T17:37:22","modified_gmt":"2024-01-30T16:37:22","slug":"le-colombier","status":"publish","type":"page","link":"https:\/\/domainedelours.fr\/de\/le-colombier\/","title":{"rendered":"(Fran\u00e7ais) Le Colombier"},"content":{"rendered":"<p class=\"qtranxs-available-languages-message qtranxs-available-languages-message-de\">Leider ist der Eintrag nur auf <a href=\"https:\/\/domainedelours.fr\/fr\/wp-json\/wp\/v2\/pages\/2370\" class=\"qtranxs-available-language-link qtranxs-available-language-link-fr\" title=\"Fran\u00e7ais\">Fran\u00e7ais<\/a> verf\u00fcgbar. Der Inhalt wird unten in einer verf\u00fcgbaren Sprache angezeigt. Klicken Sie auf den Link, um die aktuelle Sprache zu \u00e4ndern.<\/p><p><div class=\"fusion-fullwidth fullwidth-box fusion-builder-row-1 nonhundred-percent-fullwidth non-hundred-percent-height-scrolling\" style=\"--awb-border-radius-top-left:0px;--awb-border-radius-top-right:0px;--awb-border-radius-bottom-right:0px;--awb-border-radius-bottom-left:0px;--awb-flex-wrap:wrap;\" ><div class=\"fusion-builder-row fusion-row\"><div class=\"fusion-layout-column fusion_builder_column fusion-builder-column-0 fusion_builder_column_1_2 1_2 fusion-one-half fusion-column-first\" style=\"--awb-bg-size:cover;width:50%;width:calc(50% - ( ( 4% ) * 0.5 ) );margin-right: 4%;\"><div class=\"fusion-column-wrapper fusion-flex-column-wrapper-legacy\"><div class=\"fusion-image-element in-legacy-container\" style=\"--awb-caption-title-font-family:var(--h2_typography-font-family);--awb-caption-title-font-weight:var(--h2_typography-font-weight);--awb-caption-title-font-style:var(--h2_typography-font-style);--awb-caption-title-size:var(--h2_typography-font-size);--awb-caption-title-transform:var(--h2_typography-text-transform);--awb-caption-title-line-height:var(--h2_typography-line-height);--awb-caption-title-letter-spacing:var(--h2_typography-letter-spacing);\"><span class=\" fusion-imageframe imageframe-none imageframe-1 hover-type-none\"><img decoding=\"async\" width=\"1000\" height=\"1000\" alt=\"Soleil \u00e0 travers les branches des arbres du camping nature en Aubrac\" title=\"Le colombier, la tente en toile et bois au camping nature en aubracdu camping nature en Aubrac\" src=\"https:\/\/domainedelours.fr\/wp-content\/uploads\/2023\/05\/le_colombier_en_soleil.jpg\" data-orig-src=\"https:\/\/domainedelours.fr\/wp-content\/uploads\/2023\/05\/le_colombier_en_soleil.jpg\" class=\"lazyload img-responsive wp-image-2393\" srcset=\"data:image\/svg+xml,%3Csvg%20xmlns%3D%27http%3A%2F%2Fwww.w3.org%2F2000%2Fsvg%27%20width%3D%271000%27%20height%3D%271000%27%20viewBox%3D%270%200%201000%201000%27%3E%3Crect%20width%3D%271000%27%20height%3D%271000%27%20fill-opacity%3D%220%22%2F%3E%3C%2Fsvg%3E\" data-srcset=\"https:\/\/domainedelours.fr\/wp-content\/uploads\/2023\/05\/le_colombier_en_soleil-200x200.jpg 200w, https:\/\/domainedelours.fr\/wp-content\/uploads\/2023\/05\/le_colombier_en_soleil-400x400.jpg 400w, https:\/\/domainedelours.fr\/wp-content\/uploads\/2023\/05\/le_colombier_en_soleil-600x600.jpg 600w, https:\/\/domainedelours.fr\/wp-content\/uploads\/2023\/05\/le_colombier_en_soleil-800x800.jpg 800w, https:\/\/domainedelours.fr\/wp-content\/uploads\/2023\/05\/le_colombier_en_soleil.jpg 1000w\" data-sizes=\"auto\" data-orig-sizes=\"(max-width: 800px) 100vw, 600px\" \/><\/span><\/div><div class=\"fusion-clearfix\"><\/div><\/div><\/div><div class=\"fusion-layout-column fusion_builder_column fusion-builder-column-1 fusion_builder_column_1_2 1_2 fusion-one-half fusion-column-last\" style=\"--awb-bg-size:cover;width:50%;width:calc(50% - ( ( 4% ) * 0.5 ) );\"><div class=\"fusion-column-wrapper fusion-flex-column-wrapper-legacy\"><div class=\"fusion-image-carousel fusion-image-carousel-auto fusion-image-carousel-1\"><div class=\"awb-carousel awb-swiper awb-swiper-carousel\" data-autoplay=\"yes\" data-columns=\"1\" data-itemmargin=\"13\" data-itemwidth=\"180\" data-touchscroll=\"no\" data-imagesize=\"auto\" style=\"--awb-columns:1;\"><div class=\"swiper-wrapper awb-image-carousel-wrapper fusion-flex-align-items-center\"><div class=\"swiper-slide\"><div class=\"fusion-carousel-item-wrapper\"><div class=\"fusion-image-wrapper hover-type-none\"><img decoding=\"async\" width=\"1000\" height=\"1000\" src=\"https:\/\/domainedelours.fr\/wp-content\/uploads\/2023\/05\/colombier.jpg\" class=\"attachment-full size-full lazyload\" alt=\"le colombier au camping nature en Aubrac\" srcset=\"data:image\/svg+xml,%3Csvg%20xmlns%3D%27http%3A%2F%2Fwww.w3.org%2F2000%2Fsvg%27%20width%3D%271000%27%20height%3D%271000%27%20viewBox%3D%270%200%201000%201000%27%3E%3Crect%20width%3D%271000%27%20height%3D%271000%27%20fill-opacity%3D%220%22%2F%3E%3C%2Fsvg%3E\" data-orig-src=\"https:\/\/domainedelours.fr\/wp-content\/uploads\/2023\/05\/colombier.jpg\" data-srcset=\"https:\/\/domainedelours.fr\/wp-content\/uploads\/2023\/05\/colombier-50x50.jpg 50w, https:\/\/domainedelours.fr\/wp-content\/uploads\/2023\/05\/colombier-66x66.jpg 66w, https:\/\/domainedelours.fr\/wp-content\/uploads\/2023\/05\/colombier-100x100.jpg 100w, https:\/\/domainedelours.fr\/wp-content\/uploads\/2023\/05\/colombier-150x150.jpg 150w, https:\/\/domainedelours.fr\/wp-content\/uploads\/2023\/05\/colombier-200x200.jpg 200w, https:\/\/domainedelours.fr\/wp-content\/uploads\/2023\/05\/colombier-300x300.jpg 300w, https:\/\/domainedelours.fr\/wp-content\/uploads\/2023\/05\/colombier-400x400.jpg 400w, https:\/\/domainedelours.fr\/wp-content\/uploads\/2023\/05\/colombier-500x500.jpg 500w, https:\/\/domainedelours.fr\/wp-content\/uploads\/2023\/05\/colombier-600x600.jpg 600w, https:\/\/domainedelours.fr\/wp-content\/uploads\/2023\/05\/colombier-700x700.jpg 700w, https:\/\/domainedelours.fr\/wp-content\/uploads\/2023\/05\/colombier-768x768.jpg 768w, https:\/\/domainedelours.fr\/wp-content\/uploads\/2023\/05\/colombier-800x800.jpg 800w, https:\/\/domainedelours.fr\/wp-content\/uploads\/2023\/05\/colombier.jpg 1000w\" data-sizes=\"auto\" \/><\/div><\/div><\/div><div class=\"swiper-slide\"><div class=\"fusion-carousel-item-wrapper\"><div class=\"fusion-image-wrapper hover-type-none\"><img decoding=\"async\" width=\"1000\" height=\"1000\" src=\"https:\/\/domainedelours.fr\/wp-content\/uploads\/2023\/05\/le_colombier_en_soleil.jpg\" class=\"attachment-full size-full lazyload\" alt=\"Soleil \u00e0 travers les branches des arbres du camping nature en Aubrac\" srcset=\"data:image\/svg+xml,%3Csvg%20xmlns%3D%27http%3A%2F%2Fwww.w3.org%2F2000%2Fsvg%27%20width%3D%271000%27%20height%3D%271000%27%20viewBox%3D%270%200%201000%201000%27%3E%3Crect%20width%3D%271000%27%20height%3D%271000%27%20fill-opacity%3D%220%22%2F%3E%3C%2Fsvg%3E\" data-orig-src=\"https:\/\/domainedelours.fr\/wp-content\/uploads\/2023\/05\/le_colombier_en_soleil.jpg\" data-srcset=\"https:\/\/domainedelours.fr\/wp-content\/uploads\/2023\/05\/le_colombier_en_soleil-50x50.jpg 50w, https:\/\/domainedelours.fr\/wp-content\/uploads\/2023\/05\/le_colombier_en_soleil-66x66.jpg 66w, https:\/\/domainedelours.fr\/wp-content\/uploads\/2023\/05\/le_colombier_en_soleil-100x100.jpg 100w, https:\/\/domainedelours.fr\/wp-content\/uploads\/2023\/05\/le_colombier_en_soleil-150x150.jpg 150w, https:\/\/domainedelours.fr\/wp-content\/uploads\/2023\/05\/le_colombier_en_soleil-200x200.jpg 200w, https:\/\/domainedelours.fr\/wp-content\/uploads\/2023\/05\/le_colombier_en_soleil-300x300.jpg 300w, https:\/\/domainedelours.fr\/wp-content\/uploads\/2023\/05\/le_colombier_en_soleil-400x400.jpg 400w, https:\/\/domainedelours.fr\/wp-content\/uploads\/2023\/05\/le_colombier_en_soleil-500x500.jpg 500w, https:\/\/domainedelours.fr\/wp-content\/uploads\/2023\/05\/le_colombier_en_soleil-600x600.jpg 600w, https:\/\/domainedelours.fr\/wp-content\/uploads\/2023\/05\/le_colombier_en_soleil-700x700.jpg 700w, https:\/\/domainedelours.fr\/wp-content\/uploads\/2023\/05\/le_colombier_en_soleil-768x768.jpg 768w, https:\/\/domainedelours.fr\/wp-content\/uploads\/2023\/05\/le_colombier_en_soleil-800x800.jpg 800w, https:\/\/domainedelours.fr\/wp-content\/uploads\/2023\/05\/le_colombier_en_soleil.jpg 1000w\" data-sizes=\"auto\" \/><\/div><\/div><\/div><div class=\"swiper-slide\"><div class=\"fusion-carousel-item-wrapper\"><div class=\"fusion-image-wrapper hover-type-none\"><img decoding=\"async\" width=\"2560\" height=\"1920\" src=\"https:\/\/domainedelours.fr\/wp-content\/uploads\/2023\/05\/06-scaled.jpg\" class=\"attachment-full size-full lazyload\" alt=\"belle vue d\u00e9gag\u00e9e depuis le colombien en Aubrac\" srcset=\"data:image\/svg+xml,%3Csvg%20xmlns%3D%27http%3A%2F%2Fwww.w3.org%2F2000%2Fsvg%27%20width%3D%272560%27%20height%3D%271920%27%20viewBox%3D%270%200%202560%201920%27%3E%3Crect%20width%3D%272560%27%20height%3D%271920%27%20fill-opacity%3D%220%22%2F%3E%3C%2Fsvg%3E\" data-orig-src=\"https:\/\/domainedelours.fr\/wp-content\/uploads\/2023\/05\/06-scaled.jpg\" data-srcset=\"https:\/\/domainedelours.fr\/wp-content\/uploads\/2023\/05\/06-200x150.jpg 200w, https:\/\/domainedelours.fr\/wp-content\/uploads\/2023\/05\/06-300x225.jpg 300w, https:\/\/domainedelours.fr\/wp-content\/uploads\/2023\/05\/06-400x300.jpg 400w, https:\/\/domainedelours.fr\/wp-content\/uploads\/2023\/05\/06-500x375.jpg 500w, https:\/\/domainedelours.fr\/wp-content\/uploads\/2023\/05\/06-600x450.jpg 600w, https:\/\/domainedelours.fr\/wp-content\/uploads\/2023\/05\/06-700x525.jpg 700w, https:\/\/domainedelours.fr\/wp-content\/uploads\/2023\/05\/06-768x576.jpg 768w, https:\/\/domainedelours.fr\/wp-content\/uploads\/2023\/05\/06-800x600.jpg 800w, https:\/\/domainedelours.fr\/wp-content\/uploads\/2023\/05\/06-1024x768.jpg 1024w, https:\/\/domainedelours.fr\/wp-content\/uploads\/2023\/05\/06-1200x900.jpg 1200w, https:\/\/domainedelours.fr\/wp-content\/uploads\/2023\/05\/06-1536x1152.jpg 1536w, https:\/\/domainedelours.fr\/wp-content\/uploads\/2023\/05\/06-scaled.jpg 2560w\" data-sizes=\"auto\" \/><\/div><\/div><\/div><div class=\"swiper-slide\"><div class=\"fusion-carousel-item-wrapper\"><div class=\"fusion-image-wrapper hover-type-none\"><img decoding=\"async\" width=\"2560\" height=\"1920\" src=\"https:\/\/domainedelours.fr\/wp-content\/uploads\/2023\/05\/05-scaled.jpg\" class=\"attachment-full size-full lazyload\" alt=\"la campagne et les petites for\u00eats proche du camping nature de l&#039;Aubrac. Non loin coule une rivi\u00e8re\" srcset=\"data:image\/svg+xml,%3Csvg%20xmlns%3D%27http%3A%2F%2Fwww.w3.org%2F2000%2Fsvg%27%20width%3D%272560%27%20height%3D%271920%27%20viewBox%3D%270%200%202560%201920%27%3E%3Crect%20width%3D%272560%27%20height%3D%271920%27%20fill-opacity%3D%220%22%2F%3E%3C%2Fsvg%3E\" data-orig-src=\"https:\/\/domainedelours.fr\/wp-content\/uploads\/2023\/05\/05-scaled.jpg\" data-srcset=\"https:\/\/domainedelours.fr\/wp-content\/uploads\/2023\/05\/05-200x150.jpg 200w, https:\/\/domainedelours.fr\/wp-content\/uploads\/2023\/05\/05-300x225.jpg 300w, https:\/\/domainedelours.fr\/wp-content\/uploads\/2023\/05\/05-400x300.jpg 400w, https:\/\/domainedelours.fr\/wp-content\/uploads\/2023\/05\/05-500x375.jpg 500w, https:\/\/domainedelours.fr\/wp-content\/uploads\/2023\/05\/05-600x450.jpg 600w, https:\/\/domainedelours.fr\/wp-content\/uploads\/2023\/05\/05-700x525.jpg 700w, https:\/\/domainedelours.fr\/wp-content\/uploads\/2023\/05\/05-768x576.jpg 768w, https:\/\/domainedelours.fr\/wp-content\/uploads\/2023\/05\/05-800x600.jpg 800w, https:\/\/domainedelours.fr\/wp-content\/uploads\/2023\/05\/05-1024x768.jpg 1024w, https:\/\/domainedelours.fr\/wp-content\/uploads\/2023\/05\/05-1200x900.jpg 1200w, https:\/\/domainedelours.fr\/wp-content\/uploads\/2023\/05\/05-1536x1152.jpg 1536w, https:\/\/domainedelours.fr\/wp-content\/uploads\/2023\/05\/05-scaled.jpg 2560w\" data-sizes=\"auto\" \/><\/div><\/div><\/div><div class=\"swiper-slide\"><div class=\"fusion-carousel-item-wrapper\"><div class=\"fusion-image-wrapper hover-type-none\"><img decoding=\"async\" width=\"2560\" height=\"1920\" src=\"https:\/\/domainedelours.fr\/wp-content\/uploads\/2023\/05\/02-scaled.jpg\" class=\"attachment-full size-full lazyload\" alt=\"chambre en bas du colombier en haut se trouve la cuisine.\" srcset=\"data:image\/svg+xml,%3Csvg%20xmlns%3D%27http%3A%2F%2Fwww.w3.org%2F2000%2Fsvg%27%20width%3D%272560%27%20height%3D%271920%27%20viewBox%3D%270%200%202560%201920%27%3E%3Crect%20width%3D%272560%27%20height%3D%271920%27%20fill-opacity%3D%220%22%2F%3E%3C%2Fsvg%3E\" data-orig-src=\"https:\/\/domainedelours.fr\/wp-content\/uploads\/2023\/05\/02-scaled.jpg\" data-srcset=\"https:\/\/domainedelours.fr\/wp-content\/uploads\/2023\/05\/02-200x150.jpg 200w, https:\/\/domainedelours.fr\/wp-content\/uploads\/2023\/05\/02-300x225.jpg 300w, https:\/\/domainedelours.fr\/wp-content\/uploads\/2023\/05\/02-400x300.jpg 400w, https:\/\/domainedelours.fr\/wp-content\/uploads\/2023\/05\/02-500x375.jpg 500w, https:\/\/domainedelours.fr\/wp-content\/uploads\/2023\/05\/02-600x450.jpg 600w, https:\/\/domainedelours.fr\/wp-content\/uploads\/2023\/05\/02-700x525.jpg 700w, https:\/\/domainedelours.fr\/wp-content\/uploads\/2023\/05\/02-768x576.jpg 768w, https:\/\/domainedelours.fr\/wp-content\/uploads\/2023\/05\/02-800x600.jpg 800w, https:\/\/domainedelours.fr\/wp-content\/uploads\/2023\/05\/02-1024x768.jpg 1024w, https:\/\/domainedelours.fr\/wp-content\/uploads\/2023\/05\/02-1200x900.jpg 1200w, https:\/\/domainedelours.fr\/wp-content\/uploads\/2023\/05\/02-1536x1152.jpg 1536w, https:\/\/domainedelours.fr\/wp-content\/uploads\/2023\/05\/02-scaled.jpg 2560w\" data-sizes=\"auto\" \/><\/div><\/div><\/div><\/div><div class=\"awb-swiper-button awb-swiper-button-prev\"><i class=\"awb-icon-angle-left\" aria-hidden=\"true\"><\/i><\/div><div class=\"awb-swiper-button awb-swiper-button-next\"><i class=\"awb-icon-angle-right\" aria-hidden=\"true\"><\/i><\/div><\/div><\/div><div class=\"fusion-clearfix\"><\/div><\/div><\/div><\/div><\/div><div class=\"fusion-fullwidth fullwidth-box fusion-builder-row-2 nonhundred-percent-fullwidth non-hundred-percent-height-scrolling\" style=\"--awb-border-radius-top-left:0px;--awb-border-radius-top-right:0px;--awb-border-radius-bottom-right:0px;--awb-border-radius-bottom-left:0px;--awb-flex-wrap:wrap;\" ><div class=\"fusion-builder-row fusion-row\"><div class=\"fusion-layout-column fusion_builder_column fusion-builder-column-2 fusion_builder_column_1_2 1_2 fusion-one-half fusion-column-first\" style=\"--awb-bg-size:cover;width:50%;width:calc(50% - ( ( 4% ) * 0.5 ) );margin-right: 4%;\"><div class=\"fusion-column-wrapper fusion-flex-column-wrapper-legacy\"><div class=\"fusion-text fusion-text-1\" style=\"--awb-text-transform:none;\"><h2>Le Colombier \u00ab pr\u00eat \u00e0 camper \u00bb<\/h2>\n<div class=\"littleGreenBar\"><\/div>\n<ul>\n<li>Surface totale couverte : 11 m\u00b2<\/li>\n<li>1\u00a0chambre 2 couchages RDC\u00a0+ 1\u00a0cuisine\u00a0panoramique<\/li>\n<li>\u00c9lectricit\u00e9<\/li>\n<li>Commodit\u00e9s au bloc sanitaire \u00e0 proximit\u00e9<\/li>\n<li>Cuisine avec r\u00e9frig\u00e9rateur et jerricanes<\/li>\n<li>Espace bien-\u00eatre en option<\/li>\n<\/ul>\n<\/div><div class=\"fusion-clearfix\"><\/div><\/div><\/div><div class=\"fusion-layout-column fusion_builder_column fusion-builder-column-3 fusion_builder_column_1_2 1_2 fusion-one-half fusion-column-last\" style=\"--awb-bg-size:cover;width:50%;width:calc(50% - ( ( 4% ) * 0.5 ) );\"><div class=\"fusion-column-wrapper fusion-flex-column-wrapper-legacy\"><div class=\"fusion-text fusion-text-2\" style=\"--awb-text-transform:none;\"><h2>Planning d&#8217;ouverture<\/h2>\n<div class=\"littleGreenBar\"><\/div>\n<ul>\n<li>Le Colombier du Domaine de l\u2019Ours***, camping de Saint-Urcize en Aubrac est ouvert de fin Avril \u00e0 d\u00e9but Octobre. Les dates pr\u00e9cises d&#8217;ouverture sont indiqu\u00e9es dans la rubrique r\u00e9servation.<\/li>\n<\/ul>\n<\/div><div class=\"fusion-clearfix\"><\/div><\/div><\/div><\/div><\/div><div class=\"fusion-fullwidth fullwidth-box fusion-builder-row-3 nonhundred-percent-fullwidth non-hundred-percent-height-scrolling\" style=\"--awb-border-radius-top-left:0px;--awb-border-radius-top-right:0px;--awb-border-radius-bottom-right:0px;--awb-border-radius-bottom-left:0px;--awb-flex-wrap:wrap;\" ><div class=\"fusion-builder-row fusion-row\"><div class=\"fusion-layout-column fusion_builder_column fusion-builder-column-4 fusion_builder_column_1_1 1_1 fusion-one-full fusion-column-first fusion-column-last\" style=\"--awb-bg-size:cover;\"><div class=\"fusion-column-wrapper fusion-flex-column-wrapper-legacy\"><div class=\"fusion-text fusion-text-3\" style=\"--awb-text-transform:none;\"><h2>Description<\/h2>\n<div class=\"littleGreenBar\"><\/div>\n<p>1 Colombier, concept pr\u00eat \u00e0 camper pour 2 personnes, avec tout le confort<\/p>\n<\/div><div class=\"fusion-text fusion-text-4\" style=\"--awb-text-transform:none;\"><ul>\n<li>Dans la\u00a0chambre au RDC : 1 grand lit en 140\u00d7190. Couettes chaudes fournies. Rangements. Electricit\u00e9.<\/li>\n<li>Dans la cuisine panoramique : 1 meuble cuisine sur roulettes tout \u00e9quip\u00e9, 1 plaque gaz, 1 r\u00e9frig\u00e9rateur, 1 jerricane. Rangements. Electricit\u00e9.<\/li>\n<li>1 cuisine panoramique, 1 table et 2 chaises.<\/li>\n<li>Les commodit\u00e9s sont au bloc sanitaires tout proche. Draps non compris.<\/li>\n<li>En option : Espace bien-\u00eatre avec vue panoramique : Bain nordique + Sauna et bain froid (40\u20ac\/h\/en duo romantique ou 12 \u20ac\/h\/pers \u00e0 partir de 4 pers, de Mai \u00e0 Septembre).<\/li>\n<li>Services annexes : location de draps et serviettes (10\u20ac), lave-linge (3.5\u20ac) et s\u00e8che-linge (3.5\u20ac), barbecues (commun), salle commune (TV, livres, jeux de soci\u00e9t\u00e9s, kitchenette), Wifi (gratuite 1h), d\u00e9p\u00f4t de pain, service courrier, \u00e9picerie de premi\u00e8re n\u00e9cessit\u00e9, produits locaux, \u00e9quipements b\u00e9b\u00e9 (baignoire, rehausseur, matelas \u00e0 langer).<\/li>\n<li>Au village (1.2 km) : commerces (restaurant, boulangerie, \u00e9picerie, boucherie), location de v\u00e9los en Juillet et Ao\u00fbt aupr\u00e8s de l\u2019office de tourisme, randonn\u00e9es, p\u00eache en rivi\u00e8re, sentier VTT, baignades, centres de bien-\u00eatre \u00e0 la Chaldette et thermo ludisme \u00e0 Chaudes-A\u00efgues.<\/li>\n<\/ul>\n<\/div><div class=\"fusion-clearfix\"><\/div><\/div><\/div><\/div><\/div><\/p>","protected":false},"excerpt":{"rendered":"","protected":false},"author":1,"featured_media":0,"parent":0,"menu_order":0,"comment_status":"closed","ping_status":"closed","template":"","meta":{"footnotes":""},"class_list":["post-2370","page","type-page","status-publish","hentry"],"yoast_head":"<!-- This site is optimized with the Yoast SEO plugin v27.3 - https:\/\/yoast.com\/product\/yoast-seo-wordpress\/ -->\n<title><\/title>\n<meta name=\"description\" content=\"{:fr}Camping nature en Aubrac. Cabane insolite en bois et toile avec vue panoramique. Tout est compris. Commodit\u00e9 au bloc sanitaire.{:}\" \/>\n<meta name=\"robots\" content=\"index, follow, max-snippet:-1, max-image-preview:large, max-video-preview:-1\" \/>\n<link rel=\"canonical\" href=\"https:\/\/domainedelours.fr\/le-colombier\/\" \/>\n<meta property=\"og:locale\" content=\"de_DE\" \/>\n<meta property=\"og:type\" content=\"article\" \/>\n<meta property=\"og:title\" content=\"[:fr]Le Colombier[:] - Camping de Saint Urcize\" \/>\n<meta property=\"og:description\" content=\"{:fr}Camping nature en Aubrac. Cabane insolite en bois et toile avec vue panoramique. Tout est compris. Commodit\u00e9 au bloc sanitaire.{:}\" \/>\n<meta property=\"og:url\" content=\"https:\/\/domainedelours.fr\/le-colombier\/\" \/>\n<meta property=\"og:site_name\" content=\"Camping de Saint Urcize\" \/>\n<meta property=\"article:modified_time\" content=\"2024-01-30T16:37:22+00:00\" \/>\n<meta name=\"twitter:card\" content=\"summary_large_image\" \/>\n<meta name=\"twitter:label1\" content=\"Gesch\u00e4tzte Lesezeit\" \/>\n\t<meta name=\"twitter:data1\" content=\"5\u00a0Minuten\" \/>\n<script type=\"application\/ld+json\" class=\"yoast-schema-graph\">{\"@context\":\"https:\\\/\\\/schema.org\",\"@graph\":[{\"@type\":\"WebPage\",\"@id\":\"https:\\\/\\\/domainedelours.fr\\\/le-colombier\\\/\",\"url\":\"https:\\\/\\\/domainedelours.fr\\\/le-colombier\\\/\",\"name\":\"[:fr]Le Colombier[:] - Camping de Saint Urcize\",\"isPartOf\":{\"@id\":\"https:\\\/\\\/domainedelours.fr\\\/#website\"},\"datePublished\":\"2023-05-09T08:28:00+00:00\",\"dateModified\":\"2024-01-30T16:37:22+00:00\",\"description\":\"{:fr}Camping nature en Aubrac. Cabane insolite en bois et toile avec vue panoramique. Tout est compris. Commodit\u00e9 au bloc sanitaire.{:}\",\"breadcrumb\":{\"@id\":\"https:\\\/\\\/domainedelours.fr\\\/le-colombier\\\/#breadcrumb\"},\"inLanguage\":\"de\",\"potentialAction\":[{\"@type\":\"ReadAction\",\"target\":[\"https:\\\/\\\/domainedelours.fr\\\/le-colombier\\\/\"]}]},{\"@type\":\"BreadcrumbList\",\"@id\":\"https:\\\/\\\/domainedelours.fr\\\/le-colombier\\\/#breadcrumb\",\"itemListElement\":[{\"@type\":\"ListItem\",\"position\":1,\"name\":\"Accueil\",\"item\":\"https:\\\/\\\/domainedelours.fr\\\/\"},{\"@type\":\"ListItem\",\"position\":2,\"name\":\"Le Colombier\"}]},{\"@type\":\"WebSite\",\"@id\":\"https:\\\/\\\/domainedelours.fr\\\/#website\",\"url\":\"https:\\\/\\\/domainedelours.fr\\\/\",\"name\":\"Camping de Saint Urcize\",\"description\":\"\",\"potentialAction\":[{\"@type\":\"SearchAction\",\"target\":{\"@type\":\"EntryPoint\",\"urlTemplate\":\"https:\\\/\\\/domainedelours.fr\\\/?s={search_term_string}\"},\"query-input\":{\"@type\":\"PropertyValueSpecification\",\"valueRequired\":true,\"valueName\":\"search_term_string\"}}],\"inLanguage\":\"de\"}]}<\/script>\n<!-- \/ Yoast SEO plugin. -->","yoast_head_json":{"title":"[:fr]Le Colombier[:] - Camping de Saint Urcize","description":"{:fr}Camping nature en Aubrac. Cabane insolite en bois et toile avec vue panoramique. Tout est compris. Commodit\u00e9 au bloc sanitaire.{:}","robots":{"index":"index","follow":"follow","max-snippet":"max-snippet:-1","max-image-preview":"max-image-preview:large","max-video-preview":"max-video-preview:-1"},"canonical":"https:\/\/domainedelours.fr\/le-colombier\/","og_locale":"de_DE","og_type":"article","og_title":"[:fr]Le Colombier[:] - Camping de Saint Urcize","og_description":"{:fr}Camping nature en Aubrac. Cabane insolite en bois et toile avec vue panoramique. Tout est compris. Commodit\u00e9 au bloc sanitaire.{:}","og_url":"https:\/\/domainedelours.fr\/le-colombier\/","og_site_name":"Camping de Saint Urcize","article_modified_time":"2024-01-30T16:37:22+00:00","twitter_card":"summary_large_image","twitter_misc":{"Gesch\u00e4tzte Lesezeit":"5\u00a0Minuten"},"schema":{"@context":"https:\/\/schema.org","@graph":[{"@type":"WebPage","@id":"https:\/\/domainedelours.fr\/le-colombier\/","url":"https:\/\/domainedelours.fr\/le-colombier\/","name":"[:fr]Le Colombier[:] - Camping de Saint Urcize","isPartOf":{"@id":"https:\/\/domainedelours.fr\/#website"},"datePublished":"2023-05-09T08:28:00+00:00","dateModified":"2024-01-30T16:37:22+00:00","description":"{:fr}Camping nature en Aubrac. Cabane insolite en bois et toile avec vue panoramique. Tout est compris. Commodit\u00e9 au bloc sanitaire.{:}","breadcrumb":{"@id":"https:\/\/domainedelours.fr\/le-colombier\/#breadcrumb"},"inLanguage":"de","potentialAction":[{"@type":"ReadAction","target":["https:\/\/domainedelours.fr\/le-colombier\/"]}]},{"@type":"BreadcrumbList","@id":"https:\/\/domainedelours.fr\/le-colombier\/#breadcrumb","itemListElement":[{"@type":"ListItem","position":1,"name":"Accueil","item":"https:\/\/domainedelours.fr\/"},{"@type":"ListItem","position":2,"name":"Le Colombier"}]},{"@type":"WebSite","@id":"https:\/\/domainedelours.fr\/#website","url":"https:\/\/domainedelours.fr\/","name":"Camping de Saint Urcize","description":"","potentialAction":[{"@type":"SearchAction","target":{"@type":"EntryPoint","urlTemplate":"https:\/\/domainedelours.fr\/?s={search_term_string}"},"query-input":{"@type":"PropertyValueSpecification","valueRequired":true,"valueName":"search_term_string"}}],"inLanguage":"de"}]}},"_links":{"self":[{"href":"https:\/\/domainedelours.fr\/de\/wp-json\/wp\/v2\/pages\/2370","targetHints":{"allow":["GET"]}}],"collection":[{"href":"https:\/\/domainedelours.fr\/de\/wp-json\/wp\/v2\/pages"}],"about":[{"href":"https:\/\/domainedelours.fr\/de\/wp-json\/wp\/v2\/types\/page"}],"author":[{"embeddable":true,"href":"https:\/\/domainedelours.fr\/de\/wp-json\/wp\/v2\/users\/1"}],"replies":[{"embeddable":true,"href":"https:\/\/domainedelours.fr\/de\/wp-json\/wp\/v2\/comments?post=2370"}],"version-history":[{"count":8,"href":"https:\/\/domainedelours.fr\/de\/wp-json\/wp\/v2\/pages\/2370\/revisions"}],"predecessor-version":[{"id":2466,"href":"https:\/\/domainedelours.fr\/de\/wp-json\/wp\/v2\/pages\/2370\/revisions\/2466"}],"wp:attachment":[{"href":"https:\/\/domainedelours.fr\/de\/wp-json\/wp\/v2\/media?parent=2370"}],"curies":[{"name":"wp","href":"https:\/\/api.w.org\/{rel}","templated":true}]}}