{"id":2275,"date":"2022-01-07T09:47:31","date_gmt":"2022-01-07T08:47:31","guid":{"rendered":"https:\/\/domainedelours.fr\/?page_id=2275"},"modified":"2024-02-09T14:24:03","modified_gmt":"2024-02-09T13:24:03","slug":"camp-de-base-pret-a-camper","status":"publish","type":"page","link":"https:\/\/domainedelours.fr\/en\/camp-de-base-pret-a-camper\/","title":{"rendered":"(Fran\u00e7ais) Camp de base \/ Pr\u00eat \u00e0 camper"},"content":{"rendered":"<p class=\"qtranxs-available-languages-message qtranxs-available-languages-message-en\">Sorry, this entry is only available in <a href=\"https:\/\/domainedelours.fr\/fr\/wp-json\/wp\/v2\/pages\/2275\" class=\"qtranxs-available-language-link qtranxs-available-language-link-fr\" title=\"Fran\u00e7ais\">Fran\u00e7ais<\/a>. For the sake of viewer convenience, the content is shown below in the alternative language. You may click the link to switch the active language.<\/p><p><div class=\"fusion-fullwidth fullwidth-box fusion-builder-row-1 nonhundred-percent-fullwidth non-hundred-percent-height-scrolling\" style=\"--awb-border-radius-top-left:0px;--awb-border-radius-top-right:0px;--awb-border-radius-bottom-right:0px;--awb-border-radius-bottom-left:0px;--awb-flex-wrap:wrap;\" ><div class=\"fusion-builder-row fusion-row\"><div class=\"fusion-layout-column fusion_builder_column fusion-builder-column-0 fusion_builder_column_1_2 1_2 fusion-one-half fusion-column-first\" style=\"--awb-bg-size:cover;width:50%;width:calc(50% - ( ( 4% ) * 0.5 ) );margin-right: 4%;\"><div class=\"fusion-column-wrapper fusion-flex-column-wrapper-legacy\"><div class=\"fusion-image-element in-legacy-container\" style=\"--awb-caption-title-font-family:var(--h2_typography-font-family);--awb-caption-title-font-weight:var(--h2_typography-font-weight);--awb-caption-title-font-style:var(--h2_typography-font-style);--awb-caption-title-size:var(--h2_typography-font-size);--awb-caption-title-transform:var(--h2_typography-text-transform);--awb-caption-title-line-height:var(--h2_typography-line-height);--awb-caption-title-letter-spacing:var(--h2_typography-letter-spacing);\"><span class=\" fusion-imageframe imageframe-none imageframe-1 hover-type-none\"><img decoding=\"async\" width=\"1024\" height=\"768\" alt=\"Vue sur la campagne depuis le camping nature en Aubrac\" title=\"Vue depuis la terrasse du camp de base pr\u00eat \u00e0 camper au Domaine de l&#8217;Ours***\" src=\"https:\/\/domainedelours.fr\/wp-content\/uploads\/2024\/01\/20230527_152457.jpg\" data-orig-src=\"https:\/\/domainedelours.fr\/wp-content\/uploads\/2024\/01\/20230527_152457.jpg\" class=\"lazyload img-responsive wp-image-2478\" srcset=\"data:image\/svg+xml,%3Csvg%20xmlns%3D%27http%3A%2F%2Fwww.w3.org%2F2000%2Fsvg%27%20width%3D%271024%27%20height%3D%27768%27%20viewBox%3D%270%200%201024%20768%27%3E%3Crect%20width%3D%271024%27%20height%3D%27768%27%20fill-opacity%3D%220%22%2F%3E%3C%2Fsvg%3E\" data-srcset=\"https:\/\/domainedelours.fr\/wp-content\/uploads\/2024\/01\/20230527_152457-200x150.jpg 200w, https:\/\/domainedelours.fr\/wp-content\/uploads\/2024\/01\/20230527_152457-400x300.jpg 400w, https:\/\/domainedelours.fr\/wp-content\/uploads\/2024\/01\/20230527_152457-600x450.jpg 600w, https:\/\/domainedelours.fr\/wp-content\/uploads\/2024\/01\/20230527_152457-800x600.jpg 800w, https:\/\/domainedelours.fr\/wp-content\/uploads\/2024\/01\/20230527_152457.jpg 1024w\" data-sizes=\"auto\" data-orig-sizes=\"(max-width: 800px) 100vw, 600px\" \/><\/span><\/div><div class=\"fusion-clearfix\"><\/div><\/div><\/div><div class=\"fusion-layout-column fusion_builder_column fusion-builder-column-1 fusion_builder_column_1_2 1_2 fusion-one-half fusion-column-last\" style=\"--awb-bg-size:cover;width:50%;width:calc(50% - ( ( 4% ) * 0.5 ) );\"><div class=\"fusion-column-wrapper fusion-flex-column-wrapper-legacy\"><div class=\"fusion-image-carousel fusion-image-carousel-auto fusion-image-carousel-1\"><div class=\"awb-carousel awb-swiper awb-swiper-carousel\" data-autoplay=\"yes\" data-columns=\"1\" data-itemmargin=\"13\" data-itemwidth=\"180\" data-touchscroll=\"no\" data-imagesize=\"auto\" style=\"--awb-columns:1;\"><div class=\"swiper-wrapper awb-image-carousel-wrapper fusion-flex-align-items-center\"><div class=\"swiper-slide\"><div class=\"fusion-carousel-item-wrapper\"><div class=\"fusion-image-wrapper hover-type-none\"><img decoding=\"async\" width=\"1024\" height=\"768\" src=\"https:\/\/domainedelours.fr\/wp-content\/uploads\/2024\/01\/20230527_152457.jpg\" class=\"attachment-full size-full lazyload\" alt=\"Vue sur la campagne depuis le camping nature en Aubrac\" srcset=\"data:image\/svg+xml,%3Csvg%20xmlns%3D%27http%3A%2F%2Fwww.w3.org%2F2000%2Fsvg%27%20width%3D%271024%27%20height%3D%27768%27%20viewBox%3D%270%200%201024%20768%27%3E%3Crect%20width%3D%271024%27%20height%3D%27768%27%20fill-opacity%3D%220%22%2F%3E%3C%2Fsvg%3E\" data-orig-src=\"https:\/\/domainedelours.fr\/wp-content\/uploads\/2024\/01\/20230527_152457.jpg\" data-srcset=\"https:\/\/domainedelours.fr\/wp-content\/uploads\/2024\/01\/20230527_152457-200x150.jpg 200w, https:\/\/domainedelours.fr\/wp-content\/uploads\/2024\/01\/20230527_152457-300x225.jpg 300w, https:\/\/domainedelours.fr\/wp-content\/uploads\/2024\/01\/20230527_152457-400x300.jpg 400w, https:\/\/domainedelours.fr\/wp-content\/uploads\/2024\/01\/20230527_152457-500x375.jpg 500w, https:\/\/domainedelours.fr\/wp-content\/uploads\/2024\/01\/20230527_152457-600x450.jpg 600w, https:\/\/domainedelours.fr\/wp-content\/uploads\/2024\/01\/20230527_152457-700x525.jpg 700w, https:\/\/domainedelours.fr\/wp-content\/uploads\/2024\/01\/20230527_152457-768x576.jpg 768w, https:\/\/domainedelours.fr\/wp-content\/uploads\/2024\/01\/20230527_152457-800x600.jpg 800w, https:\/\/domainedelours.fr\/wp-content\/uploads\/2024\/01\/20230527_152457.jpg 1024w\" data-sizes=\"auto\" \/><\/div><\/div><\/div><div class=\"swiper-slide\"><div class=\"fusion-carousel-item-wrapper\"><div class=\"fusion-image-wrapper hover-type-none\"><img decoding=\"async\" width=\"1024\" height=\"768\" src=\"https:\/\/domainedelours.fr\/wp-content\/uploads\/2024\/01\/20230527_114652-1.jpg\" class=\"attachment-full size-full lazyload\" alt=\"les tentes en toile du camp de base pr\u00eat \u00e0 camper en Aubrac\" srcset=\"data:image\/svg+xml,%3Csvg%20xmlns%3D%27http%3A%2F%2Fwww.w3.org%2F2000%2Fsvg%27%20width%3D%271024%27%20height%3D%27768%27%20viewBox%3D%270%200%201024%20768%27%3E%3Crect%20width%3D%271024%27%20height%3D%27768%27%20fill-opacity%3D%220%22%2F%3E%3C%2Fsvg%3E\" data-orig-src=\"https:\/\/domainedelours.fr\/wp-content\/uploads\/2024\/01\/20230527_114652-1.jpg\" data-srcset=\"https:\/\/domainedelours.fr\/wp-content\/uploads\/2024\/01\/20230527_114652-1-200x150.jpg 200w, https:\/\/domainedelours.fr\/wp-content\/uploads\/2024\/01\/20230527_114652-1-300x225.jpg 300w, https:\/\/domainedelours.fr\/wp-content\/uploads\/2024\/01\/20230527_114652-1-400x300.jpg 400w, https:\/\/domainedelours.fr\/wp-content\/uploads\/2024\/01\/20230527_114652-1-500x375.jpg 500w, https:\/\/domainedelours.fr\/wp-content\/uploads\/2024\/01\/20230527_114652-1-600x450.jpg 600w, https:\/\/domainedelours.fr\/wp-content\/uploads\/2024\/01\/20230527_114652-1-700x525.jpg 700w, https:\/\/domainedelours.fr\/wp-content\/uploads\/2024\/01\/20230527_114652-1-768x576.jpg 768w, https:\/\/domainedelours.fr\/wp-content\/uploads\/2024\/01\/20230527_114652-1-800x600.jpg 800w, https:\/\/domainedelours.fr\/wp-content\/uploads\/2024\/01\/20230527_114652-1.jpg 1024w\" data-sizes=\"auto\" \/><\/div><\/div><\/div><div class=\"swiper-slide\"><div class=\"fusion-carousel-item-wrapper\"><div class=\"fusion-image-wrapper hover-type-none\"><img decoding=\"async\" width=\"1024\" height=\"768\" src=\"https:\/\/domainedelours.fr\/wp-content\/uploads\/2024\/01\/20230527_152439-1.jpg\" class=\"attachment-full size-full lazyload\" alt=\"vue panoramique du camp de base pr\u00eat \u00e0 camper en aubrac\" srcset=\"data:image\/svg+xml,%3Csvg%20xmlns%3D%27http%3A%2F%2Fwww.w3.org%2F2000%2Fsvg%27%20width%3D%271024%27%20height%3D%27768%27%20viewBox%3D%270%200%201024%20768%27%3E%3Crect%20width%3D%271024%27%20height%3D%27768%27%20fill-opacity%3D%220%22%2F%3E%3C%2Fsvg%3E\" data-orig-src=\"https:\/\/domainedelours.fr\/wp-content\/uploads\/2024\/01\/20230527_152439-1.jpg\" data-srcset=\"https:\/\/domainedelours.fr\/wp-content\/uploads\/2024\/01\/20230527_152439-1-200x150.jpg 200w, https:\/\/domainedelours.fr\/wp-content\/uploads\/2024\/01\/20230527_152439-1-300x225.jpg 300w, https:\/\/domainedelours.fr\/wp-content\/uploads\/2024\/01\/20230527_152439-1-400x300.jpg 400w, https:\/\/domainedelours.fr\/wp-content\/uploads\/2024\/01\/20230527_152439-1-500x375.jpg 500w, https:\/\/domainedelours.fr\/wp-content\/uploads\/2024\/01\/20230527_152439-1-600x450.jpg 600w, https:\/\/domainedelours.fr\/wp-content\/uploads\/2024\/01\/20230527_152439-1-700x525.jpg 700w, https:\/\/domainedelours.fr\/wp-content\/uploads\/2024\/01\/20230527_152439-1-768x576.jpg 768w, https:\/\/domainedelours.fr\/wp-content\/uploads\/2024\/01\/20230527_152439-1-800x600.jpg 800w, https:\/\/domainedelours.fr\/wp-content\/uploads\/2024\/01\/20230527_152439-1.jpg 1024w\" data-sizes=\"auto\" \/><\/div><\/div><\/div><div class=\"swiper-slide\"><div class=\"fusion-carousel-item-wrapper\"><div class=\"fusion-image-wrapper hover-type-none\"><img decoding=\"async\" width=\"2560\" height=\"1920\" src=\"https:\/\/domainedelours.fr\/wp-content\/uploads\/2024\/01\/20230610_203625-Copie-scaled.jpg\" class=\"attachment-full size-full lazyload\" alt=\"vue panoramique depuis le camping nature en Aubrac\" srcset=\"data:image\/svg+xml,%3Csvg%20xmlns%3D%27http%3A%2F%2Fwww.w3.org%2F2000%2Fsvg%27%20width%3D%272560%27%20height%3D%271920%27%20viewBox%3D%270%200%202560%201920%27%3E%3Crect%20width%3D%272560%27%20height%3D%271920%27%20fill-opacity%3D%220%22%2F%3E%3C%2Fsvg%3E\" data-orig-src=\"https:\/\/domainedelours.fr\/wp-content\/uploads\/2024\/01\/20230610_203625-Copie-scaled.jpg\" data-srcset=\"https:\/\/domainedelours.fr\/wp-content\/uploads\/2024\/01\/20230610_203625-Copie-200x150.jpg 200w, https:\/\/domainedelours.fr\/wp-content\/uploads\/2024\/01\/20230610_203625-Copie-300x225.jpg 300w, https:\/\/domainedelours.fr\/wp-content\/uploads\/2024\/01\/20230610_203625-Copie-400x300.jpg 400w, https:\/\/domainedelours.fr\/wp-content\/uploads\/2024\/01\/20230610_203625-Copie-500x375.jpg 500w, https:\/\/domainedelours.fr\/wp-content\/uploads\/2024\/01\/20230610_203625-Copie-600x450.jpg 600w, https:\/\/domainedelours.fr\/wp-content\/uploads\/2024\/01\/20230610_203625-Copie-700x525.jpg 700w, https:\/\/domainedelours.fr\/wp-content\/uploads\/2024\/01\/20230610_203625-Copie-768x576.jpg 768w, https:\/\/domainedelours.fr\/wp-content\/uploads\/2024\/01\/20230610_203625-Copie-800x600.jpg 800w, https:\/\/domainedelours.fr\/wp-content\/uploads\/2024\/01\/20230610_203625-Copie-1024x768.jpg 1024w, https:\/\/domainedelours.fr\/wp-content\/uploads\/2024\/01\/20230610_203625-Copie-1200x900.jpg 1200w, https:\/\/domainedelours.fr\/wp-content\/uploads\/2024\/01\/20230610_203625-Copie-1536x1152.jpg 1536w, https:\/\/domainedelours.fr\/wp-content\/uploads\/2024\/01\/20230610_203625-Copie-scaled.jpg 2560w\" data-sizes=\"auto\" \/><\/div><\/div><\/div><div class=\"swiper-slide\"><div class=\"fusion-carousel-item-wrapper\"><div class=\"fusion-image-wrapper hover-type-none\"><img decoding=\"async\" width=\"2560\" height=\"1920\" src=\"https:\/\/domainedelours.fr\/wp-content\/uploads\/2023\/05\/20220730_065055-scaled.jpg\" class=\"attachment-full size-full lazyload\" alt=\"lev\u00e9 de soleil sur l&#039;Aubrac en r\u00e9gion auvergne\" srcset=\"data:image\/svg+xml,%3Csvg%20xmlns%3D%27http%3A%2F%2Fwww.w3.org%2F2000%2Fsvg%27%20width%3D%272560%27%20height%3D%271920%27%20viewBox%3D%270%200%202560%201920%27%3E%3Crect%20width%3D%272560%27%20height%3D%271920%27%20fill-opacity%3D%220%22%2F%3E%3C%2Fsvg%3E\" data-orig-src=\"https:\/\/domainedelours.fr\/wp-content\/uploads\/2023\/05\/20220730_065055-scaled.jpg\" data-srcset=\"https:\/\/domainedelours.fr\/wp-content\/uploads\/2023\/05\/20220730_065055-200x150.jpg 200w, https:\/\/domainedelours.fr\/wp-content\/uploads\/2023\/05\/20220730_065055-300x225.jpg 300w, https:\/\/domainedelours.fr\/wp-content\/uploads\/2023\/05\/20220730_065055-400x300.jpg 400w, https:\/\/domainedelours.fr\/wp-content\/uploads\/2023\/05\/20220730_065055-500x375.jpg 500w, https:\/\/domainedelours.fr\/wp-content\/uploads\/2023\/05\/20220730_065055-600x450.jpg 600w, https:\/\/domainedelours.fr\/wp-content\/uploads\/2023\/05\/20220730_065055-700x525.jpg 700w, https:\/\/domainedelours.fr\/wp-content\/uploads\/2023\/05\/20220730_065055-768x576.jpg 768w, https:\/\/domainedelours.fr\/wp-content\/uploads\/2023\/05\/20220730_065055-800x600.jpg 800w, https:\/\/domainedelours.fr\/wp-content\/uploads\/2023\/05\/20220730_065055-1024x768.jpg 1024w, https:\/\/domainedelours.fr\/wp-content\/uploads\/2023\/05\/20220730_065055-1200x900.jpg 1200w, https:\/\/domainedelours.fr\/wp-content\/uploads\/2023\/05\/20220730_065055-1536x1152.jpg 1536w, https:\/\/domainedelours.fr\/wp-content\/uploads\/2023\/05\/20220730_065055-scaled.jpg 2560w\" data-sizes=\"auto\" \/><\/div><\/div><\/div><\/div><div class=\"awb-swiper-button awb-swiper-button-prev\"><i class=\"awb-icon-angle-left\" aria-hidden=\"true\"><\/i><\/div><div class=\"awb-swiper-button awb-swiper-button-next\"><i class=\"awb-icon-angle-right\" aria-hidden=\"true\"><\/i><\/div><\/div><\/div><div class=\"fusion-clearfix\"><\/div><\/div><\/div><\/div><\/div><div class=\"fusion-fullwidth fullwidth-box fusion-builder-row-2 nonhundred-percent-fullwidth non-hundred-percent-height-scrolling\" style=\"--awb-border-radius-top-left:0px;--awb-border-radius-top-right:0px;--awb-border-radius-bottom-right:0px;--awb-border-radius-bottom-left:0px;--awb-flex-wrap:wrap;\" ><div class=\"fusion-builder-row fusion-row\"><div class=\"fusion-layout-column fusion_builder_column fusion-builder-column-2 fusion_builder_column_1_2 1_2 fusion-one-half fusion-column-first\" style=\"--awb-bg-size:cover;width:50%;width:calc(50% - ( ( 4% ) * 0.5 ) );margin-right: 4%;\"><div class=\"fusion-column-wrapper fusion-flex-column-wrapper-legacy\"><div class=\"fusion-text fusion-text-1\" style=\"--awb-text-transform:none;\"><h2>Camp de base pr\u00eat \u00e0 camper<\/h2>\n<div class=\"littleGreenBar\"><\/div>\n<ul>\n<li>Surface totale couverte : 30 m\u00b2<\/li>\n<li>1 tente 2 couchages (grand lit) + 1 tente 2 couchages (2 lits simples) + 1 cuisine d&#8217;\u00e9t\u00e9 + 1 terrasse panoramique<\/li>\n<li>\u00c9lectricit\u00e9<\/li>\n<li>Commodit\u00e9s au bloc sanitaire \u00e0 proximit\u00e9<\/li>\n<li>4 couchages confortables avec couettes et oreillers fournis. Draps non compris.<\/li>\n<li>Cuisine avec r\u00e9frig\u00e9rateur et jerricanes<\/li>\n<li>Espace bien-\u00eatre en option<\/li>\n<\/ul>\n<\/div><div class=\"fusion-clearfix\"><\/div><\/div><\/div><div class=\"fusion-layout-column fusion_builder_column fusion-builder-column-3 fusion_builder_column_1_2 1_2 fusion-one-half fusion-column-last\" style=\"--awb-bg-size:cover;width:50%;width:calc(50% - ( ( 4% ) * 0.5 ) );\"><div class=\"fusion-column-wrapper fusion-flex-column-wrapper-legacy\"><div class=\"fusion-text fusion-text-2\" style=\"--awb-text-transform:none;\"><h2>Planning d&#8217;ouverture<\/h2>\n<div class=\"littleGreenBar\"><\/div>\n<ul>\n<li>Le Camp de base pr\u00eat \u00e0 camper du Domaine de l&#8217;Ours***, camping de Saint-Urcize en Aubrac est ouvert de fin Avril \u00e0 d\u00e9but Octobre. Les dates pr\u00e9cises d&#8217;ouverture sont indiqu\u00e9es dans la rubrique r\u00e9servation.<\/li>\n<\/ul>\n<\/div><div class=\"fusion-clearfix\"><\/div><\/div><\/div><\/div><\/div><div class=\"fusion-fullwidth fullwidth-box fusion-builder-row-3 nonhundred-percent-fullwidth non-hundred-percent-height-scrolling\" style=\"--awb-border-radius-top-left:0px;--awb-border-radius-top-right:0px;--awb-border-radius-bottom-right:0px;--awb-border-radius-bottom-left:0px;--awb-flex-wrap:wrap;\" ><div class=\"fusion-builder-row fusion-row\"><div class=\"fusion-layout-column fusion_builder_column fusion-builder-column-4 fusion_builder_column_1_1 1_1 fusion-one-full fusion-column-first fusion-column-last\" style=\"--awb-bg-size:cover;\"><div class=\"fusion-column-wrapper fusion-flex-column-wrapper-legacy\"><div class=\"fusion-text fusion-text-3\"><h2>Description<\/h2>\n<\/div><div class=\"fusion-text fusion-text-4\" style=\"--awb-text-transform:none;\"><p>1 camp de base pr\u00eat \u00e0 camper, tout pour camper pour 2\/4 personnes, avec tout le confort<\/p>\n<ul>\n<li>Dans la premi\u00e8re tente 2 couchages : 1 grand lit en 140\u00d7190. Couettes chaudes ou couvertures fournies. Rangements. Electricit\u00e9.<\/li>\n<li>Dans la seconde tente 2 couchages : 2 lits simples en 80&#215;190. Couettes chaudes ou couvertures fournies. Rangements. Electricit\u00e9.<\/li>\n<li>Dans la cuisine d&#8217;\u00e9t\u00e9 : 1 meuble cuisine tout \u00e9quip\u00e9, 1 plaque gaz, 1 r\u00e9frig\u00e9rateur, 1 jerricane. Rangements. Electricit\u00e9.<\/li>\n<li>1 terrasse panoramique avec Velum, 1 table et 4 chaises.<\/li>\n<li>Les commodit\u00e9s (WC, douches, vasques) sont au bloc sanitaires tout proche. Draps non compris.<\/li>\n<li>En option : Espace bien-\u00eatre avec vue panoramique : Bain nordique + Sauna et bain froid (40\u20ac\/h\/en duo romantique ou 12 \u20ac\/h\/pers \u00e0 partir de 4 pers, de Mai \u00e0 Septembre). Tous les cr\u00e9neaux sont privatifs. merci de r\u00e9server avant votre arriv\u00e9e.<\/li>\n<li>Services annexes : location de draps et serviettes (10\u20ac), lave-linge (3.5\u20ac) et s\u00e8che-linge (3.5\u20ac), barbecues (commun), salle commune (TV, livres, jeux de soci\u00e9t\u00e9s, kitchenette), Wifi (gratuite 1h), d\u00e9p\u00f4t de pain, service courrier, \u00e9picerie de premi\u00e8re n\u00e9cessit\u00e9, produits locaux, \u00e9quipements b\u00e9b\u00e9 (baignoire, rehausseur, matelas \u00e0 langer).<\/li>\n<li>Au village (1.2 km) : commerces (restaurant, boulangerie, \u00e9picerie, boucherie), location de v\u00e9los en Juillet et Ao\u00fbt aupr\u00e8s de l\u2019office de tourisme, randonn\u00e9es, p\u00eache en rivi\u00e8re, sentier VTT, baignades, centres de bien-\u00eatre \u00e0 la Chaldette et thermo ludisme \u00e0 Chaudes-A\u00efgues.<\/li>\n<\/ul>\n<\/div><div class=\"fusion-clearfix\"><\/div><\/div><\/div><\/div><\/div><div class=\"fusion-fullwidth fullwidth-box fusion-builder-row-4 nonhundred-percent-fullwidth non-hundred-percent-height-scrolling\" style=\"--awb-border-radius-top-left:0px;--awb-border-radius-top-right:0px;--awb-border-radius-bottom-right:0px;--awb-border-radius-bottom-left:0px;--awb-flex-wrap:wrap;\" ><div class=\"fusion-builder-row fusion-row\"><div class=\"fusion-layout-column fusion_builder_column fusion-builder-column-5 fusion_builder_column_1_1 1_1 fusion-one-full fusion-column-first fusion-column-last\" style=\"--awb-bg-size:cover;\"><div class=\"fusion-column-wrapper fusion-flex-column-wrapper-legacy\"><div class=\"fusion-video fusion-youtube fusion-aligncenter\" style=\"--awb-max-width:600px;--awb-max-height:360px;--awb-width:100%;\"><div class=\"video-shortcode\"><div class=\"fluid-width-video-wrapper\" style=\"padding-top:60%;\" ><iframe title=\"YouTube video player 1\" src=\"https:\/\/www.youtube.com\/embed\/L14mB7byKf0?wmode=transparent&autoplay=0\" width=\"600\" height=\"360\" allowfullscreen allow=\"autoplay; fullscreen\"><\/iframe><\/div><\/div><\/div><div class=\"fusion-clearfix\"><\/div><\/div><\/div><\/div><\/div><\/p>","protected":false},"excerpt":{"rendered":"","protected":false},"author":1,"featured_media":0,"parent":0,"menu_order":0,"comment_status":"closed","ping_status":"closed","template":"","meta":{"footnotes":""},"class_list":["post-2275","page","type-page","status-publish","hentry"],"yoast_head":"<!-- This site is optimized with the Yoast SEO plugin v27.3 - https:\/\/yoast.com\/product\/yoast-seo-wordpress\/ -->\n<title>Camp de base pr\u00eat \u00e0 camper en Aubrac Auvergne<\/title>\n<meta name=\"description\" content=\"Camp de base pr\u00eat \u00e0 camper situ\u00e9 \u00e0 Saint-Urcize en Aubrac. Tentes insolites pour 4 personnes tout compris. Vue panoramique.\" \/>\n<meta name=\"robots\" content=\"index, follow, max-snippet:-1, max-image-preview:large, max-video-preview:-1\" \/>\n<link rel=\"canonical\" href=\"https:\/\/domainedelours.fr\/camp-de-base-pret-a-camper\/\" \/>\n<meta property=\"og:locale\" content=\"en_GB\" \/>\n<meta property=\"og:type\" content=\"article\" \/>\n<meta property=\"og:title\" content=\"Camp de base pr\u00eat \u00e0 camper en Aubrac Auvergne\" \/>\n<meta property=\"og:description\" content=\"Camp de base pr\u00eat \u00e0 camper situ\u00e9 \u00e0 Saint-Urcize en Aubrac. Tentes insolites pour 4 personnes tout compris. Vue panoramique.\" \/>\n<meta property=\"og:url\" content=\"https:\/\/domainedelours.fr\/camp-de-base-pret-a-camper\/\" \/>\n<meta property=\"og:site_name\" content=\"Camping de Saint Urcize\" \/>\n<meta property=\"article:modified_time\" content=\"2024-02-09T13:24:03+00:00\" \/>\n<meta name=\"twitter:card\" content=\"summary_large_image\" \/>\n<meta name=\"twitter:label1\" content=\"Estimated reading time\" \/>\n\t<meta name=\"twitter:data1\" content=\"3 minutes\" \/>\n<script type=\"application\/ld+json\" class=\"yoast-schema-graph\">{\"@context\":\"https:\\\/\\\/schema.org\",\"@graph\":[{\"@type\":\"WebPage\",\"@id\":\"https:\\\/\\\/domainedelours.fr\\\/camp-de-base-pret-a-camper\\\/\",\"url\":\"https:\\\/\\\/domainedelours.fr\\\/camp-de-base-pret-a-camper\\\/\",\"name\":\"Camp de base pr\u00eat \u00e0 camper en Aubrac Auvergne\",\"isPartOf\":{\"@id\":\"https:\\\/\\\/domainedelours.fr\\\/#website\"},\"datePublished\":\"2022-01-07T08:47:31+00:00\",\"dateModified\":\"2024-02-09T13:24:03+00:00\",\"description\":\"Camp de base pr\u00eat \u00e0 camper situ\u00e9 \u00e0 Saint-Urcize en Aubrac. Tentes insolites pour 4 personnes tout compris. Vue panoramique.\",\"breadcrumb\":{\"@id\":\"https:\\\/\\\/domainedelours.fr\\\/camp-de-base-pret-a-camper\\\/#breadcrumb\"},\"inLanguage\":\"en-GB\",\"potentialAction\":[{\"@type\":\"ReadAction\",\"target\":[\"https:\\\/\\\/domainedelours.fr\\\/camp-de-base-pret-a-camper\\\/\"]}]},{\"@type\":\"BreadcrumbList\",\"@id\":\"https:\\\/\\\/domainedelours.fr\\\/camp-de-base-pret-a-camper\\\/#breadcrumb\",\"itemListElement\":[{\"@type\":\"ListItem\",\"position\":1,\"name\":\"Accueil\",\"item\":\"https:\\\/\\\/domainedelours.fr\\\/\"},{\"@type\":\"ListItem\",\"position\":2,\"name\":\"Camp de base \\\/ Pr\u00eat \u00e0 camper\"}]},{\"@type\":\"WebSite\",\"@id\":\"https:\\\/\\\/domainedelours.fr\\\/#website\",\"url\":\"https:\\\/\\\/domainedelours.fr\\\/\",\"name\":\"Camping de Saint Urcize\",\"description\":\"\",\"potentialAction\":[{\"@type\":\"SearchAction\",\"target\":{\"@type\":\"EntryPoint\",\"urlTemplate\":\"https:\\\/\\\/domainedelours.fr\\\/?s={search_term_string}\"},\"query-input\":{\"@type\":\"PropertyValueSpecification\",\"valueRequired\":true,\"valueName\":\"search_term_string\"}}],\"inLanguage\":\"en-GB\"}]}<\/script>\n<!-- \/ Yoast SEO plugin. -->","yoast_head_json":{"title":"Camp de base pr\u00eat \u00e0 camper en Aubrac Auvergne","description":"Camp de base pr\u00eat \u00e0 camper situ\u00e9 \u00e0 Saint-Urcize en Aubrac. Tentes insolites pour 4 personnes tout compris. Vue panoramique.","robots":{"index":"index","follow":"follow","max-snippet":"max-snippet:-1","max-image-preview":"max-image-preview:large","max-video-preview":"max-video-preview:-1"},"canonical":"https:\/\/domainedelours.fr\/camp-de-base-pret-a-camper\/","og_locale":"en_GB","og_type":"article","og_title":"Camp de base pr\u00eat \u00e0 camper en Aubrac Auvergne","og_description":"Camp de base pr\u00eat \u00e0 camper situ\u00e9 \u00e0 Saint-Urcize en Aubrac. Tentes insolites pour 4 personnes tout compris. Vue panoramique.","og_url":"https:\/\/domainedelours.fr\/camp-de-base-pret-a-camper\/","og_site_name":"Camping de Saint Urcize","article_modified_time":"2024-02-09T13:24:03+00:00","twitter_card":"summary_large_image","twitter_misc":{"Estimated reading time":"3 minutes"},"schema":{"@context":"https:\/\/schema.org","@graph":[{"@type":"WebPage","@id":"https:\/\/domainedelours.fr\/camp-de-base-pret-a-camper\/","url":"https:\/\/domainedelours.fr\/camp-de-base-pret-a-camper\/","name":"Camp de base pr\u00eat \u00e0 camper en Aubrac Auvergne","isPartOf":{"@id":"https:\/\/domainedelours.fr\/#website"},"datePublished":"2022-01-07T08:47:31+00:00","dateModified":"2024-02-09T13:24:03+00:00","description":"Camp de base pr\u00eat \u00e0 camper situ\u00e9 \u00e0 Saint-Urcize en Aubrac. Tentes insolites pour 4 personnes tout compris. Vue panoramique.","breadcrumb":{"@id":"https:\/\/domainedelours.fr\/camp-de-base-pret-a-camper\/#breadcrumb"},"inLanguage":"en-GB","potentialAction":[{"@type":"ReadAction","target":["https:\/\/domainedelours.fr\/camp-de-base-pret-a-camper\/"]}]},{"@type":"BreadcrumbList","@id":"https:\/\/domainedelours.fr\/camp-de-base-pret-a-camper\/#breadcrumb","itemListElement":[{"@type":"ListItem","position":1,"name":"Accueil","item":"https:\/\/domainedelours.fr\/"},{"@type":"ListItem","position":2,"name":"Camp de base \/ Pr\u00eat \u00e0 camper"}]},{"@type":"WebSite","@id":"https:\/\/domainedelours.fr\/#website","url":"https:\/\/domainedelours.fr\/","name":"Camping de Saint Urcize","description":"","potentialAction":[{"@type":"SearchAction","target":{"@type":"EntryPoint","urlTemplate":"https:\/\/domainedelours.fr\/?s={search_term_string}"},"query-input":{"@type":"PropertyValueSpecification","valueRequired":true,"valueName":"search_term_string"}}],"inLanguage":"en-GB"}]}},"_links":{"self":[{"href":"https:\/\/domainedelours.fr\/en\/wp-json\/wp\/v2\/pages\/2275","targetHints":{"allow":["GET"]}}],"collection":[{"href":"https:\/\/domainedelours.fr\/en\/wp-json\/wp\/v2\/pages"}],"about":[{"href":"https:\/\/domainedelours.fr\/en\/wp-json\/wp\/v2\/types\/page"}],"author":[{"embeddable":true,"href":"https:\/\/domainedelours.fr\/en\/wp-json\/wp\/v2\/users\/1"}],"replies":[{"embeddable":true,"href":"https:\/\/domainedelours.fr\/en\/wp-json\/wp\/v2\/comments?post=2275"}],"version-history":[{"count":14,"href":"https:\/\/domainedelours.fr\/en\/wp-json\/wp\/v2\/pages\/2275\/revisions"}],"predecessor-version":[{"id":2698,"href":"https:\/\/domainedelours.fr\/en\/wp-json\/wp\/v2\/pages\/2275\/revisions\/2698"}],"wp:attachment":[{"href":"https:\/\/domainedelours.fr\/en\/wp-json\/wp\/v2\/media?parent=2275"}],"curies":[{"name":"wp","href":"https:\/\/api.w.org\/{rel}","templated":true}]}}