{"id":2821,"date":"2026-05-07T14:28:44","date_gmt":"2026-05-07T13:28:44","guid":{"rendered":"https:\/\/domainedelours.fr\/?page_id=2821"},"modified":"2026-05-07T14:28:44","modified_gmt":"2026-05-07T13:28:44","slug":"nouveaute-2026-mini-pigne-cosy","status":"publish","type":"page","link":"https:\/\/domainedelours.fr\/en\/nouveaute-2026-mini-pigne-cosy\/","title":{"rendered":"( Cloned ) ( Cloned )"},"content":{"rendered":"<p class=\"qtranxs-available-languages-message qtranxs-available-languages-message-en\">Sorry, this entry is only available in <a href=\"https:\/\/domainedelours.fr\/fr\/wp-json\/wp\/v2\/pages\/2821\" class=\"qtranxs-available-language-link qtranxs-available-language-link-fr\" title=\"Fran\u00e7ais\">Fran\u00e7ais<\/a>. For the sake of viewer convenience, the content is shown below in the alternative language. You may click the link to switch the active language.<\/p><p><div class=\"fusion-fullwidth fullwidth-box fusion-builder-row-1 nonhundred-percent-fullwidth non-hundred-percent-height-scrolling\" style=\"--awb-border-radius-top-left:0px;--awb-border-radius-top-right:0px;--awb-border-radius-bottom-right:0px;--awb-border-radius-bottom-left:0px;--awb-flex-wrap:wrap;\" ><div class=\"fusion-builder-row fusion-row\"><div class=\"fusion-layout-column fusion_builder_column fusion-builder-column-0 fusion_builder_column_1_2 1_2 fusion-one-half fusion-column-first\" style=\"--awb-bg-size:cover;width:50%;width:calc(50% - ( ( 4% ) * 0.5 ) );margin-right: 4%;\"><div class=\"fusion-column-wrapper fusion-flex-column-wrapper-legacy\"><div class=\"fusion-image-element in-legacy-container\" style=\"--awb-caption-title-font-family:var(--h2_typography-font-family);--awb-caption-title-font-weight:var(--h2_typography-font-weight);--awb-caption-title-font-style:var(--h2_typography-font-style);--awb-caption-title-size:var(--h2_typography-font-size);--awb-caption-title-transform:var(--h2_typography-text-transform);--awb-caption-title-line-height:var(--h2_typography-line-height);--awb-caption-title-letter-spacing:var(--h2_typography-letter-spacing);\"><span class=\" fusion-imageframe imageframe-none imageframe-1 hover-type-none\"><img decoding=\"async\" width=\"1024\" height=\"768\" title=\"01_1024x768px\" src=\"https:\/\/domainedelours.fr\/wp-content\/uploads\/2026\/05\/01_1024x768px-1.jpg\" data-orig-src=\"https:\/\/domainedelours.fr\/wp-content\/uploads\/2026\/05\/01_1024x768px-1.jpg\" alt class=\"lazyload img-responsive wp-image-2830\" srcset=\"data:image\/svg+xml,%3Csvg%20xmlns%3D%27http%3A%2F%2Fwww.w3.org%2F2000%2Fsvg%27%20width%3D%271024%27%20height%3D%27768%27%20viewBox%3D%270%200%201024%20768%27%3E%3Crect%20width%3D%271024%27%20height%3D%27768%27%20fill-opacity%3D%220%22%2F%3E%3C%2Fsvg%3E\" data-srcset=\"https:\/\/domainedelours.fr\/wp-content\/uploads\/2026\/05\/01_1024x768px-1-200x150.jpg 200w, https:\/\/domainedelours.fr\/wp-content\/uploads\/2026\/05\/01_1024x768px-1-400x300.jpg 400w, https:\/\/domainedelours.fr\/wp-content\/uploads\/2026\/05\/01_1024x768px-1-600x450.jpg 600w, https:\/\/domainedelours.fr\/wp-content\/uploads\/2026\/05\/01_1024x768px-1-800x600.jpg 800w, https:\/\/domainedelours.fr\/wp-content\/uploads\/2026\/05\/01_1024x768px-1.jpg 1024w\" data-sizes=\"auto\" data-orig-sizes=\"(max-width: 800px) 100vw, 600px\" \/><\/span><\/div><div class=\"fusion-clearfix\"><\/div><\/div><\/div><div class=\"fusion-layout-column fusion_builder_column fusion-builder-column-1 fusion_builder_column_1_2 1_2 fusion-one-half fusion-column-last\" style=\"--awb-bg-size:cover;width:50%;width:calc(50% - ( ( 4% ) * 0.5 ) );\"><div class=\"fusion-column-wrapper fusion-flex-column-wrapper-legacy\"><div class=\"fusion-image-carousel fusion-image-carousel-auto fusion-image-carousel-1\"><div class=\"awb-carousel awb-swiper awb-swiper-carousel\" data-autoplay=\"yes\" data-columns=\"1\" data-itemmargin=\"13\" data-itemwidth=\"180\" data-touchscroll=\"no\" data-imagesize=\"auto\" style=\"--awb-columns:1;\"><div class=\"swiper-wrapper awb-image-carousel-wrapper fusion-flex-align-items-center\"><div class=\"swiper-slide\"><div class=\"fusion-carousel-item-wrapper\"><div class=\"fusion-image-wrapper hover-type-none\"><img decoding=\"async\" width=\"1024\" height=\"768\" src=\"https:\/\/domainedelours.fr\/wp-content\/uploads\/2026\/05\/03_1024x768px-1.jpg\" class=\"attachment-full size-full lazyload\" alt=\"\" srcset=\"data:image\/svg+xml,%3Csvg%20xmlns%3D%27http%3A%2F%2Fwww.w3.org%2F2000%2Fsvg%27%20width%3D%271024%27%20height%3D%27768%27%20viewBox%3D%270%200%201024%20768%27%3E%3Crect%20width%3D%271024%27%20height%3D%27768%27%20fill-opacity%3D%220%22%2F%3E%3C%2Fsvg%3E\" data-orig-src=\"https:\/\/domainedelours.fr\/wp-content\/uploads\/2026\/05\/03_1024x768px-1.jpg\" data-srcset=\"https:\/\/domainedelours.fr\/wp-content\/uploads\/2026\/05\/03_1024x768px-1-200x150.jpg 200w, https:\/\/domainedelours.fr\/wp-content\/uploads\/2026\/05\/03_1024x768px-1-300x225.jpg 300w, https:\/\/domainedelours.fr\/wp-content\/uploads\/2026\/05\/03_1024x768px-1-400x300.jpg 400w, https:\/\/domainedelours.fr\/wp-content\/uploads\/2026\/05\/03_1024x768px-1-600x450.jpg 600w, https:\/\/domainedelours.fr\/wp-content\/uploads\/2026\/05\/03_1024x768px-1-768x576.jpg 768w, https:\/\/domainedelours.fr\/wp-content\/uploads\/2026\/05\/03_1024x768px-1-800x600.jpg 800w, https:\/\/domainedelours.fr\/wp-content\/uploads\/2026\/05\/03_1024x768px-1.jpg 1024w\" data-sizes=\"auto\" \/><\/div><\/div><\/div><div class=\"swiper-slide\"><div class=\"fusion-carousel-item-wrapper\"><div class=\"fusion-image-wrapper hover-type-none\"><img decoding=\"async\" width=\"1024\" height=\"768\" src=\"https:\/\/domainedelours.fr\/wp-content\/uploads\/2026\/05\/02_1024x768px-1.jpg\" class=\"attachment-full size-full lazyload\" alt=\"\" srcset=\"data:image\/svg+xml,%3Csvg%20xmlns%3D%27http%3A%2F%2Fwww.w3.org%2F2000%2Fsvg%27%20width%3D%271024%27%20height%3D%27768%27%20viewBox%3D%270%200%201024%20768%27%3E%3Crect%20width%3D%271024%27%20height%3D%27768%27%20fill-opacity%3D%220%22%2F%3E%3C%2Fsvg%3E\" data-orig-src=\"https:\/\/domainedelours.fr\/wp-content\/uploads\/2026\/05\/02_1024x768px-1.jpg\" data-srcset=\"https:\/\/domainedelours.fr\/wp-content\/uploads\/2026\/05\/02_1024x768px-1-200x150.jpg 200w, https:\/\/domainedelours.fr\/wp-content\/uploads\/2026\/05\/02_1024x768px-1-300x225.jpg 300w, https:\/\/domainedelours.fr\/wp-content\/uploads\/2026\/05\/02_1024x768px-1-400x300.jpg 400w, https:\/\/domainedelours.fr\/wp-content\/uploads\/2026\/05\/02_1024x768px-1-600x450.jpg 600w, https:\/\/domainedelours.fr\/wp-content\/uploads\/2026\/05\/02_1024x768px-1-768x576.jpg 768w, https:\/\/domainedelours.fr\/wp-content\/uploads\/2026\/05\/02_1024x768px-1-800x600.jpg 800w, https:\/\/domainedelours.fr\/wp-content\/uploads\/2026\/05\/02_1024x768px-1.jpg 1024w\" data-sizes=\"auto\" \/><\/div><\/div><\/div><div class=\"swiper-slide\"><div class=\"fusion-carousel-item-wrapper\"><div class=\"fusion-image-wrapper hover-type-none\"><img decoding=\"async\" width=\"2560\" height=\"1920\" src=\"https:\/\/domainedelours.fr\/wp-content\/uploads\/2024\/01\/20230610_203625-Copie-scaled.jpg\" class=\"attachment-full size-full lazyload\" alt=\"vue panoramique depuis le camping nature en Aubrac\" srcset=\"data:image\/svg+xml,%3Csvg%20xmlns%3D%27http%3A%2F%2Fwww.w3.org%2F2000%2Fsvg%27%20width%3D%272560%27%20height%3D%271920%27%20viewBox%3D%270%200%202560%201920%27%3E%3Crect%20width%3D%272560%27%20height%3D%271920%27%20fill-opacity%3D%220%22%2F%3E%3C%2Fsvg%3E\" data-orig-src=\"https:\/\/domainedelours.fr\/wp-content\/uploads\/2024\/01\/20230610_203625-Copie-scaled.jpg\" data-srcset=\"https:\/\/domainedelours.fr\/wp-content\/uploads\/2024\/01\/20230610_203625-Copie-200x150.jpg 200w, https:\/\/domainedelours.fr\/wp-content\/uploads\/2024\/01\/20230610_203625-Copie-300x225.jpg 300w, https:\/\/domainedelours.fr\/wp-content\/uploads\/2024\/01\/20230610_203625-Copie-400x300.jpg 400w, https:\/\/domainedelours.fr\/wp-content\/uploads\/2024\/01\/20230610_203625-Copie-500x375.jpg 500w, https:\/\/domainedelours.fr\/wp-content\/uploads\/2024\/01\/20230610_203625-Copie-600x450.jpg 600w, https:\/\/domainedelours.fr\/wp-content\/uploads\/2024\/01\/20230610_203625-Copie-700x525.jpg 700w, https:\/\/domainedelours.fr\/wp-content\/uploads\/2024\/01\/20230610_203625-Copie-768x576.jpg 768w, https:\/\/domainedelours.fr\/wp-content\/uploads\/2024\/01\/20230610_203625-Copie-800x600.jpg 800w, https:\/\/domainedelours.fr\/wp-content\/uploads\/2024\/01\/20230610_203625-Copie-1024x768.jpg 1024w, https:\/\/domainedelours.fr\/wp-content\/uploads\/2024\/01\/20230610_203625-Copie-1200x900.jpg 1200w, https:\/\/domainedelours.fr\/wp-content\/uploads\/2024\/01\/20230610_203625-Copie-1536x1152.jpg 1536w, https:\/\/domainedelours.fr\/wp-content\/uploads\/2024\/01\/20230610_203625-Copie-scaled.jpg 2560w\" data-sizes=\"auto\" \/><\/div><\/div><\/div><div class=\"swiper-slide\"><div class=\"fusion-carousel-item-wrapper\"><div class=\"fusion-image-wrapper hover-type-none\"><img decoding=\"async\" width=\"2560\" height=\"1920\" src=\"https:\/\/domainedelours.fr\/wp-content\/uploads\/2023\/05\/20220730_065055-scaled.jpg\" class=\"attachment-full size-full lazyload\" alt=\"lev\u00e9 de soleil sur l&#039;Aubrac en r\u00e9gion auvergne\" srcset=\"data:image\/svg+xml,%3Csvg%20xmlns%3D%27http%3A%2F%2Fwww.w3.org%2F2000%2Fsvg%27%20width%3D%272560%27%20height%3D%271920%27%20viewBox%3D%270%200%202560%201920%27%3E%3Crect%20width%3D%272560%27%20height%3D%271920%27%20fill-opacity%3D%220%22%2F%3E%3C%2Fsvg%3E\" data-orig-src=\"https:\/\/domainedelours.fr\/wp-content\/uploads\/2023\/05\/20220730_065055-scaled.jpg\" data-srcset=\"https:\/\/domainedelours.fr\/wp-content\/uploads\/2023\/05\/20220730_065055-200x150.jpg 200w, https:\/\/domainedelours.fr\/wp-content\/uploads\/2023\/05\/20220730_065055-300x225.jpg 300w, https:\/\/domainedelours.fr\/wp-content\/uploads\/2023\/05\/20220730_065055-400x300.jpg 400w, https:\/\/domainedelours.fr\/wp-content\/uploads\/2023\/05\/20220730_065055-500x375.jpg 500w, https:\/\/domainedelours.fr\/wp-content\/uploads\/2023\/05\/20220730_065055-600x450.jpg 600w, https:\/\/domainedelours.fr\/wp-content\/uploads\/2023\/05\/20220730_065055-700x525.jpg 700w, https:\/\/domainedelours.fr\/wp-content\/uploads\/2023\/05\/20220730_065055-768x576.jpg 768w, https:\/\/domainedelours.fr\/wp-content\/uploads\/2023\/05\/20220730_065055-800x600.jpg 800w, https:\/\/domainedelours.fr\/wp-content\/uploads\/2023\/05\/20220730_065055-1024x768.jpg 1024w, https:\/\/domainedelours.fr\/wp-content\/uploads\/2023\/05\/20220730_065055-1200x900.jpg 1200w, https:\/\/domainedelours.fr\/wp-content\/uploads\/2023\/05\/20220730_065055-1536x1152.jpg 1536w, https:\/\/domainedelours.fr\/wp-content\/uploads\/2023\/05\/20220730_065055-scaled.jpg 2560w\" data-sizes=\"auto\" \/><\/div><\/div><\/div><\/div><div class=\"awb-swiper-button awb-swiper-button-prev\"><i class=\"awb-icon-angle-left\" aria-hidden=\"true\"><\/i><\/div><div class=\"awb-swiper-button awb-swiper-button-next\"><i class=\"awb-icon-angle-right\" aria-hidden=\"true\"><\/i><\/div><\/div><\/div><div class=\"fusion-clearfix\"><\/div><\/div><\/div><\/div><\/div><div class=\"fusion-fullwidth fullwidth-box fusion-builder-row-2 nonhundred-percent-fullwidth non-hundred-percent-height-scrolling\" style=\"--awb-border-radius-top-left:0px;--awb-border-radius-top-right:0px;--awb-border-radius-bottom-right:0px;--awb-border-radius-bottom-left:0px;--awb-flex-wrap:wrap;\" ><div class=\"fusion-builder-row fusion-row\"><div class=\"fusion-layout-column fusion_builder_column fusion-builder-column-2 fusion_builder_column_1_2 1_2 fusion-one-half fusion-column-first\" style=\"--awb-bg-size:cover;width:50%;width:calc(50% - ( ( 4% ) * 0.5 ) );margin-right: 4%;\"><div class=\"fusion-column-wrapper fusion-flex-column-wrapper-legacy\"><div class=\"fusion-text fusion-text-1\" style=\"--awb-text-transform:none;\"><h2>Caract\u00e9ristique de la Mini Pigne<\/h2>\n<div class=\"littleGreenBar\"><\/div>\n<ul>\n<li>Surface : 11 m\u00b2<\/li>\n<li>Capacit\u00e9 : jusqu\u2019\u00e0 4 personnes<\/li>\n<li>Isolation 4 saisons<\/li>\n<li>Lit double 140\u00d7190<\/li>\n<li>Deux lits simples 80\u00d7190<\/li>\n<li>Douches et toilettes communes<\/li>\n<li>Cuisine commune<\/li>\n<li>H\u00e9bergement chaleureux au c\u0153ur de la nature<\/li>\n<\/ul>\n<\/div><div class=\"fusion-clearfix\"><\/div><\/div><\/div><div class=\"fusion-layout-column fusion_builder_column fusion-builder-column-3 fusion_builder_column_1_2 1_2 fusion-one-half fusion-column-last\" style=\"--awb-bg-size:cover;width:50%;width:calc(50% - ( ( 4% ) * 0.5 ) );\"><div class=\"fusion-column-wrapper fusion-flex-column-wrapper-legacy\"><div class=\"fusion-text fusion-text-2\" style=\"--awb-text-transform:none;\"><h2>Planning d&#8217;ouverture<\/h2>\n<ul>\n<li>La mini Pigne est ouverte du printemps jusqu\u2019\u00e0 la fin de l\u2019automne\u00a0au Domaine de l&#8217;Ours***.<\/li>\n<li>Les dates pr\u00e9cises d\u2019ouverture et de r\u00e9servation sont indiqu\u00e9es dans la rubrique r\u00e9servation.<\/li>\n<\/ul>\n<\/div><div class=\"fusion-clearfix\"><\/div><\/div><\/div><\/div><\/div><div class=\"fusion-fullwidth fullwidth-box fusion-builder-row-3 nonhundred-percent-fullwidth non-hundred-percent-height-scrolling\" style=\"--awb-border-radius-top-left:0px;--awb-border-radius-top-right:0px;--awb-border-radius-bottom-right:0px;--awb-border-radius-bottom-left:0px;--awb-flex-wrap:wrap;\" ><div class=\"fusion-builder-row fusion-row\"><div class=\"fusion-layout-column fusion_builder_column fusion-builder-column-4 fusion_builder_column_1_1 1_1 fusion-one-full fusion-column-first fusion-column-last\" style=\"--awb-bg-size:cover;\"><div class=\"fusion-column-wrapper fusion-flex-column-wrapper-legacy\"><div class=\"fusion-text fusion-text-3\"><h2>Description<\/h2>\n<\/div><div class=\"fusion-text fusion-text-4\" style=\"--awb-text-transform:none;\"><p>La Mini Pigne en Aubrac<\/p>\n<p>Offrez-vous une parenth\u00e8se de calme et de nature dans notre mini Pigne de 11 m\u00b2 en bois, fabriqu\u00e9e en Loz\u00e8re.<\/p>\n<p>Con\u00e7ue pour accueillir jusqu\u2019\u00e0 4 personnes, elle b\u00e9n\u00e9ficie d\u2019une isolation 4 saisons afin d\u2019assurer un confort optimal tout au long de l\u2019ann\u00e9e.<\/p>\n<p>Chaleureuse, fonctionnelle et pleine de charme, la mini Pigne est id\u00e9ale pour un s\u00e9jour en famille ou entre amis, au plus pr\u00e8s de la nature. Elle dispose d\u2019un lit double (140\u00d7190) ainsi que de deux lits simples (80\u00d7190), offrant un couchage pratique et confortable.<\/p>\n<p>\u00c0 noter : les douches, les toilettes et la cuisine sont accessibles dans les espaces communs du camping.<\/p>\n<p>Un h\u00e9bergement simple, convivial et ressour\u00e7ant, parfait pour vivre une exp\u00e9rience authentique en pleine nature.<\/p>\n<\/div><div class=\"fusion-clearfix\"><\/div><\/div><\/div><\/div><\/div><div class=\"fusion-fullwidth fullwidth-box fusion-builder-row-4 nonhundred-percent-fullwidth non-hundred-percent-height-scrolling\" style=\"--awb-border-radius-top-left:0px;--awb-border-radius-top-right:0px;--awb-border-radius-bottom-right:0px;--awb-border-radius-bottom-left:0px;--awb-flex-wrap:wrap;\" ><div class=\"fusion-builder-row fusion-row\"><div class=\"fusion-layout-column fusion_builder_column fusion-builder-column-5 fusion_builder_column_1_1 1_1 fusion-one-full fusion-column-first fusion-column-last\" style=\"--awb-bg-size:cover;\"><div class=\"fusion-column-wrapper fusion-flex-column-wrapper-legacy\"><div class=\"fusion-video fusion-youtube fusion-aligncenter\" style=\"--awb-max-width:600px;--awb-max-height:360px;--awb-width:100%;\"><div class=\"video-shortcode\"><div class=\"fluid-width-video-wrapper\" style=\"padding-top:60%;\" ><iframe title=\"YouTube video player 1\" src=\"https:\/\/www.youtube.com\/embed\/L14mB7byKf0?wmode=transparent&autoplay=0\" width=\"600\" height=\"360\" allowfullscreen allow=\"autoplay; fullscreen\"><\/iframe><\/div><\/div><\/div><div class=\"fusion-clearfix\"><\/div><\/div><\/div><\/div><\/div><\/p>","protected":false},"excerpt":{"rendered":"","protected":false},"author":2,"featured_media":0,"parent":0,"menu_order":0,"comment_status":"closed","ping_status":"closed","template":"","meta":{"footnotes":""},"class_list":["post-2821","page","type-page","status-publish","hentry"],"yoast_head":"<!-- This site is optimized with the Yoast SEO plugin v27.5 - https:\/\/yoast.com\/product\/yoast-seo-wordpress\/ -->\n<title>Pigne cosy en Aubrac Auvergne Domaine de l&#039;Ours camping nature<\/title>\n<meta name=\"description\" content=\"Pigne cosy situ\u00e9 \u00e0 Saint-Urcize en Aubrac. logements insolites pour 4 personnes tout compris. Vue panoramique.\" \/>\n<meta name=\"robots\" content=\"index, follow, max-snippet:-1, max-image-preview:large, max-video-preview:-1\" \/>\n<link rel=\"canonical\" href=\"https:\/\/domainedelours.fr\/nouveaute-2026-mini-pigne-cosy\/\" \/>\n<meta property=\"og:locale\" content=\"en_GB\" \/>\n<meta property=\"og:type\" content=\"article\" \/>\n<meta property=\"og:title\" content=\"Pigne cosy en Aubrac Auvergne Domaine de l&#039;Ours camping nature\" \/>\n<meta property=\"og:description\" content=\"Pigne cosy situ\u00e9 \u00e0 Saint-Urcize en Aubrac. logements insolites pour 4 personnes tout compris. Vue panoramique.\" \/>\n<meta property=\"og:url\" content=\"https:\/\/domainedelours.fr\/nouveaute-2026-mini-pigne-cosy\/\" \/>\n<meta property=\"og:site_name\" content=\"Camping de Saint Urcize\" \/>\n<meta name=\"twitter:card\" content=\"summary_large_image\" \/>\n<meta name=\"twitter:label1\" content=\"Estimated reading time\" \/>\n\t<meta name=\"twitter:data1\" content=\"2 minutes\" \/>\n<script type=\"application\/ld+json\" class=\"yoast-schema-graph\">{\"@context\":\"https:\\\/\\\/schema.org\",\"@graph\":[{\"@type\":\"WebPage\",\"@id\":\"https:\\\/\\\/domainedelours.fr\\\/nouveaute-2026-mini-pigne-cosy\\\/\",\"url\":\"https:\\\/\\\/domainedelours.fr\\\/nouveaute-2026-mini-pigne-cosy\\\/\",\"name\":\"Pigne cosy en Aubrac Auvergne Domaine de l'Ours camping nature\",\"isPartOf\":{\"@id\":\"https:\\\/\\\/domainedelours.fr\\\/#website\"},\"datePublished\":\"2026-05-07T13:28:44+00:00\",\"description\":\"Pigne cosy situ\u00e9 \u00e0 Saint-Urcize en Aubrac. logements insolites pour 4 personnes tout compris. Vue panoramique.\",\"breadcrumb\":{\"@id\":\"https:\\\/\\\/domainedelours.fr\\\/nouveaute-2026-mini-pigne-cosy\\\/#breadcrumb\"},\"inLanguage\":\"en-GB\",\"potentialAction\":[{\"@type\":\"ReadAction\",\"target\":[\"https:\\\/\\\/domainedelours.fr\\\/nouveaute-2026-mini-pigne-cosy\\\/\"]}]},{\"@type\":\"BreadcrumbList\",\"@id\":\"https:\\\/\\\/domainedelours.fr\\\/nouveaute-2026-mini-pigne-cosy\\\/#breadcrumb\",\"itemListElement\":[{\"@type\":\"ListItem\",\"position\":1,\"name\":\"Accueil\",\"item\":\"https:\\\/\\\/domainedelours.fr\\\/\"},{\"@type\":\"ListItem\",\"position\":2,\"name\":\"Nouveaut\u00e9 2026! Mini Pigne Cosy\"}]},{\"@type\":\"WebSite\",\"@id\":\"https:\\\/\\\/domainedelours.fr\\\/#website\",\"url\":\"https:\\\/\\\/domainedelours.fr\\\/\",\"name\":\"Camping de Saint Urcize\",\"description\":\"\",\"potentialAction\":[{\"@type\":\"SearchAction\",\"target\":{\"@type\":\"EntryPoint\",\"urlTemplate\":\"https:\\\/\\\/domainedelours.fr\\\/?s={search_term_string}\"},\"query-input\":{\"@type\":\"PropertyValueSpecification\",\"valueRequired\":true,\"valueName\":\"search_term_string\"}}],\"inLanguage\":\"en-GB\"}]}<\/script>\n<!-- \/ Yoast SEO plugin. -->","yoast_head_json":{"title":"Pigne cosy en Aubrac Auvergne Domaine de l'Ours camping nature","description":"Pigne cosy situ\u00e9 \u00e0 Saint-Urcize en Aubrac. logements insolites pour 4 personnes tout compris. Vue panoramique.","robots":{"index":"index","follow":"follow","max-snippet":"max-snippet:-1","max-image-preview":"max-image-preview:large","max-video-preview":"max-video-preview:-1"},"canonical":"https:\/\/domainedelours.fr\/nouveaute-2026-mini-pigne-cosy\/","og_locale":"en_GB","og_type":"article","og_title":"Pigne cosy en Aubrac Auvergne Domaine de l'Ours camping nature","og_description":"Pigne cosy situ\u00e9 \u00e0 Saint-Urcize en Aubrac. logements insolites pour 4 personnes tout compris. Vue panoramique.","og_url":"https:\/\/domainedelours.fr\/nouveaute-2026-mini-pigne-cosy\/","og_site_name":"Camping de Saint Urcize","twitter_card":"summary_large_image","twitter_misc":{"Estimated reading time":"2 minutes"},"schema":{"@context":"https:\/\/schema.org","@graph":[{"@type":"WebPage","@id":"https:\/\/domainedelours.fr\/nouveaute-2026-mini-pigne-cosy\/","url":"https:\/\/domainedelours.fr\/nouveaute-2026-mini-pigne-cosy\/","name":"Pigne cosy en Aubrac Auvergne Domaine de l'Ours camping nature","isPartOf":{"@id":"https:\/\/domainedelours.fr\/#website"},"datePublished":"2026-05-07T13:28:44+00:00","description":"Pigne cosy situ\u00e9 \u00e0 Saint-Urcize en Aubrac. logements insolites pour 4 personnes tout compris. Vue panoramique.","breadcrumb":{"@id":"https:\/\/domainedelours.fr\/nouveaute-2026-mini-pigne-cosy\/#breadcrumb"},"inLanguage":"en-GB","potentialAction":[{"@type":"ReadAction","target":["https:\/\/domainedelours.fr\/nouveaute-2026-mini-pigne-cosy\/"]}]},{"@type":"BreadcrumbList","@id":"https:\/\/domainedelours.fr\/nouveaute-2026-mini-pigne-cosy\/#breadcrumb","itemListElement":[{"@type":"ListItem","position":1,"name":"Accueil","item":"https:\/\/domainedelours.fr\/"},{"@type":"ListItem","position":2,"name":"Nouveaut\u00e9 2026! Mini Pigne Cosy"}]},{"@type":"WebSite","@id":"https:\/\/domainedelours.fr\/#website","url":"https:\/\/domainedelours.fr\/","name":"Camping de Saint Urcize","description":"","potentialAction":[{"@type":"SearchAction","target":{"@type":"EntryPoint","urlTemplate":"https:\/\/domainedelours.fr\/?s={search_term_string}"},"query-input":{"@type":"PropertyValueSpecification","valueRequired":true,"valueName":"search_term_string"}}],"inLanguage":"en-GB"}]}},"_links":{"self":[{"href":"https:\/\/domainedelours.fr\/en\/wp-json\/wp\/v2\/pages\/2821","targetHints":{"allow":["GET"]}}],"collection":[{"href":"https:\/\/domainedelours.fr\/en\/wp-json\/wp\/v2\/pages"}],"about":[{"href":"https:\/\/domainedelours.fr\/en\/wp-json\/wp\/v2\/types\/page"}],"author":[{"embeddable":true,"href":"https:\/\/domainedelours.fr\/en\/wp-json\/wp\/v2\/users\/2"}],"replies":[{"embeddable":true,"href":"https:\/\/domainedelours.fr\/en\/wp-json\/wp\/v2\/comments?post=2821"}],"version-history":[{"count":2,"href":"https:\/\/domainedelours.fr\/en\/wp-json\/wp\/v2\/pages\/2821\/revisions"}],"predecessor-version":[{"id":2836,"href":"https:\/\/domainedelours.fr\/en\/wp-json\/wp\/v2\/pages\/2821\/revisions\/2836"}],"wp:attachment":[{"href":"https:\/\/domainedelours.fr\/en\/wp-json\/wp\/v2\/media?parent=2821"}],"curies":[{"name":"wp","href":"https:\/\/api.w.org\/{rel}","templated":true}]}}