{"id":437,"date":"2016-05-12T09:51:57","date_gmt":"2016-05-12T08:51:57","guid":{"rendered":"https:\/\/domainedelours.fr\/?page_id=437"},"modified":"2024-02-01T16:55:23","modified_gmt":"2024-02-01T15:55:23","slug":"emplacements","status":"publish","type":"page","link":"https:\/\/domainedelours.fr\/en\/emplacements\/","title":{"rendered":"Emplacements"},"content":{"rendered":"<p><div class=\"fusion-fullwidth fullwidth-box fusion-builder-row-9 nonhundred-percent-fullwidth non-hundred-percent-height-scrolling\" style=\"--awb-border-radius-top-left:0px;--awb-border-radius-top-right:0px;--awb-border-radius-bottom-right:0px;--awb-border-radius-bottom-left:0px;--awb-flex-wrap:wrap;\" ><div class=\"fusion-builder-row fusion-row\"><div class=\"fusion-layout-column fusion_builder_column fusion-builder-column-10 fusion_builder_column_1_1 1_1 fusion-one-full fusion-column-first fusion-column-last\" style=\"--awb-bg-size:cover;\"><div class=\"fusion-column-wrapper fusion-flex-column-wrapper-legacy\"><div class=\"fusion-image-carousel fusion-image-carousel-auto fusion-image-carousel-3 lightbox-enabled\"><div class=\"awb-carousel awb-swiper awb-swiper-carousel\" data-autoplay=\"no\" data-columns=\"1\" data-itemmargin=\"0\" data-itemwidth=\"180\" data-touchscroll=\"no\" data-imagesize=\"auto\" style=\"--awb-columns:1;--awb-column-spacing:0px;\"><div class=\"swiper-wrapper awb-image-carousel-wrapper fusion-flex-align-items-center\"><div class=\"swiper-slide\"><div class=\"fusion-carousel-item-wrapper\"><div class=\"fusion-image-wrapper hover-type-none\"><a data-rel=\"iLightbox[image_carousel_3]\" data-caption=\"Des espaces de camping verdoyants\" data-title=\"Domaine de l&#8217;Ours\" aria-label=\"Domaine de l&#8217;Ours\" href=\"https:\/\/domainedelours.fr\/wp-content\/uploads\/2016\/04\/camping07-300x188.jpg\" target=\"_self\"><img decoding=\"async\" width=\"1000\" height=\"628\" src=\"https:\/\/domainedelours.fr\/wp-content\/uploads\/2016\/04\/camping07.jpg\" class=\"attachment-full size-full lazyload\" alt=\"\" srcset=\"data:image\/svg+xml,%3Csvg%20xmlns%3D%27http%3A%2F%2Fwww.w3.org%2F2000%2Fsvg%27%20width%3D%271000%27%20height%3D%27628%27%20viewBox%3D%270%200%201000%20628%27%3E%3Crect%20width%3D%271000%27%20height%3D%27628%27%20fill-opacity%3D%220%22%2F%3E%3C%2Fsvg%3E\" data-orig-src=\"https:\/\/domainedelours.fr\/wp-content\/uploads\/2016\/04\/camping07.jpg\" data-srcset=\"https:\/\/domainedelours.fr\/wp-content\/uploads\/2016\/04\/camping07-300x188.jpg 300w, https:\/\/domainedelours.fr\/wp-content\/uploads\/2016\/04\/camping07-500x314.jpg 500w, https:\/\/domainedelours.fr\/wp-content\/uploads\/2016\/04\/camping07-700x440.jpg 700w, https:\/\/domainedelours.fr\/wp-content\/uploads\/2016\/04\/camping07-768x482.jpg 768w, https:\/\/domainedelours.fr\/wp-content\/uploads\/2016\/04\/camping07.jpg 1000w\" data-sizes=\"auto\" \/><\/a><\/div><\/div><\/div><div class=\"swiper-slide\"><div class=\"fusion-carousel-item-wrapper\"><div class=\"fusion-image-wrapper hover-type-none\"><a data-rel=\"iLightbox[image_carousel_3]\" data-caption=\"camping nature en Aubrac en 2014\" data-title=\"Domaine de l&#8217;Ours en 2014\" aria-label=\"Domaine de l&#8217;Ours en 2014\" href=\"https:\/\/domainedelours.fr\/wp-content\/uploads\/2016\/04\/camping09-300x155.jpg\" target=\"_self\"><img decoding=\"async\" width=\"1000\" height=\"518\" src=\"https:\/\/domainedelours.fr\/wp-content\/uploads\/2016\/04\/camping09.jpg\" class=\"attachment-full size-full lazyload\" alt=\"vue g\u00e9n\u00e9rale en 2014\" srcset=\"data:image\/svg+xml,%3Csvg%20xmlns%3D%27http%3A%2F%2Fwww.w3.org%2F2000%2Fsvg%27%20width%3D%271000%27%20height%3D%27518%27%20viewBox%3D%270%200%201000%20518%27%3E%3Crect%20width%3D%271000%27%20height%3D%27518%27%20fill-opacity%3D%220%22%2F%3E%3C%2Fsvg%3E\" data-orig-src=\"https:\/\/domainedelours.fr\/wp-content\/uploads\/2016\/04\/camping09.jpg\" data-srcset=\"https:\/\/domainedelours.fr\/wp-content\/uploads\/2016\/04\/camping09-300x155.jpg 300w, https:\/\/domainedelours.fr\/wp-content\/uploads\/2016\/04\/camping09-500x259.jpg 500w, https:\/\/domainedelours.fr\/wp-content\/uploads\/2016\/04\/camping09-700x363.jpg 700w, https:\/\/domainedelours.fr\/wp-content\/uploads\/2016\/04\/camping09-768x398.jpg 768w, https:\/\/domainedelours.fr\/wp-content\/uploads\/2016\/04\/camping09.jpg 1000w\" data-sizes=\"auto\" \/><\/a><\/div><\/div><\/div><div class=\"swiper-slide\"><div class=\"fusion-carousel-item-wrapper\"><div class=\"fusion-image-wrapper hover-type-none\"><a data-rel=\"iLightbox[image_carousel_3]\" data-caption=\"????\" data-title=\"interieur2\" aria-label=\"interieur2\" href=\"https:\/\/domainedelours.fr\/wp-content\/uploads\/2016\/04\/interieur2-225x300.jpg\" target=\"_self\"><img decoding=\"async\" width=\"750\" height=\"1000\" src=\"https:\/\/domainedelours.fr\/wp-content\/uploads\/2016\/04\/interieur2.jpg\" class=\"attachment-full size-full lazyload\" alt=\"\" srcset=\"data:image\/svg+xml,%3Csvg%20xmlns%3D%27http%3A%2F%2Fwww.w3.org%2F2000%2Fsvg%27%20width%3D%27750%27%20height%3D%271000%27%20viewBox%3D%270%200%20750%201000%27%3E%3Crect%20width%3D%27750%27%20height%3D%271000%27%20fill-opacity%3D%220%22%2F%3E%3C%2Fsvg%3E\" data-orig-src=\"https:\/\/domainedelours.fr\/wp-content\/uploads\/2016\/04\/interieur2.jpg\" data-srcset=\"https:\/\/domainedelours.fr\/wp-content\/uploads\/2016\/04\/interieur2-225x300.jpg 225w, https:\/\/domainedelours.fr\/wp-content\/uploads\/2016\/04\/interieur2-500x667.jpg 500w, https:\/\/domainedelours.fr\/wp-content\/uploads\/2016\/04\/interieur2-700x933.jpg 700w, https:\/\/domainedelours.fr\/wp-content\/uploads\/2016\/04\/interieur2.jpg 750w\" data-sizes=\"auto\" \/><\/a><\/div><\/div><\/div><div class=\"swiper-slide\"><div class=\"fusion-carousel-item-wrapper\"><div class=\"fusion-image-wrapper hover-type-none\"><a data-rel=\"iLightbox[image_carousel_3]\" data-title=\"cabane clerc 038\" aria-label=\"cabane clerc 038\" href=\"https:\/\/domainedelours.fr\/wp-content\/uploads\/2017\/02\/cabane-clerc-038-300x200.jpg\" target=\"_self\"><img decoding=\"async\" width=\"3456\" height=\"2304\" src=\"https:\/\/domainedelours.fr\/wp-content\/uploads\/2017\/02\/cabane-clerc-038.jpg\" class=\"attachment-full size-full lazyload\" alt=\"\" srcset=\"data:image\/svg+xml,%3Csvg%20xmlns%3D%27http%3A%2F%2Fwww.w3.org%2F2000%2Fsvg%27%20width%3D%273456%27%20height%3D%272304%27%20viewBox%3D%270%200%203456%202304%27%3E%3Crect%20width%3D%273456%27%20height%3D%272304%27%20fill-opacity%3D%220%22%2F%3E%3C%2Fsvg%3E\" data-orig-src=\"https:\/\/domainedelours.fr\/wp-content\/uploads\/2017\/02\/cabane-clerc-038.jpg\" data-srcset=\"https:\/\/domainedelours.fr\/wp-content\/uploads\/2017\/02\/cabane-clerc-038-300x200.jpg 300w, https:\/\/domainedelours.fr\/wp-content\/uploads\/2017\/02\/cabane-clerc-038-500x333.jpg 500w, https:\/\/domainedelours.fr\/wp-content\/uploads\/2017\/02\/cabane-clerc-038-700x467.jpg 700w, https:\/\/domainedelours.fr\/wp-content\/uploads\/2017\/02\/cabane-clerc-038-768x512.jpg 768w, https:\/\/domainedelours.fr\/wp-content\/uploads\/2017\/02\/cabane-clerc-038-1024x683.jpg 1024w, https:\/\/domainedelours.fr\/wp-content\/uploads\/2017\/02\/cabane-clerc-038.jpg 3456w\" data-sizes=\"auto\" \/><\/a><\/div><\/div><\/div><div class=\"swiper-slide\"><div class=\"fusion-carousel-item-wrapper\"><div class=\"fusion-image-wrapper hover-type-none\"><a data-rel=\"iLightbox[image_carousel_3]\" data-title=\"7 &#8211; Copie\" aria-label=\"7 &#8211; Copie\" href=\"https:\/\/domainedelours.fr\/wp-content\/uploads\/2017\/02\/7-Copie-300x300.jpg\" target=\"_self\"><img decoding=\"async\" width=\"1836\" height=\"1838\" src=\"https:\/\/domainedelours.fr\/wp-content\/uploads\/2017\/02\/7-Copie.jpg\" class=\"attachment-full size-full lazyload\" alt=\"\" srcset=\"data:image\/svg+xml,%3Csvg%20xmlns%3D%27http%3A%2F%2Fwww.w3.org%2F2000%2Fsvg%27%20width%3D%271836%27%20height%3D%271838%27%20viewBox%3D%270%200%201836%201838%27%3E%3Crect%20width%3D%271836%27%20height%3D%271838%27%20fill-opacity%3D%220%22%2F%3E%3C%2Fsvg%3E\" data-orig-src=\"https:\/\/domainedelours.fr\/wp-content\/uploads\/2017\/02\/7-Copie.jpg\" data-srcset=\"https:\/\/domainedelours.fr\/wp-content\/uploads\/2017\/02\/7-Copie-100x100.jpg 100w, https:\/\/domainedelours.fr\/wp-content\/uploads\/2017\/02\/7-Copie-150x150.jpg 150w, https:\/\/domainedelours.fr\/wp-content\/uploads\/2017\/02\/7-Copie-300x300.jpg 300w, https:\/\/domainedelours.fr\/wp-content\/uploads\/2017\/02\/7-Copie-500x501.jpg 500w, https:\/\/domainedelours.fr\/wp-content\/uploads\/2017\/02\/7-Copie-700x701.jpg 700w, https:\/\/domainedelours.fr\/wp-content\/uploads\/2017\/02\/7-Copie-768x769.jpg 768w, https:\/\/domainedelours.fr\/wp-content\/uploads\/2017\/02\/7-Copie-1024x1024.jpg 1024w, https:\/\/domainedelours.fr\/wp-content\/uploads\/2017\/02\/7-Copie.jpg 1836w\" data-sizes=\"auto\" \/><\/a><\/div><\/div><\/div><div class=\"swiper-slide\"><div class=\"fusion-carousel-item-wrapper\"><div class=\"fusion-image-wrapper hover-type-none\"><a data-rel=\"iLightbox[image_carousel_3]\" data-title=\"photo samsung 9-9-2014 179\" aria-label=\"photo samsung 9-9-2014 179\" href=\"https:\/\/domainedelours.fr\/wp-content\/uploads\/2017\/02\/photo-samsung-9-9-2014-179-300x225.jpg\" target=\"_self\"><img decoding=\"async\" width=\"3264\" height=\"2448\" src=\"https:\/\/domainedelours.fr\/wp-content\/uploads\/2017\/02\/photo-samsung-9-9-2014-179.jpg\" class=\"attachment-full size-full lazyload\" alt=\"\" srcset=\"data:image\/svg+xml,%3Csvg%20xmlns%3D%27http%3A%2F%2Fwww.w3.org%2F2000%2Fsvg%27%20width%3D%273264%27%20height%3D%272448%27%20viewBox%3D%270%200%203264%202448%27%3E%3Crect%20width%3D%273264%27%20height%3D%272448%27%20fill-opacity%3D%220%22%2F%3E%3C%2Fsvg%3E\" data-orig-src=\"https:\/\/domainedelours.fr\/wp-content\/uploads\/2017\/02\/photo-samsung-9-9-2014-179.jpg\" data-srcset=\"https:\/\/domainedelours.fr\/wp-content\/uploads\/2017\/02\/photo-samsung-9-9-2014-179-300x225.jpg 300w, https:\/\/domainedelours.fr\/wp-content\/uploads\/2017\/02\/photo-samsung-9-9-2014-179-500x375.jpg 500w, https:\/\/domainedelours.fr\/wp-content\/uploads\/2017\/02\/photo-samsung-9-9-2014-179-700x525.jpg 700w, https:\/\/domainedelours.fr\/wp-content\/uploads\/2017\/02\/photo-samsung-9-9-2014-179-768x576.jpg 768w, https:\/\/domainedelours.fr\/wp-content\/uploads\/2017\/02\/photo-samsung-9-9-2014-179-1024x768.jpg 1024w, https:\/\/domainedelours.fr\/wp-content\/uploads\/2017\/02\/photo-samsung-9-9-2014-179.jpg 3264w\" data-sizes=\"auto\" \/><\/a><\/div><\/div><\/div><div class=\"swiper-slide\"><div class=\"fusion-carousel-item-wrapper\"><div class=\"fusion-image-wrapper hover-type-none\"><a data-rel=\"iLightbox[image_carousel_3]\" data-title=\"photo samsung 9-9-2014 172\" aria-label=\"photo samsung 9-9-2014 172\" href=\"https:\/\/domainedelours.fr\/wp-content\/uploads\/2017\/02\/photo-samsung-9-9-2014-172.jpg\" target=\"_self\"><img decoding=\"async\" width=\"2448\" height=\"3264\" src=\"https:\/\/domainedelours.fr\/wp-content\/uploads\/2017\/02\/photo-samsung-9-9-2014-172.jpg\" class=\"attachment-full size-full lazyload\" alt=\"\" srcset=\"data:image\/svg+xml,%3Csvg%20xmlns%3D%27http%3A%2F%2Fwww.w3.org%2F2000%2Fsvg%27%20width%3D%272448%27%20height%3D%273264%27%20viewBox%3D%270%200%202448%203264%27%3E%3Crect%20width%3D%272448%27%20height%3D%273264%27%20fill-opacity%3D%220%22%2F%3E%3C%2Fsvg%3E\" data-orig-src=\"https:\/\/domainedelours.fr\/wp-content\/uploads\/2017\/02\/photo-samsung-9-9-2014-172.jpg\" data-srcset=\"https:\/\/domainedelours.fr\/wp-content\/uploads\/2017\/02\/photo-samsung-9-9-2014-172-225x300.jpg 225w, https:\/\/domainedelours.fr\/wp-content\/uploads\/2017\/02\/photo-samsung-9-9-2014-172-500x667.jpg 500w, https:\/\/domainedelours.fr\/wp-content\/uploads\/2017\/02\/photo-samsung-9-9-2014-172-700x933.jpg 700w, https:\/\/domainedelours.fr\/wp-content\/uploads\/2017\/02\/photo-samsung-9-9-2014-172-768x1024.jpg 768w, https:\/\/domainedelours.fr\/wp-content\/uploads\/2017\/02\/photo-samsung-9-9-2014-172.jpg 2448w\" data-sizes=\"auto\" \/><\/a><\/div><\/div><\/div><\/div><div class=\"awb-swiper-button awb-swiper-button-prev\"><i class=\"awb-icon-angle-left\" aria-hidden=\"true\"><\/i><\/div><div class=\"awb-swiper-button awb-swiper-button-next\"><i class=\"awb-icon-angle-right\" aria-hidden=\"true\"><\/i><\/div><\/div><\/div><div class=\"fusion-clearfix\"><\/div><\/div><\/div><\/div><\/div><div class=\"fusion-fullwidth fullwidth-box fusion-builder-row-10 nonhundred-percent-fullwidth non-hundred-percent-height-scrolling\" style=\"--awb-border-radius-top-left:0px;--awb-border-radius-top-right:0px;--awb-border-radius-bottom-right:0px;--awb-border-radius-bottom-left:0px;--awb-flex-wrap:wrap;\" ><div class=\"fusion-builder-row fusion-row\"><div class=\"fusion-layout-column fusion_builder_column fusion-builder-column-11 fusion_builder_column_1_2 1_2 fusion-one-half fusion-column-first\" style=\"--awb-bg-size:cover;width:50%;width:calc(50% - ( ( 4% ) * 0.5 ) );margin-right: 4%;\"><div class=\"fusion-column-wrapper fusion-flex-column-wrapper-legacy\"><div class=\"fusion-text fusion-text-9\"><h2>The Pitches<\/h2>\n<div class=\"littleGreenBar\"><\/div>\n<ul>\n<li>Area : 80m\u00b2<\/li>\n<li>Tent\/Vehicule\/Caravan<\/li>\n<li>Nearby Sanitary Block<\/li>\n<\/ul>\n<\/div><div class=\"fusion-clearfix\"><\/div><\/div><\/div><div class=\"fusion-layout-column fusion_builder_column fusion-builder-column-12 fusion_builder_column_1_2 1_2 fusion-one-half fusion-column-last\" style=\"--awb-bg-size:cover;width:50%;width:calc(50% - ( ( 4% ) * 0.5 ) );\"><div class=\"fusion-column-wrapper fusion-flex-column-wrapper-legacy\"><div class=\"fusion-text fusion-text-10\"><h2>Planning<\/h2>\n<div class=\"littleGreenBar\"><\/div>\n<ul>\n<li>Tent 1 pers.<\/li>\n<li>Pitch + 1 Vehicule + tent 2 pers.<\/li>\n<li>Pitch + motor homes\/Caravan 2\/6pers.<\/li>\n<\/ul>\n<\/div><div class=\"fusion-clearfix\"><\/div><\/div><\/div><\/div><\/div><div class=\"fusion-fullwidth fullwidth-box fusion-builder-row-11 nonhundred-percent-fullwidth non-hundred-percent-height-scrolling\" style=\"--awb-border-radius-top-left:0px;--awb-border-radius-top-right:0px;--awb-border-radius-bottom-right:0px;--awb-border-radius-bottom-left:0px;--awb-flex-wrap:wrap;\" ><div class=\"fusion-builder-row fusion-row\"><div class=\"fusion-layout-column fusion_builder_column fusion-builder-column-13 fusion_builder_column_1_1 1_1 fusion-one-full fusion-column-first fusion-column-last\" style=\"--awb-bg-size:cover;\"><div class=\"fusion-column-wrapper fusion-flex-column-wrapper-legacy\"><div class=\"fusion-text fusion-text-11\"><h2>Description<\/h2>\n<div class=\"littleGreenBar\"><\/div>\n<p>30 80m\u00b2 Free Pitches for tents, caravans or motor homes :<\/p>\n<\/div><div class=\"fusion-text fusion-text-12\"><ul>\n<li>Nearby Sanitary Block <\/li>\n<li>Onsite Services : Finnish Bath + Sauna, Washing Machine and Dryer, BBQ\u2019s (communal),TV room, Wifi.<\/li>\n<li>In the village (1000m) : Shops, bike rental, walking, river fishing, mountain bike trails, swimming, Spas at Chaldette and hydrotherapy at Chaudes Aigues.<\/li>\n<\/ul>\n<\/div><div class=\"fusion-clearfix\"><\/div><\/div><\/div><\/div><\/div><div class=\"fusion-fullwidth fullwidth-box fusion-builder-row-12 nonhundred-percent-fullwidth non-hundred-percent-height-scrolling\" style=\"--awb-border-radius-top-left:0px;--awb-border-radius-top-right:0px;--awb-border-radius-bottom-right:0px;--awb-border-radius-bottom-left:0px;--awb-flex-wrap:wrap;\" ><div class=\"fusion-builder-row fusion-row\"><div class=\"fusion-layout-column fusion_builder_column fusion-builder-column-14 fusion_builder_column_1_1 1_1 fusion-one-full fusion-column-first fusion-column-last\" style=\"--awb-bg-size:cover;\"><div class=\"fusion-column-wrapper fusion-flex-column-wrapper-legacy\"><div class=\"fusion-video fusion-youtube fusion-aligncenter\" style=\"--awb-max-width:600px;--awb-max-height:360px;--awb-width:100%;\"><div class=\"video-shortcode\"><div class=\"fluid-width-video-wrapper\" style=\"padding-top:60%;\" ><iframe title=\"YouTube video player 3\" src=\"https:\/\/www.youtube.com\/embed\/L14mB7byKf0?wmode=transparent&autoplay=0\" width=\"600\" height=\"360\" allowfullscreen allow=\"autoplay; fullscreen\"><\/iframe><\/div><\/div><\/div><div class=\"fusion-clearfix\"><\/div><\/div><\/div><\/div><\/div><\/p>","protected":false},"excerpt":{"rendered":"","protected":false},"author":1,"featured_media":0,"parent":0,"menu_order":0,"comment_status":"closed","ping_status":"closed","template":"","meta":{"footnotes":""},"class_list":["post-437","page","type-page","status-publish","hentry"],"yoast_head":"<!-- This site is optimized with the Yoast SEO plugin v27.3 - https:\/\/yoast.com\/product\/yoast-seo-wordpress\/ -->\n<title>Emplacements - Camping de Saint Urcize<\/title>\n<meta name=\"description\" content=\"Camping situ\u00e9 \u00e0 Saint-Urcize en Aubrac. Emplacements nus avec ou sans \u00e9lectricit\u00e9 pour faire du camping en Aubrac. Salle commune.\" \/>\n<meta name=\"robots\" content=\"index, follow, max-snippet:-1, max-image-preview:large, max-video-preview:-1\" \/>\n<link rel=\"canonical\" href=\"https:\/\/domainedelours.fr\/emplacements\/\" \/>\n<meta property=\"og:locale\" content=\"en_GB\" \/>\n<meta property=\"og:type\" content=\"article\" \/>\n<meta property=\"og:title\" content=\"[:fr]Emplacements[:de]Stellpl\u00e4tze[:en]Emplacements[:es]Parcelas[:] - Camping de Saint Urcize\" \/>\n<meta property=\"og:description\" content=\"Camping situ\u00e9 \u00e0 Saint-Urcize en Aubrac. Emplacements nus avec ou sans \u00e9lectricit\u00e9 pour faire du camping en Aubrac. Salle commune.\" \/>\n<meta property=\"og:url\" content=\"https:\/\/domainedelours.fr\/emplacements\/\" \/>\n<meta property=\"og:site_name\" content=\"Camping de Saint Urcize\" \/>\n<meta property=\"article:modified_time\" content=\"2024-02-01T15:55:23+00:00\" \/>\n<meta name=\"twitter:card\" content=\"summary_large_image\" \/>\n<meta name=\"twitter:label1\" content=\"Estimated reading time\" \/>\n\t<meta name=\"twitter:data1\" content=\"3 minutes\" \/>\n<script type=\"application\/ld+json\" class=\"yoast-schema-graph\">{\"@context\":\"https:\\\/\\\/schema.org\",\"@graph\":[{\"@type\":\"WebPage\",\"@id\":\"https:\\\/\\\/domainedelours.fr\\\/emplacements\\\/\",\"url\":\"https:\\\/\\\/domainedelours.fr\\\/emplacements\\\/\",\"name\":\"[:fr]Emplacements[:de]Stellpl\u00e4tze[:en]Emplacements[:es]Parcelas[:] - Camping de Saint Urcize\",\"isPartOf\":{\"@id\":\"https:\\\/\\\/domainedelours.fr\\\/#website\"},\"datePublished\":\"2016-05-12T08:51:57+00:00\",\"dateModified\":\"2024-02-01T15:55:23+00:00\",\"description\":\"Camping situ\u00e9 \u00e0 Saint-Urcize en Aubrac. Emplacements nus avec ou sans \u00e9lectricit\u00e9 pour faire du camping en Aubrac. Salle commune.\",\"breadcrumb\":{\"@id\":\"https:\\\/\\\/domainedelours.fr\\\/emplacements\\\/#breadcrumb\"},\"inLanguage\":\"en-GB\",\"potentialAction\":[{\"@type\":\"ReadAction\",\"target\":[\"https:\\\/\\\/domainedelours.fr\\\/emplacements\\\/\"]}]},{\"@type\":\"BreadcrumbList\",\"@id\":\"https:\\\/\\\/domainedelours.fr\\\/emplacements\\\/#breadcrumb\",\"itemListElement\":[{\"@type\":\"ListItem\",\"position\":1,\"name\":\"Accueil\",\"item\":\"https:\\\/\\\/domainedelours.fr\\\/\"},{\"@type\":\"ListItem\",\"position\":2,\"name\":\"Emplacements\"}]},{\"@type\":\"WebSite\",\"@id\":\"https:\\\/\\\/domainedelours.fr\\\/#website\",\"url\":\"https:\\\/\\\/domainedelours.fr\\\/\",\"name\":\"Camping de Saint Urcize\",\"description\":\"\",\"potentialAction\":[{\"@type\":\"SearchAction\",\"target\":{\"@type\":\"EntryPoint\",\"urlTemplate\":\"https:\\\/\\\/domainedelours.fr\\\/?s={search_term_string}\"},\"query-input\":{\"@type\":\"PropertyValueSpecification\",\"valueRequired\":true,\"valueName\":\"search_term_string\"}}],\"inLanguage\":\"en-GB\"}]}<\/script>\n<!-- \/ Yoast SEO plugin. -->","yoast_head_json":{"title":"[:fr]Emplacements[:de]Stellpl\u00e4tze[:en]Emplacements[:es]Parcelas[:] - Camping de Saint Urcize","description":"Camping situ\u00e9 \u00e0 Saint-Urcize en Aubrac. Emplacements nus avec ou sans \u00e9lectricit\u00e9 pour faire du camping en Aubrac. Salle commune.","robots":{"index":"index","follow":"follow","max-snippet":"max-snippet:-1","max-image-preview":"max-image-preview:large","max-video-preview":"max-video-preview:-1"},"canonical":"https:\/\/domainedelours.fr\/emplacements\/","og_locale":"en_GB","og_type":"article","og_title":"[:fr]Emplacements[:de]Stellpl\u00e4tze[:en]Emplacements[:es]Parcelas[:] - Camping de Saint Urcize","og_description":"Camping situ\u00e9 \u00e0 Saint-Urcize en Aubrac. Emplacements nus avec ou sans \u00e9lectricit\u00e9 pour faire du camping en Aubrac. Salle commune.","og_url":"https:\/\/domainedelours.fr\/emplacements\/","og_site_name":"Camping de Saint Urcize","article_modified_time":"2024-02-01T15:55:23+00:00","twitter_card":"summary_large_image","twitter_misc":{"Estimated reading time":"3 minutes"},"schema":{"@context":"https:\/\/schema.org","@graph":[{"@type":"WebPage","@id":"https:\/\/domainedelours.fr\/emplacements\/","url":"https:\/\/domainedelours.fr\/emplacements\/","name":"[:fr]Emplacements[:de]Stellpl\u00e4tze[:en]Emplacements[:es]Parcelas[:] - Camping de Saint Urcize","isPartOf":{"@id":"https:\/\/domainedelours.fr\/#website"},"datePublished":"2016-05-12T08:51:57+00:00","dateModified":"2024-02-01T15:55:23+00:00","description":"Camping situ\u00e9 \u00e0 Saint-Urcize en Aubrac. Emplacements nus avec ou sans \u00e9lectricit\u00e9 pour faire du camping en Aubrac. Salle commune.","breadcrumb":{"@id":"https:\/\/domainedelours.fr\/emplacements\/#breadcrumb"},"inLanguage":"en-GB","potentialAction":[{"@type":"ReadAction","target":["https:\/\/domainedelours.fr\/emplacements\/"]}]},{"@type":"BreadcrumbList","@id":"https:\/\/domainedelours.fr\/emplacements\/#breadcrumb","itemListElement":[{"@type":"ListItem","position":1,"name":"Accueil","item":"https:\/\/domainedelours.fr\/"},{"@type":"ListItem","position":2,"name":"Emplacements"}]},{"@type":"WebSite","@id":"https:\/\/domainedelours.fr\/#website","url":"https:\/\/domainedelours.fr\/","name":"Camping de Saint Urcize","description":"","potentialAction":[{"@type":"SearchAction","target":{"@type":"EntryPoint","urlTemplate":"https:\/\/domainedelours.fr\/?s={search_term_string}"},"query-input":{"@type":"PropertyValueSpecification","valueRequired":true,"valueName":"search_term_string"}}],"inLanguage":"en-GB"}]}},"_links":{"self":[{"href":"https:\/\/domainedelours.fr\/en\/wp-json\/wp\/v2\/pages\/437","targetHints":{"allow":["GET"]}}],"collection":[{"href":"https:\/\/domainedelours.fr\/en\/wp-json\/wp\/v2\/pages"}],"about":[{"href":"https:\/\/domainedelours.fr\/en\/wp-json\/wp\/v2\/types\/page"}],"author":[{"embeddable":true,"href":"https:\/\/domainedelours.fr\/en\/wp-json\/wp\/v2\/users\/1"}],"replies":[{"embeddable":true,"href":"https:\/\/domainedelours.fr\/en\/wp-json\/wp\/v2\/comments?post=437"}],"version-history":[{"count":84,"href":"https:\/\/domainedelours.fr\/en\/wp-json\/wp\/v2\/pages\/437\/revisions"}],"predecessor-version":[{"id":2465,"href":"https:\/\/domainedelours.fr\/en\/wp-json\/wp\/v2\/pages\/437\/revisions\/2465"}],"wp:attachment":[{"href":"https:\/\/domainedelours.fr\/en\/wp-json\/wp\/v2\/media?parent=437"}],"curies":[{"name":"wp","href":"https:\/\/api.w.org\/{rel}","templated":true}]}}