{"id":1454,"date":"2018-05-17T17:08:32","date_gmt":"2018-05-17T16:08:32","guid":{"rendered":"https:\/\/domainedelours.fr\/?page_id=1454"},"modified":"2024-01-30T17:53:09","modified_gmt":"2024-01-30T16:53:09","slug":"lodge-insolite-la-bulle-verte","status":"publish","type":"page","link":"https:\/\/domainedelours.fr\/es\/lodge-insolite-la-bulle-verte\/","title":{"rendered":"Caba\u00f1a ecol\u00f3gica La burbuja verde"},"content":{"rendered":"<p><div class=\"fusion-fullwidth fullwidth-box fusion-builder-row-13 nonhundred-percent-fullwidth non-hundred-percent-height-scrolling\" style=\"--awb-border-radius-top-left:0px;--awb-border-radius-top-right:0px;--awb-border-radius-bottom-right:0px;--awb-border-radius-bottom-left:0px;--awb-flex-wrap:wrap;\" ><div class=\"fusion-builder-row fusion-row\"><div class=\"fusion-layout-column fusion_builder_column fusion-builder-column-15 fusion_builder_column_1_1 1_1 fusion-one-full fusion-column-first fusion-column-last\" style=\"--awb-bg-size:cover;\"><div class=\"fusion-column-wrapper fusion-flex-column-wrapper-legacy\"><div class=\"fusion-image-element in-legacy-container\" style=\"--awb-caption-title-font-family:var(--h2_typography-font-family);--awb-caption-title-font-weight:var(--h2_typography-font-weight);--awb-caption-title-font-style:var(--h2_typography-font-style);--awb-caption-title-size:var(--h2_typography-font-size);--awb-caption-title-transform:var(--h2_typography-text-transform);--awb-caption-title-line-height:var(--h2_typography-line-height);--awb-caption-title-letter-spacing:var(--h2_typography-letter-spacing);\"><span class=\" fusion-imageframe imageframe-none imageframe-4 hover-type-none\"><img decoding=\"async\" width=\"1600\" height=\"1200\" title=\"Lodge La Bulle Verte\" src=\"data:image\/svg+xml,%3Csvg%20xmlns%3D%27http%3A%2F%2Fwww.w3.org%2F2000%2Fsvg%27%20width%3D%271600%27%20height%3D%271200%27%20viewBox%3D%270%200%201600%201200%27%3E%3Crect%20width%3D%271600%27%20height%3D%271200%27%20fill-opacity%3D%220%22%2F%3E%3C%2Fsvg%3E\" data-orig-src=\"https:\/\/domainedelours.fr\/wp-content\/uploads\/2018\/06\/exterior.jpg\" alt class=\"lazyload img-responsive wp-image-1510\"\/><\/span><\/div><div class=\"fusion-clearfix\"><\/div><\/div><\/div><\/div><\/div><div class=\"fusion-fullwidth fullwidth-box fusion-builder-row-14 nonhundred-percent-fullwidth non-hundred-percent-height-scrolling\" style=\"--awb-border-radius-top-left:0px;--awb-border-radius-top-right:0px;--awb-border-radius-bottom-right:0px;--awb-border-radius-bottom-left:0px;--awb-flex-wrap:wrap;\" ><div class=\"fusion-builder-row fusion-row\"><div class=\"fusion-layout-column fusion_builder_column fusion-builder-column-16 fusion_builder_column_1_1 1_1 fusion-one-full fusion-column-first fusion-column-last\" style=\"--awb-bg-size:cover;\"><div class=\"fusion-column-wrapper fusion-flex-column-wrapper-legacy\"><div class=\"fusion-image-carousel fusion-image-carousel-auto fusion-image-carousel-4 fusion-carousel-border\"><div class=\"awb-carousel awb-swiper awb-swiper-carousel\" data-autoplay=\"no\" data-columns=\"4\" data-itemmargin=\"13\" data-itemwidth=\"180\" data-touchscroll=\"no\" data-imagesize=\"auto\" style=\"--awb-columns:4;\"><div class=\"swiper-wrapper awb-image-carousel-wrapper fusion-flex-align-items-center\"><div class=\"swiper-slide\"><div class=\"fusion-carousel-item-wrapper\"><div class=\"fusion-image-wrapper hover-type-none\"><img decoding=\"async\" class=\"lazyload\" src=\"data:image\/gif;base64,R0lGODlhAQABAAAAACH5BAEKAAEALAAAAAABAAEAAAICTAEAOw==\" data-orig-src=\"https:\/\/domainedelours.fr\/wp-content\/uploads\/2018\/05\/3-ch.jpg\" alt=\"\"\/><\/div><\/div><\/div><div class=\"swiper-slide\"><div class=\"fusion-carousel-item-wrapper\"><div class=\"fusion-image-wrapper hover-type-none\"><img decoding=\"async\" class=\"lazyload\" src=\"data:image\/gif;base64,R0lGODlhAQABAAAAACH5BAEKAAEALAAAAAABAAEAAAICTAEAOw==\" data-orig-src=\"https:\/\/domainedelours.fr\/wp-content\/uploads\/2018\/05\/4-ch.jpg\" alt=\"\"\/><\/div><\/div><\/div><div class=\"swiper-slide\"><div class=\"fusion-carousel-item-wrapper\"><div class=\"fusion-image-wrapper hover-type-none\"><img decoding=\"async\" class=\"lazyload\" src=\"data:image\/gif;base64,R0lGODlhAQABAAAAACH5BAEKAAEALAAAAAABAAEAAAICTAEAOw==\" data-orig-src=\"https:\/\/domainedelours.fr\/wp-content\/uploads\/2018\/05\/6-cuisine.jpg\" alt=\"\"\/><\/div><\/div><\/div><div class=\"swiper-slide\"><div class=\"fusion-carousel-item-wrapper\"><div class=\"fusion-image-wrapper hover-type-none\"><img decoding=\"async\" width=\"1200\" height=\"1600\" src=\"data:image\/svg+xml,%3Csvg%20xmlns%3D%27http%3A%2F%2Fwww.w3.org%2F2000%2Fsvg%27%20width%3D%271200%27%20height%3D%271600%27%20viewBox%3D%270%200%201200%201600%27%3E%3Crect%20width%3D%271200%27%20height%3D%271600%27%20fill-opacity%3D%220%22%2F%3E%3C%2Fsvg%3E\" class=\"attachment-full size-full lazyload\" alt=\"\" data-orig-src=\"https:\/\/domainedelours.fr\/wp-content\/uploads\/2018\/05\/7-sdb.jpg\" \/><\/div><\/div><\/div><div class=\"swiper-slide\"><div class=\"fusion-carousel-item-wrapper\"><div class=\"fusion-image-wrapper hover-type-none\"><img decoding=\"async\" width=\"1200\" height=\"1600\" src=\"data:image\/svg+xml,%3Csvg%20xmlns%3D%27http%3A%2F%2Fwww.w3.org%2F2000%2Fsvg%27%20width%3D%271200%27%20height%3D%271600%27%20viewBox%3D%270%200%201200%201600%27%3E%3Crect%20width%3D%271200%27%20height%3D%271600%27%20fill-opacity%3D%220%22%2F%3E%3C%2Fsvg%3E\" class=\"attachment-full size-full lazyload\" alt=\"\" data-orig-src=\"https:\/\/domainedelours.fr\/wp-content\/uploads\/2018\/06\/int-2.jpg\" \/><\/div><\/div><\/div><div class=\"swiper-slide\"><div class=\"fusion-carousel-item-wrapper\"><div class=\"fusion-image-wrapper hover-type-none\"><img decoding=\"async\" width=\"1200\" height=\"1600\" src=\"data:image\/svg+xml,%3Csvg%20xmlns%3D%27http%3A%2F%2Fwww.w3.org%2F2000%2Fsvg%27%20width%3D%271200%27%20height%3D%271600%27%20viewBox%3D%270%200%201200%201600%27%3E%3Crect%20width%3D%271200%27%20height%3D%271600%27%20fill-opacity%3D%220%22%2F%3E%3C%2Fsvg%3E\" class=\"attachment-full size-full lazyload\" alt=\"\" data-orig-src=\"https:\/\/domainedelours.fr\/wp-content\/uploads\/2018\/06\/int-1.jpg\" \/><\/div><\/div><\/div><div class=\"swiper-slide\"><div class=\"fusion-carousel-item-wrapper\"><div class=\"fusion-image-wrapper hover-type-none\"><img decoding=\"async\" width=\"1200\" height=\"1600\" src=\"data:image\/svg+xml,%3Csvg%20xmlns%3D%27http%3A%2F%2Fwww.w3.org%2F2000%2Fsvg%27%20width%3D%271200%27%20height%3D%271600%27%20viewBox%3D%270%200%201200%201600%27%3E%3Crect%20width%3D%271200%27%20height%3D%271600%27%20fill-opacity%3D%220%22%2F%3E%3C%2Fsvg%3E\" class=\"attachment-full size-full lazyload\" alt=\"\" data-orig-src=\"https:\/\/domainedelours.fr\/wp-content\/uploads\/2018\/06\/cusine-e1561389733867.jpg\" \/><\/div><\/div><\/div><div class=\"swiper-slide\"><div class=\"fusion-carousel-item-wrapper\"><div class=\"fusion-image-wrapper hover-type-none\"><img decoding=\"async\" width=\"1200\" height=\"1600\" src=\"data:image\/svg+xml,%3Csvg%20xmlns%3D%27http%3A%2F%2Fwww.w3.org%2F2000%2Fsvg%27%20width%3D%271200%27%20height%3D%271600%27%20viewBox%3D%270%200%201200%201600%27%3E%3Crect%20width%3D%271200%27%20height%3D%271600%27%20fill-opacity%3D%220%22%2F%3E%3C%2Fsvg%3E\" class=\"attachment-full size-full lazyload\" alt=\"\" data-orig-src=\"https:\/\/domainedelours.fr\/wp-content\/uploads\/2018\/06\/int-4.jpg\" \/><\/div><\/div><\/div><div class=\"swiper-slide\"><div class=\"fusion-carousel-item-wrapper\"><div class=\"fusion-image-wrapper hover-type-none\"><img decoding=\"async\" width=\"1200\" height=\"1600\" src=\"data:image\/svg+xml,%3Csvg%20xmlns%3D%27http%3A%2F%2Fwww.w3.org%2F2000%2Fsvg%27%20width%3D%271200%27%20height%3D%271600%27%20viewBox%3D%270%200%201200%201600%27%3E%3Crect%20width%3D%271200%27%20height%3D%271600%27%20fill-opacity%3D%220%22%2F%3E%3C%2Fsvg%3E\" class=\"attachment-full size-full lazyload\" alt=\"\" data-orig-src=\"https:\/\/domainedelours.fr\/wp-content\/uploads\/2018\/06\/duche.jpg\" \/><\/div><\/div><\/div><\/div><div class=\"awb-swiper-button awb-swiper-button-prev\"><i class=\"awb-icon-angle-left\" aria-hidden=\"true\"><\/i><\/div><div class=\"awb-swiper-button awb-swiper-button-next\"><i class=\"awb-icon-angle-right\" aria-hidden=\"true\"><\/i><\/div><\/div><\/div><div class=\"fusion-clearfix\"><\/div><\/div><\/div><\/div><\/div><div class=\"fusion-fullwidth fullwidth-box fusion-builder-row-15 nonhundred-percent-fullwidth non-hundred-percent-height-scrolling\" style=\"--awb-border-radius-top-left:0px;--awb-border-radius-top-right:0px;--awb-border-radius-bottom-right:0px;--awb-border-radius-bottom-left:0px;--awb-flex-wrap:wrap;\" ><div class=\"fusion-builder-row fusion-row\"><div class=\"fusion-layout-column fusion_builder_column fusion-builder-column-17 fusion_builder_column_1_2 1_2 fusion-one-half fusion-column-first\" style=\"--awb-bg-size:cover;width:50%;width:calc(50% - ( ( 4% ) * 0.5 ) );margin-right: 4%;\"><div class=\"fusion-column-wrapper fusion-flex-column-wrapper-legacy\"><div class=\"fusion-text fusion-text-10\"><h2>Caba\u00f1a ecol\u00f3gica La burbuja verde<\/h2>\n<div class=\"littleGreenBar\"><\/div>\n<p>Caba\u00f1a ecol\u00f3gica \u201cLa burbuja verde\u201d es una construcci\u00f3n ecol\u00f3gica \u00fanica. Hecha por completo de madera y con un techo cubierto de vegetaci\u00f3n, este alojamiento, cuyas elegantes curvas rodean un \u00e1rea de 30m\u00b2, fue dise\u00f1ada para darle la bienvenida a cualquiera entre 7 y 77 a\u00f1os. Una grande y moderna ducha italiana, abundante espacio alrededor de la cama principal, esta caba\u00f1a tiene un aparcamiento privado y una rampa de acceso con una inclinaci\u00f3n tan suave como la de las colinas a su alrededor.<\/p>\n<ul>\n<li>Superficie : 30 m\u00b2 \/ De f\u00e1cil acceso para todos \/ Equipado para minusv\u00e1lidos<\/li>\n<li>Capacidad : 2 a 4 personas<\/li>\n<li>Espacio exterior privado<\/li>\n<li>Cocina \/ Ba\u00f1o<\/li>\n<\/ul>\n<\/div><div class=\"fusion-clearfix\"><\/div><\/div><\/div><div class=\"fusion-layout-column fusion_builder_column fusion-builder-column-18 fusion_builder_column_1_2 1_2 fusion-one-half fusion-column-last\" style=\"--awb-bg-size:cover;width:50%;width:calc(50% - ( ( 4% ) * 0.5 ) );\"><div class=\"fusion-column-wrapper fusion-flex-column-wrapper-legacy\"><div class=\"fusion-text fusion-text-11\"><h2>Planning<\/h2>\n<div class=\"littleGreenBar\"><\/div>\n<ul>\n<li>Caba\u00f1a ecol\u00f3gica \u00abLa burbuja verde\u00bb 2\/4 Personas<\/li>\n<\/ul>\n<\/div><div class=\"fusion-clearfix\"><\/div><\/div><\/div><\/div><\/div><div class=\"fusion-fullwidth fullwidth-box fusion-builder-row-16 nonhundred-percent-fullwidth non-hundred-percent-height-scrolling\" style=\"--awb-border-radius-top-left:0px;--awb-border-radius-top-right:0px;--awb-border-radius-bottom-right:0px;--awb-border-radius-bottom-left:0px;--awb-flex-wrap:wrap;\" ><div class=\"fusion-builder-row fusion-row\"><div class=\"fusion-layout-column fusion_builder_column fusion-builder-column-19 fusion_builder_column_1_1 1_1 fusion-one-full fusion-column-first fusion-column-last\" style=\"--awb-bg-size:cover;\"><div class=\"fusion-column-wrapper fusion-flex-column-wrapper-legacy\"><div class=\"fusion-text fusion-text-12\"><h2>Descripci\u00f3n<\/h2>\n<div class=\"littleGreenBar\"><\/div>\n<p>1 caba\u00f1a ecol\u00f3gica La burbuja verde con una capacidad de 2 a 4 personas :<\/p>\n<ul>\n<li>1 habitaci\u00f3n con 1 cama de 140\u00d7190 separadas por una cortina y 1 cama doble en el sal\u00f3n. Mantas y almohadas proporcionadas (s\u00e1banas no).<\/li>\n<li>Una cocina equipada con un frigor\u00edfico, una hornilla de 2 fuegos, una mesa y 4 sillas, un microondas, una tostadora, un hervidor, vajilla y utensilios de cocina.<\/li>\n<li>Sala de ba\u00f1o completa con ducha con acceso para minusv\u00e1lidos, lavabo, inodoro y secador de toallas. La caba\u00f1a dispone de su proprio espacio exterior.<\/li>\n<li>Servicios disponibles: Ba\u00f1o Finland\u00e9s + Sauna (12\u20ac\/h\/pers. entre Mayo y Septiembre), lavadora y secador (3,50\u20ac), barbacoa (comunitaria), sala TV, Wifi, alquilamiento de s\u00e1banas y toallas (10\u20ac), supermercado, productos locales, almac\u00e9n de pan, servicio de correos, equipamiento de beb\u00e9s.<\/li>\n<li>En el pueblo, que se encuentra a 1 km del camping, hay tiendas y un alquiler de bicicletas. Desde ah\u00ed puede hacer circuitos BTT, senderismo, pesca en r\u00edos, nadar, visitar el centro de bienestar en Chaldette y hacer termalismo en Chaudes Aigues.<\/li>\n<\/ul>\n<\/div><div class=\"fusion-clearfix\"><\/div><\/div><\/div><\/div><\/div><\/p>","protected":false},"excerpt":{"rendered":"","protected":false},"author":1,"featured_media":0,"parent":0,"menu_order":0,"comment_status":"closed","ping_status":"closed","template":"","meta":{"footnotes":""},"class_list":["post-1454","page","type-page","status-publish","hentry"],"yoast_head":"<!-- This site is optimized with the Yoast SEO plugin v27.4 - https:\/\/yoast.com\/product\/yoast-seo-wordpress\/ -->\n<title><\/title>\n<meta name=\"description\" content=\"{:fr}{:fr}Camping au c\u0153ur de la nature en r\u00e9gion Auvergne. Gite insolite confortable pour 4 personnes. Acc\u00e8s PMR avec grande douche.{:}{:}\" \/>\n<meta name=\"robots\" content=\"index, follow, max-snippet:-1, max-image-preview:large, max-video-preview:-1\" \/>\n<link rel=\"canonical\" href=\"https:\/\/domainedelours.fr\/lodge-insolite-la-bulle-verte\/\" \/>\n<meta property=\"og:locale\" content=\"es_ES\" \/>\n<meta property=\"og:type\" content=\"article\" \/>\n<meta property=\"og:title\" content=\"[:fr]Domaine de l&#039;Ours***, g\u00eete insolite PMR en Aubrac. [:]\" \/>\n<meta property=\"og:description\" content=\"{:fr}{:fr}Camping au c\u0153ur de la nature en r\u00e9gion Auvergne. Gite insolite confortable pour 4 personnes. Acc\u00e8s PMR avec grande douche.{:}{:}\" \/>\n<meta property=\"og:url\" content=\"https:\/\/domainedelours.fr\/lodge-insolite-la-bulle-verte\/\" \/>\n<meta property=\"og:site_name\" content=\"Camping de Saint Urcize\" \/>\n<meta property=\"article:modified_time\" content=\"2024-01-30T16:53:09+00:00\" \/>\n<meta name=\"twitter:card\" content=\"summary_large_image\" \/>\n<meta name=\"twitter:label1\" content=\"Tiempo de lectura\" \/>\n\t<meta name=\"twitter:data1\" content=\"5 minutos\" \/>\n<script type=\"application\/ld+json\" class=\"yoast-schema-graph\">{\"@context\":\"https:\\\/\\\/schema.org\",\"@graph\":[{\"@type\":\"WebPage\",\"@id\":\"https:\\\/\\\/domainedelours.fr\\\/lodge-insolite-la-bulle-verte\\\/\",\"url\":\"https:\\\/\\\/domainedelours.fr\\\/lodge-insolite-la-bulle-verte\\\/\",\"name\":\"[:fr]Domaine de l'Ours***, g\u00eete insolite PMR en Aubrac. [:]\",\"isPartOf\":{\"@id\":\"https:\\\/\\\/domainedelours.fr\\\/#website\"},\"datePublished\":\"2018-05-17T16:08:32+00:00\",\"dateModified\":\"2024-01-30T16:53:09+00:00\",\"description\":\"{:fr}{:fr}Camping au c\u0153ur de la nature en r\u00e9gion Auvergne. Gite insolite confortable pour 4 personnes. Acc\u00e8s PMR avec grande douche.{:}{:}\",\"breadcrumb\":{\"@id\":\"https:\\\/\\\/domainedelours.fr\\\/lodge-insolite-la-bulle-verte\\\/#breadcrumb\"},\"inLanguage\":\"es\",\"potentialAction\":[{\"@type\":\"ReadAction\",\"target\":[\"https:\\\/\\\/domainedelours.fr\\\/lodge-insolite-la-bulle-verte\\\/\"]}]},{\"@type\":\"BreadcrumbList\",\"@id\":\"https:\\\/\\\/domainedelours.fr\\\/lodge-insolite-la-bulle-verte\\\/#breadcrumb\",\"itemListElement\":[{\"@type\":\"ListItem\",\"position\":1,\"name\":\"Accueil\",\"item\":\"https:\\\/\\\/domainedelours.fr\\\/\"},{\"@type\":\"ListItem\",\"position\":2,\"name\":\"Lodge insolite La bulle verte\"}]},{\"@type\":\"WebSite\",\"@id\":\"https:\\\/\\\/domainedelours.fr\\\/#website\",\"url\":\"https:\\\/\\\/domainedelours.fr\\\/\",\"name\":\"Camping de Saint Urcize\",\"description\":\"\",\"potentialAction\":[{\"@type\":\"SearchAction\",\"target\":{\"@type\":\"EntryPoint\",\"urlTemplate\":\"https:\\\/\\\/domainedelours.fr\\\/?s={search_term_string}\"},\"query-input\":{\"@type\":\"PropertyValueSpecification\",\"valueRequired\":true,\"valueName\":\"search_term_string\"}}],\"inLanguage\":\"es\"}]}<\/script>\n<!-- \/ Yoast SEO plugin. -->","yoast_head_json":{"title":"[:fr]Domaine de l'Ours***, g\u00eete insolite PMR en Aubrac. [:]","description":"{:fr}{:fr}Camping au c\u0153ur de la nature en r\u00e9gion Auvergne. Gite insolite confortable pour 4 personnes. Acc\u00e8s PMR avec grande douche.{:}{:}","robots":{"index":"index","follow":"follow","max-snippet":"max-snippet:-1","max-image-preview":"max-image-preview:large","max-video-preview":"max-video-preview:-1"},"canonical":"https:\/\/domainedelours.fr\/lodge-insolite-la-bulle-verte\/","og_locale":"es_ES","og_type":"article","og_title":"[:fr]Domaine de l'Ours***, g\u00eete insolite PMR en Aubrac. [:]","og_description":"{:fr}{:fr}Camping au c\u0153ur de la nature en r\u00e9gion Auvergne. Gite insolite confortable pour 4 personnes. Acc\u00e8s PMR avec grande douche.{:}{:}","og_url":"https:\/\/domainedelours.fr\/lodge-insolite-la-bulle-verte\/","og_site_name":"Camping de Saint Urcize","article_modified_time":"2024-01-30T16:53:09+00:00","twitter_card":"summary_large_image","twitter_misc":{"Tiempo de lectura":"5 minutos"},"schema":{"@context":"https:\/\/schema.org","@graph":[{"@type":"WebPage","@id":"https:\/\/domainedelours.fr\/lodge-insolite-la-bulle-verte\/","url":"https:\/\/domainedelours.fr\/lodge-insolite-la-bulle-verte\/","name":"[:fr]Domaine de l'Ours***, g\u00eete insolite PMR en Aubrac. [:]","isPartOf":{"@id":"https:\/\/domainedelours.fr\/#website"},"datePublished":"2018-05-17T16:08:32+00:00","dateModified":"2024-01-30T16:53:09+00:00","description":"{:fr}{:fr}Camping au c\u0153ur de la nature en r\u00e9gion Auvergne. Gite insolite confortable pour 4 personnes. Acc\u00e8s PMR avec grande douche.{:}{:}","breadcrumb":{"@id":"https:\/\/domainedelours.fr\/lodge-insolite-la-bulle-verte\/#breadcrumb"},"inLanguage":"es","potentialAction":[{"@type":"ReadAction","target":["https:\/\/domainedelours.fr\/lodge-insolite-la-bulle-verte\/"]}]},{"@type":"BreadcrumbList","@id":"https:\/\/domainedelours.fr\/lodge-insolite-la-bulle-verte\/#breadcrumb","itemListElement":[{"@type":"ListItem","position":1,"name":"Accueil","item":"https:\/\/domainedelours.fr\/"},{"@type":"ListItem","position":2,"name":"Lodge insolite La bulle verte"}]},{"@type":"WebSite","@id":"https:\/\/domainedelours.fr\/#website","url":"https:\/\/domainedelours.fr\/","name":"Camping de Saint Urcize","description":"","potentialAction":[{"@type":"SearchAction","target":{"@type":"EntryPoint","urlTemplate":"https:\/\/domainedelours.fr\/?s={search_term_string}"},"query-input":{"@type":"PropertyValueSpecification","valueRequired":true,"valueName":"search_term_string"}}],"inLanguage":"es"}]}},"_links":{"self":[{"href":"https:\/\/domainedelours.fr\/es\/wp-json\/wp\/v2\/pages\/1454","targetHints":{"allow":["GET"]}}],"collection":[{"href":"https:\/\/domainedelours.fr\/es\/wp-json\/wp\/v2\/pages"}],"about":[{"href":"https:\/\/domainedelours.fr\/es\/wp-json\/wp\/v2\/types\/page"}],"author":[{"embeddable":true,"href":"https:\/\/domainedelours.fr\/es\/wp-json\/wp\/v2\/users\/1"}],"replies":[{"embeddable":true,"href":"https:\/\/domainedelours.fr\/es\/wp-json\/wp\/v2\/comments?post=1454"}],"version-history":[{"count":52,"href":"https:\/\/domainedelours.fr\/es\/wp-json\/wp\/v2\/pages\/1454\/revisions"}],"predecessor-version":[{"id":2467,"href":"https:\/\/domainedelours.fr\/es\/wp-json\/wp\/v2\/pages\/1454\/revisions\/2467"}],"wp:attachment":[{"href":"https:\/\/domainedelours.fr\/es\/wp-json\/wp\/v2\/media?parent=1454"}],"curies":[{"name":"wp","href":"https:\/\/api.w.org\/{rel}","templated":true}]}}