{"id":2155,"date":"2021-04-12T09:04:08","date_gmt":"2021-04-12T08:04:08","guid":{"rendered":"https:\/\/domainedelours.fr\/?page_id=2155"},"modified":"2025-12-16T10:15:15","modified_gmt":"2025-12-16T09:15:15","slug":"reservations","status":"publish","type":"page","link":"https:\/\/domainedelours.fr\/es\/reservations\/","title":{"rendered":"Disponibilit\u00e9s"},"content":{"rendered":"<p><div class=\"fusion-fullwidth fullwidth-box fusion-builder-row-4 fusion-flex-container nonhundred-percent-fullwidth non-hundred-percent-height-scrolling\" style=\"--awb-border-radius-top-left:0px;--awb-border-radius-top-right:0px;--awb-border-radius-bottom-right:0px;--awb-border-radius-bottom-left:0px;--awb-flex-wrap:wrap;\" ><div class=\"fusion-builder-row fusion-row fusion-flex-align-items-flex-start fusion-flex-content-wrap\" style=\"max-width:1144px;margin-left: calc(-4% \/ 2 );margin-right: calc(-4% \/ 2 );\"><div class=\"fusion-layout-column fusion_builder_column fusion-builder-column-2 fusion_builder_column_1_1 1_1 fusion-flex-column\" style=\"--awb-bg-size:cover;--awb-width-large:100%;--awb-margin-top-large:0px;--awb-spacing-right-large:1.92%;--awb-margin-bottom-large:20px;--awb-spacing-left-large:1.92%;--awb-width-medium:100%;--awb-order-medium:0;--awb-spacing-right-medium:1.92%;--awb-spacing-left-medium:1.92%;--awb-width-small:100%;--awb-order-small:0;--awb-spacing-right-small:1.92%;--awb-spacing-left-small:1.92%;\"><div class=\"fusion-column-wrapper fusion-column-has-shadow fusion-flex-justify-content-flex-start fusion-content-layout-column\"><div class=\"fusion-text fusion-text-3\"><p>Madame, Monsieur,<\/p>\n<p>Merci pour votre demande de renseignement.<\/p>\n<p>Nous terminons le param\u00e9trage du nouvel outil de r\u00e9servations en ligne. Il devrait \u00eatre disponible \u00e0 la fin du mois d\u2019Avril.<\/p>\n<p>En attendant, vous pouvez nous envoyer votre demande de r\u00e9servation par mail. Nous la saisirons sur le planning \u00ab\u00a0en construction\u00a0\u00bb. Puis nous vous enverrons une confirmation.<\/p>\n<p>Nous nous tenons bien entendu \u00e0 votre totale disposition pour tout compl\u00e9ment d&#8217;information.<\/p>\n<p>Dans l&#8217;attente de vous accueillir avec grand plaisir \u00e0 Saint-Urcize, au c\u0153ur de l&#8217;Aubrac.<\/p>\n<p>Tr\u00e8s cordialement<\/p>\n<p>Vincent<br \/>\nDomaine de l&#8217;Ours***<br \/>\nLodges \/ Bien-\u00eatre \/ Camping<br \/>\n04 71 20 27 99<br \/>\n<a href=\"http:\/\/www.domainedelours.fr\/\">www.domainedelours.fr<\/a><br \/>\n<a href=\"mailto:contact@domainedelours.fr\">contact@domainedelours.fr<\/a><\/p>\n<\/div><\/div><\/div><\/div><\/div><\/p>","protected":false},"excerpt":{"rendered":"","protected":false},"author":1,"featured_media":0,"parent":0,"menu_order":0,"comment_status":"closed","ping_status":"closed","template":"","meta":{"footnotes":""},"class_list":["post-2155","page","type-page","status-publish","hentry"],"yoast_head":"<!-- This site is optimized with the Yoast SEO plugin v27.3 - https:\/\/yoast.com\/product\/yoast-seo-wordpress\/ -->\n<title>Domaine de l&#039;Ours*** : R\u00e9servations<\/title>\n<meta name=\"description\" content=\"R\u00e9server votre s\u00e9jour insolite en Aubrac. Exp\u00e9rience immersive incomparable tr\u00e8s glamping \u00e0 partager \u00e0 2 ou en famille.\" \/>\n<meta name=\"robots\" content=\"index, follow, max-snippet:-1, max-image-preview:large, max-video-preview:-1\" \/>\n<link rel=\"canonical\" href=\"https:\/\/domainedelours.fr\/reservations\/\" \/>\n<meta property=\"og:locale\" content=\"es_ES\" \/>\n<meta property=\"og:type\" content=\"article\" \/>\n<meta property=\"og:title\" content=\"Domaine de l&#039;Ours*** : R\u00e9servations\" \/>\n<meta property=\"og:description\" content=\"R\u00e9server votre s\u00e9jour insolite en Aubrac. Exp\u00e9rience immersive incomparable tr\u00e8s glamping \u00e0 partager \u00e0 2 ou en famille.\" \/>\n<meta property=\"og:url\" content=\"https:\/\/domainedelours.fr\/reservations\/\" \/>\n<meta property=\"og:site_name\" content=\"Camping de Saint Urcize\" \/>\n<meta property=\"article:modified_time\" content=\"2025-12-16T09:15:15+00:00\" \/>\n<meta name=\"twitter:card\" content=\"summary_large_image\" \/>\n<meta name=\"twitter:label1\" content=\"Tiempo de lectura\" \/>\n\t<meta name=\"twitter:data1\" content=\"2 minutos\" \/>\n<script type=\"application\/ld+json\" class=\"yoast-schema-graph\">{\"@context\":\"https:\\\/\\\/schema.org\",\"@graph\":[{\"@type\":\"WebPage\",\"@id\":\"https:\\\/\\\/domainedelours.fr\\\/reservations\\\/\",\"url\":\"https:\\\/\\\/domainedelours.fr\\\/reservations\\\/\",\"name\":\"Domaine de l'Ours*** : R\u00e9servations\",\"isPartOf\":{\"@id\":\"https:\\\/\\\/domainedelours.fr\\\/#website\"},\"datePublished\":\"2021-04-12T08:04:08+00:00\",\"dateModified\":\"2025-12-16T09:15:15+00:00\",\"description\":\"R\u00e9server votre s\u00e9jour insolite en Aubrac. Exp\u00e9rience immersive incomparable tr\u00e8s glamping \u00e0 partager \u00e0 2 ou en famille.\",\"breadcrumb\":{\"@id\":\"https:\\\/\\\/domainedelours.fr\\\/reservations\\\/#breadcrumb\"},\"inLanguage\":\"es\",\"potentialAction\":[{\"@type\":\"ReadAction\",\"target\":[\"https:\\\/\\\/domainedelours.fr\\\/reservations\\\/\"]}]},{\"@type\":\"BreadcrumbList\",\"@id\":\"https:\\\/\\\/domainedelours.fr\\\/reservations\\\/#breadcrumb\",\"itemListElement\":[{\"@type\":\"ListItem\",\"position\":1,\"name\":\"Accueil\",\"item\":\"https:\\\/\\\/domainedelours.fr\\\/\"},{\"@type\":\"ListItem\",\"position\":2,\"name\":\"R\u00e9servations\"}]},{\"@type\":\"WebSite\",\"@id\":\"https:\\\/\\\/domainedelours.fr\\\/#website\",\"url\":\"https:\\\/\\\/domainedelours.fr\\\/\",\"name\":\"Camping de Saint Urcize\",\"description\":\"\",\"potentialAction\":[{\"@type\":\"SearchAction\",\"target\":{\"@type\":\"EntryPoint\",\"urlTemplate\":\"https:\\\/\\\/domainedelours.fr\\\/?s={search_term_string}\"},\"query-input\":{\"@type\":\"PropertyValueSpecification\",\"valueRequired\":true,\"valueName\":\"search_term_string\"}}],\"inLanguage\":\"es\"}]}<\/script>\n<!-- \/ Yoast SEO plugin. -->","yoast_head_json":{"title":"Domaine de l'Ours*** : R\u00e9servations","description":"R\u00e9server votre s\u00e9jour insolite en Aubrac. Exp\u00e9rience immersive incomparable tr\u00e8s glamping \u00e0 partager \u00e0 2 ou en famille.","robots":{"index":"index","follow":"follow","max-snippet":"max-snippet:-1","max-image-preview":"max-image-preview:large","max-video-preview":"max-video-preview:-1"},"canonical":"https:\/\/domainedelours.fr\/reservations\/","og_locale":"es_ES","og_type":"article","og_title":"Domaine de l'Ours*** : R\u00e9servations","og_description":"R\u00e9server votre s\u00e9jour insolite en Aubrac. Exp\u00e9rience immersive incomparable tr\u00e8s glamping \u00e0 partager \u00e0 2 ou en famille.","og_url":"https:\/\/domainedelours.fr\/reservations\/","og_site_name":"Camping de Saint Urcize","article_modified_time":"2025-12-16T09:15:15+00:00","twitter_card":"summary_large_image","twitter_misc":{"Tiempo de lectura":"2 minutos"},"schema":{"@context":"https:\/\/schema.org","@graph":[{"@type":"WebPage","@id":"https:\/\/domainedelours.fr\/reservations\/","url":"https:\/\/domainedelours.fr\/reservations\/","name":"Domaine de l'Ours*** : R\u00e9servations","isPartOf":{"@id":"https:\/\/domainedelours.fr\/#website"},"datePublished":"2021-04-12T08:04:08+00:00","dateModified":"2025-12-16T09:15:15+00:00","description":"R\u00e9server votre s\u00e9jour insolite en Aubrac. Exp\u00e9rience immersive incomparable tr\u00e8s glamping \u00e0 partager \u00e0 2 ou en famille.","breadcrumb":{"@id":"https:\/\/domainedelours.fr\/reservations\/#breadcrumb"},"inLanguage":"es","potentialAction":[{"@type":"ReadAction","target":["https:\/\/domainedelours.fr\/reservations\/"]}]},{"@type":"BreadcrumbList","@id":"https:\/\/domainedelours.fr\/reservations\/#breadcrumb","itemListElement":[{"@type":"ListItem","position":1,"name":"Accueil","item":"https:\/\/domainedelours.fr\/"},{"@type":"ListItem","position":2,"name":"R\u00e9servations"}]},{"@type":"WebSite","@id":"https:\/\/domainedelours.fr\/#website","url":"https:\/\/domainedelours.fr\/","name":"Camping de Saint Urcize","description":"","potentialAction":[{"@type":"SearchAction","target":{"@type":"EntryPoint","urlTemplate":"https:\/\/domainedelours.fr\/?s={search_term_string}"},"query-input":{"@type":"PropertyValueSpecification","valueRequired":true,"valueName":"search_term_string"}}],"inLanguage":"es"}]}},"_links":{"self":[{"href":"https:\/\/domainedelours.fr\/es\/wp-json\/wp\/v2\/pages\/2155","targetHints":{"allow":["GET"]}}],"collection":[{"href":"https:\/\/domainedelours.fr\/es\/wp-json\/wp\/v2\/pages"}],"about":[{"href":"https:\/\/domainedelours.fr\/es\/wp-json\/wp\/v2\/types\/page"}],"author":[{"embeddable":true,"href":"https:\/\/domainedelours.fr\/es\/wp-json\/wp\/v2\/users\/1"}],"replies":[{"embeddable":true,"href":"https:\/\/domainedelours.fr\/es\/wp-json\/wp\/v2\/comments?post=2155"}],"version-history":[{"count":38,"href":"https:\/\/domainedelours.fr\/es\/wp-json\/wp\/v2\/pages\/2155\/revisions"}],"predecessor-version":[{"id":2758,"href":"https:\/\/domainedelours.fr\/es\/wp-json\/wp\/v2\/pages\/2155\/revisions\/2758"}],"wp:attachment":[{"href":"https:\/\/domainedelours.fr\/es\/wp-json\/wp\/v2\/media?parent=2155"}],"curies":[{"name":"wp","href":"https:\/\/api.w.org\/{rel}","templated":true}]}}