{"id":2807,"date":"2026-05-07T13:45:58","date_gmt":"2026-05-07T12:45:58","guid":{"rendered":"https:\/\/domainedelours.fr\/?page_id=2807"},"modified":"2026-05-07T13:48:03","modified_gmt":"2026-05-07T12:48:03","slug":"pignecosy","status":"publish","type":"page","link":"https:\/\/domainedelours.fr\/es\/pignecosy\/","title":{"rendered":"( Cloned )"},"content":{"rendered":"<p class=\"qtranxs-available-languages-message qtranxs-available-languages-message-es\">Disculpa, pero esta entrada est\u00e1 disponible s\u00f3lo en <a href=\"https:\/\/domainedelours.fr\/fr\/wp-json\/wp\/v2\/pages\/2807\" class=\"qtranxs-available-language-link qtranxs-available-language-link-fr\" title=\"Fran\u00e7ais\">Fran\u00e7ais<\/a>. For the sake of viewer convenience, the content is shown below in the alternative language. You may click the link to switch the active language.<\/p><p><div class=\"fusion-fullwidth fullwidth-box fusion-builder-row-1 nonhundred-percent-fullwidth non-hundred-percent-height-scrolling\" style=\"--awb-border-radius-top-left:0px;--awb-border-radius-top-right:0px;--awb-border-radius-bottom-right:0px;--awb-border-radius-bottom-left:0px;--awb-flex-wrap:wrap;\" ><div class=\"fusion-builder-row fusion-row\"><div class=\"fusion-layout-column fusion_builder_column fusion-builder-column-0 fusion_builder_column_1_2 1_2 fusion-one-half fusion-column-first\" style=\"--awb-bg-size:cover;width:50%;width:calc(50% - ( ( 4% ) * 0.5 ) );margin-right: 4%;\"><div class=\"fusion-column-wrapper fusion-flex-column-wrapper-legacy\"><div class=\"fusion-image-element in-legacy-container\" style=\"--awb-caption-title-font-family:var(--h2_typography-font-family);--awb-caption-title-font-weight:var(--h2_typography-font-weight);--awb-caption-title-font-style:var(--h2_typography-font-style);--awb-caption-title-size:var(--h2_typography-font-size);--awb-caption-title-transform:var(--h2_typography-text-transform);--awb-caption-title-line-height:var(--h2_typography-line-height);--awb-caption-title-letter-spacing:var(--h2_typography-letter-spacing);\"><span class=\" fusion-imageframe imageframe-none imageframe-1 hover-type-none\"><img decoding=\"async\" width=\"1024\" height=\"768\" title=\"01_1024x768px\" src=\"https:\/\/domainedelours.fr\/wp-content\/uploads\/2026\/05\/01_1024x768px.jpg\" data-orig-src=\"https:\/\/domainedelours.fr\/wp-content\/uploads\/2026\/05\/01_1024x768px.jpg\" alt class=\"lazyload img-responsive wp-image-2809\" srcset=\"data:image\/svg+xml,%3Csvg%20xmlns%3D%27http%3A%2F%2Fwww.w3.org%2F2000%2Fsvg%27%20width%3D%271024%27%20height%3D%27768%27%20viewBox%3D%270%200%201024%20768%27%3E%3Crect%20width%3D%271024%27%20height%3D%27768%27%20fill-opacity%3D%220%22%2F%3E%3C%2Fsvg%3E\" data-srcset=\"https:\/\/domainedelours.fr\/wp-content\/uploads\/2026\/05\/01_1024x768px-200x150.jpg 200w, https:\/\/domainedelours.fr\/wp-content\/uploads\/2026\/05\/01_1024x768px-400x300.jpg 400w, https:\/\/domainedelours.fr\/wp-content\/uploads\/2026\/05\/01_1024x768px-600x450.jpg 600w, https:\/\/domainedelours.fr\/wp-content\/uploads\/2026\/05\/01_1024x768px-800x600.jpg 800w, https:\/\/domainedelours.fr\/wp-content\/uploads\/2026\/05\/01_1024x768px.jpg 1024w\" data-sizes=\"auto\" data-orig-sizes=\"(max-width: 800px) 100vw, 600px\" \/><\/span><\/div><div class=\"fusion-clearfix\"><\/div><\/div><\/div><div class=\"fusion-layout-column fusion_builder_column fusion-builder-column-1 fusion_builder_column_1_2 1_2 fusion-one-half fusion-column-last\" style=\"--awb-bg-size:cover;width:50%;width:calc(50% - ( ( 4% ) * 0.5 ) );\"><div class=\"fusion-column-wrapper fusion-flex-column-wrapper-legacy\"><div class=\"fusion-image-carousel fusion-image-carousel-auto fusion-image-carousel-1\"><div class=\"awb-carousel awb-swiper awb-swiper-carousel\" data-autoplay=\"yes\" data-columns=\"1\" data-itemmargin=\"13\" data-itemwidth=\"180\" data-touchscroll=\"no\" data-imagesize=\"auto\" style=\"--awb-columns:1;\"><div class=\"swiper-wrapper awb-image-carousel-wrapper fusion-flex-align-items-center\"><div class=\"swiper-slide\"><div class=\"fusion-carousel-item-wrapper\"><div class=\"fusion-image-wrapper hover-type-none\"><img decoding=\"async\" width=\"1024\" height=\"768\" src=\"https:\/\/domainedelours.fr\/wp-content\/uploads\/2026\/05\/02_1024x768px.jpg\" class=\"attachment-full size-full lazyload\" alt=\"\" srcset=\"data:image\/svg+xml,%3Csvg%20xmlns%3D%27http%3A%2F%2Fwww.w3.org%2F2000%2Fsvg%27%20width%3D%271024%27%20height%3D%27768%27%20viewBox%3D%270%200%201024%20768%27%3E%3Crect%20width%3D%271024%27%20height%3D%27768%27%20fill-opacity%3D%220%22%2F%3E%3C%2Fsvg%3E\" data-orig-src=\"https:\/\/domainedelours.fr\/wp-content\/uploads\/2026\/05\/02_1024x768px.jpg\" data-srcset=\"https:\/\/domainedelours.fr\/wp-content\/uploads\/2026\/05\/02_1024x768px-200x150.jpg 200w, https:\/\/domainedelours.fr\/wp-content\/uploads\/2026\/05\/02_1024x768px-300x225.jpg 300w, https:\/\/domainedelours.fr\/wp-content\/uploads\/2026\/05\/02_1024x768px-400x300.jpg 400w, https:\/\/domainedelours.fr\/wp-content\/uploads\/2026\/05\/02_1024x768px-600x450.jpg 600w, https:\/\/domainedelours.fr\/wp-content\/uploads\/2026\/05\/02_1024x768px-768x576.jpg 768w, https:\/\/domainedelours.fr\/wp-content\/uploads\/2026\/05\/02_1024x768px-800x600.jpg 800w, https:\/\/domainedelours.fr\/wp-content\/uploads\/2026\/05\/02_1024x768px.jpg 1024w\" data-sizes=\"auto\" \/><\/div><\/div><\/div><div class=\"swiper-slide\"><div class=\"fusion-carousel-item-wrapper\"><div class=\"fusion-image-wrapper hover-type-none\"><img decoding=\"async\" width=\"1024\" height=\"768\" src=\"https:\/\/domainedelours.fr\/wp-content\/uploads\/2026\/05\/03_1024x768px.jpg\" class=\"attachment-full size-full lazyload\" alt=\"\" srcset=\"data:image\/svg+xml,%3Csvg%20xmlns%3D%27http%3A%2F%2Fwww.w3.org%2F2000%2Fsvg%27%20width%3D%271024%27%20height%3D%27768%27%20viewBox%3D%270%200%201024%20768%27%3E%3Crect%20width%3D%271024%27%20height%3D%27768%27%20fill-opacity%3D%220%22%2F%3E%3C%2Fsvg%3E\" data-orig-src=\"https:\/\/domainedelours.fr\/wp-content\/uploads\/2026\/05\/03_1024x768px.jpg\" data-srcset=\"https:\/\/domainedelours.fr\/wp-content\/uploads\/2026\/05\/03_1024x768px-200x150.jpg 200w, https:\/\/domainedelours.fr\/wp-content\/uploads\/2026\/05\/03_1024x768px-300x225.jpg 300w, https:\/\/domainedelours.fr\/wp-content\/uploads\/2026\/05\/03_1024x768px-400x300.jpg 400w, https:\/\/domainedelours.fr\/wp-content\/uploads\/2026\/05\/03_1024x768px-600x450.jpg 600w, https:\/\/domainedelours.fr\/wp-content\/uploads\/2026\/05\/03_1024x768px-768x576.jpg 768w, https:\/\/domainedelours.fr\/wp-content\/uploads\/2026\/05\/03_1024x768px-800x600.jpg 800w, https:\/\/domainedelours.fr\/wp-content\/uploads\/2026\/05\/03_1024x768px.jpg 1024w\" data-sizes=\"auto\" \/><\/div><\/div><\/div><div class=\"swiper-slide\"><div class=\"fusion-carousel-item-wrapper\"><div class=\"fusion-image-wrapper hover-type-none\"><img decoding=\"async\" width=\"1024\" height=\"768\" src=\"https:\/\/domainedelours.fr\/wp-content\/uploads\/2026\/05\/04_1024x768px.jpg\" class=\"attachment-full size-full lazyload\" alt=\"\" srcset=\"data:image\/svg+xml,%3Csvg%20xmlns%3D%27http%3A%2F%2Fwww.w3.org%2F2000%2Fsvg%27%20width%3D%271024%27%20height%3D%27768%27%20viewBox%3D%270%200%201024%20768%27%3E%3Crect%20width%3D%271024%27%20height%3D%27768%27%20fill-opacity%3D%220%22%2F%3E%3C%2Fsvg%3E\" data-orig-src=\"https:\/\/domainedelours.fr\/wp-content\/uploads\/2026\/05\/04_1024x768px.jpg\" data-srcset=\"https:\/\/domainedelours.fr\/wp-content\/uploads\/2026\/05\/04_1024x768px-200x150.jpg 200w, https:\/\/domainedelours.fr\/wp-content\/uploads\/2026\/05\/04_1024x768px-300x225.jpg 300w, https:\/\/domainedelours.fr\/wp-content\/uploads\/2026\/05\/04_1024x768px-400x300.jpg 400w, https:\/\/domainedelours.fr\/wp-content\/uploads\/2026\/05\/04_1024x768px-600x450.jpg 600w, https:\/\/domainedelours.fr\/wp-content\/uploads\/2026\/05\/04_1024x768px-768x576.jpg 768w, https:\/\/domainedelours.fr\/wp-content\/uploads\/2026\/05\/04_1024x768px-800x600.jpg 800w, https:\/\/domainedelours.fr\/wp-content\/uploads\/2026\/05\/04_1024x768px.jpg 1024w\" data-sizes=\"auto\" \/><\/div><\/div><\/div><div class=\"swiper-slide\"><div class=\"fusion-carousel-item-wrapper\"><div class=\"fusion-image-wrapper hover-type-none\"><img decoding=\"async\" width=\"2560\" height=\"1920\" src=\"https:\/\/domainedelours.fr\/wp-content\/uploads\/2024\/01\/20230610_203625-Copie-scaled.jpg\" class=\"attachment-full size-full lazyload\" alt=\"vue panoramique depuis le camping nature en Aubrac\" srcset=\"data:image\/svg+xml,%3Csvg%20xmlns%3D%27http%3A%2F%2Fwww.w3.org%2F2000%2Fsvg%27%20width%3D%272560%27%20height%3D%271920%27%20viewBox%3D%270%200%202560%201920%27%3E%3Crect%20width%3D%272560%27%20height%3D%271920%27%20fill-opacity%3D%220%22%2F%3E%3C%2Fsvg%3E\" data-orig-src=\"https:\/\/domainedelours.fr\/wp-content\/uploads\/2024\/01\/20230610_203625-Copie-scaled.jpg\" data-srcset=\"https:\/\/domainedelours.fr\/wp-content\/uploads\/2024\/01\/20230610_203625-Copie-200x150.jpg 200w, https:\/\/domainedelours.fr\/wp-content\/uploads\/2024\/01\/20230610_203625-Copie-300x225.jpg 300w, https:\/\/domainedelours.fr\/wp-content\/uploads\/2024\/01\/20230610_203625-Copie-400x300.jpg 400w, https:\/\/domainedelours.fr\/wp-content\/uploads\/2024\/01\/20230610_203625-Copie-500x375.jpg 500w, https:\/\/domainedelours.fr\/wp-content\/uploads\/2024\/01\/20230610_203625-Copie-600x450.jpg 600w, https:\/\/domainedelours.fr\/wp-content\/uploads\/2024\/01\/20230610_203625-Copie-700x525.jpg 700w, https:\/\/domainedelours.fr\/wp-content\/uploads\/2024\/01\/20230610_203625-Copie-768x576.jpg 768w, https:\/\/domainedelours.fr\/wp-content\/uploads\/2024\/01\/20230610_203625-Copie-800x600.jpg 800w, https:\/\/domainedelours.fr\/wp-content\/uploads\/2024\/01\/20230610_203625-Copie-1024x768.jpg 1024w, https:\/\/domainedelours.fr\/wp-content\/uploads\/2024\/01\/20230610_203625-Copie-1200x900.jpg 1200w, https:\/\/domainedelours.fr\/wp-content\/uploads\/2024\/01\/20230610_203625-Copie-1536x1152.jpg 1536w, https:\/\/domainedelours.fr\/wp-content\/uploads\/2024\/01\/20230610_203625-Copie-scaled.jpg 2560w\" data-sizes=\"auto\" \/><\/div><\/div><\/div><div class=\"swiper-slide\"><div class=\"fusion-carousel-item-wrapper\"><div class=\"fusion-image-wrapper hover-type-none\"><img decoding=\"async\" width=\"2560\" height=\"1920\" src=\"https:\/\/domainedelours.fr\/wp-content\/uploads\/2023\/05\/20220730_065055-scaled.jpg\" class=\"attachment-full size-full lazyload\" alt=\"lev\u00e9 de soleil sur l&#039;Aubrac en r\u00e9gion auvergne\" srcset=\"data:image\/svg+xml,%3Csvg%20xmlns%3D%27http%3A%2F%2Fwww.w3.org%2F2000%2Fsvg%27%20width%3D%272560%27%20height%3D%271920%27%20viewBox%3D%270%200%202560%201920%27%3E%3Crect%20width%3D%272560%27%20height%3D%271920%27%20fill-opacity%3D%220%22%2F%3E%3C%2Fsvg%3E\" data-orig-src=\"https:\/\/domainedelours.fr\/wp-content\/uploads\/2023\/05\/20220730_065055-scaled.jpg\" data-srcset=\"https:\/\/domainedelours.fr\/wp-content\/uploads\/2023\/05\/20220730_065055-200x150.jpg 200w, https:\/\/domainedelours.fr\/wp-content\/uploads\/2023\/05\/20220730_065055-300x225.jpg 300w, https:\/\/domainedelours.fr\/wp-content\/uploads\/2023\/05\/20220730_065055-400x300.jpg 400w, https:\/\/domainedelours.fr\/wp-content\/uploads\/2023\/05\/20220730_065055-500x375.jpg 500w, https:\/\/domainedelours.fr\/wp-content\/uploads\/2023\/05\/20220730_065055-600x450.jpg 600w, https:\/\/domainedelours.fr\/wp-content\/uploads\/2023\/05\/20220730_065055-700x525.jpg 700w, https:\/\/domainedelours.fr\/wp-content\/uploads\/2023\/05\/20220730_065055-768x576.jpg 768w, https:\/\/domainedelours.fr\/wp-content\/uploads\/2023\/05\/20220730_065055-800x600.jpg 800w, https:\/\/domainedelours.fr\/wp-content\/uploads\/2023\/05\/20220730_065055-1024x768.jpg 1024w, https:\/\/domainedelours.fr\/wp-content\/uploads\/2023\/05\/20220730_065055-1200x900.jpg 1200w, https:\/\/domainedelours.fr\/wp-content\/uploads\/2023\/05\/20220730_065055-1536x1152.jpg 1536w, https:\/\/domainedelours.fr\/wp-content\/uploads\/2023\/05\/20220730_065055-scaled.jpg 2560w\" data-sizes=\"auto\" \/><\/div><\/div><\/div><\/div><div class=\"awb-swiper-button awb-swiper-button-prev\"><i class=\"awb-icon-angle-left\" aria-hidden=\"true\"><\/i><\/div><div class=\"awb-swiper-button awb-swiper-button-next\"><i class=\"awb-icon-angle-right\" aria-hidden=\"true\"><\/i><\/div><\/div><\/div><div class=\"fusion-clearfix\"><\/div><\/div><\/div><\/div><\/div><div class=\"fusion-fullwidth fullwidth-box fusion-builder-row-2 nonhundred-percent-fullwidth non-hundred-percent-height-scrolling\" style=\"--awb-border-radius-top-left:0px;--awb-border-radius-top-right:0px;--awb-border-radius-bottom-right:0px;--awb-border-radius-bottom-left:0px;--awb-flex-wrap:wrap;\" ><div class=\"fusion-builder-row fusion-row\"><div class=\"fusion-layout-column fusion_builder_column fusion-builder-column-2 fusion_builder_column_1_2 1_2 fusion-one-half fusion-column-first\" style=\"--awb-bg-size:cover;width:50%;width:calc(50% - ( ( 4% ) * 0.5 ) );margin-right: 4%;\"><div class=\"fusion-column-wrapper fusion-flex-column-wrapper-legacy\"><div class=\"fusion-text fusion-text-1\" style=\"--awb-text-transform:none;\"><h2>Caract\u00e9ristique de la Pigne cosy<\/h2>\n<div class=\"littleGreenBar\"><\/div>\n<ul>\n<li>Surface : 19 m\u00b2<\/li>\n<li>Capacit\u00e9 : jusqu\u2019\u00e0 4 personnes<\/li>\n<li>Lit double 160\u00d7200<\/li>\n<li>Couchage suppl\u00e9mentaire pour 2 enfants<\/li>\n<li>Salle de bain avec douche et toilettes<\/li>\n<li>Cuisine \u00e9quip\u00e9e<\/li>\n<li>H\u00e9bergement chaleureux au c\u0153ur de la nature<\/li>\n<\/ul>\n<\/div><div class=\"fusion-clearfix\"><\/div><\/div><\/div><div class=\"fusion-layout-column fusion_builder_column fusion-builder-column-3 fusion_builder_column_1_2 1_2 fusion-one-half fusion-column-last\" style=\"--awb-bg-size:cover;width:50%;width:calc(50% - ( ( 4% ) * 0.5 ) );\"><div class=\"fusion-column-wrapper fusion-flex-column-wrapper-legacy\"><div class=\"fusion-text fusion-text-2\" style=\"--awb-text-transform:none;\"><h2>Planning d&#8217;ouverture<\/h2>\n<ul>\n<li>La pigne nature est ouverte du printemps jusqu\u2019\u00e0 la fin de l\u2019automne au Domaine de l&#8217;Ours***.<\/li>\n<li>Les dates pr\u00e9cises d\u2019ouverture et de r\u00e9servation sont indiqu\u00e9es dans la rubrique r\u00e9servation.<\/li>\n<\/ul>\n<\/div><div class=\"fusion-clearfix\"><\/div><\/div><\/div><\/div><\/div><div class=\"fusion-fullwidth fullwidth-box fusion-builder-row-3 nonhundred-percent-fullwidth non-hundred-percent-height-scrolling\" style=\"--awb-border-radius-top-left:0px;--awb-border-radius-top-right:0px;--awb-border-radius-bottom-right:0px;--awb-border-radius-bottom-left:0px;--awb-flex-wrap:wrap;\" ><div class=\"fusion-builder-row fusion-row\"><div class=\"fusion-layout-column fusion_builder_column fusion-builder-column-4 fusion_builder_column_1_1 1_1 fusion-one-full fusion-column-first fusion-column-last\" style=\"--awb-bg-size:cover;\"><div class=\"fusion-column-wrapper fusion-flex-column-wrapper-legacy\"><div class=\"fusion-text fusion-text-3\"><h2>Description<\/h2>\n<\/div><div class=\"fusion-text fusion-text-4\" style=\"--awb-text-transform:none;\"><p>La Pigne cosy en Aubrac<\/p>\n<p>Le camping nature en Aubrac vous invite \u00e0 d\u00e9couvrir sa charmante pigne de 19 m\u00b2, id\u00e9ale pour un s\u00e9jour en famille ou en couple au c\u0153ur d\u2019un environnement naturel et apaisant.<\/p>\n<p>Con\u00e7ue pour allier confort et praticit\u00e9, cette location chaleureuse dispose d\u2019une chambre \u00e9quip\u00e9e d\u2019un lit double 160\u00d7200 pour deux personnes, ainsi qu\u2019un espace de couchage suppl\u00e9mentaire parfaitement adapt\u00e9 pour deux enfants.<\/p>\n<p>Vous y trouverez \u00e9galement une salle de bain avec douche et toilettes, offrant tout le confort n\u00e9cessaire pour profiter pleinement de votre s\u00e9jour.<\/p>\n<p>La pigne est compl\u00e9t\u00e9e par une cuisine fonctionnelle, vous permettant de pr\u00e9parer vos repas en toute autonomie et de vivre vos vacances \u00e0 votre rythme.<\/p>\n<p>Compacte, conviviale et bien am\u00e9nag\u00e9e, cette location est parfaite pour partager des moments simples et authentiques en pleine nature.<\/p>\n<\/div><div class=\"fusion-clearfix\"><\/div><\/div><\/div><\/div><\/div><div class=\"fusion-fullwidth fullwidth-box fusion-builder-row-4 nonhundred-percent-fullwidth non-hundred-percent-height-scrolling\" style=\"--awb-border-radius-top-left:0px;--awb-border-radius-top-right:0px;--awb-border-radius-bottom-right:0px;--awb-border-radius-bottom-left:0px;--awb-flex-wrap:wrap;\" ><div class=\"fusion-builder-row fusion-row\"><div class=\"fusion-layout-column fusion_builder_column fusion-builder-column-5 fusion_builder_column_1_1 1_1 fusion-one-full fusion-column-first fusion-column-last\" style=\"--awb-bg-size:cover;\"><div class=\"fusion-column-wrapper fusion-flex-column-wrapper-legacy\"><div class=\"fusion-video fusion-youtube fusion-aligncenter\" style=\"--awb-max-width:600px;--awb-max-height:360px;--awb-width:100%;\"><div class=\"video-shortcode\"><div class=\"fluid-width-video-wrapper\" style=\"padding-top:60%;\" ><iframe title=\"YouTube video player 1\" src=\"https:\/\/www.youtube.com\/embed\/L14mB7byKf0?wmode=transparent&autoplay=0\" width=\"600\" height=\"360\" allowfullscreen allow=\"autoplay; fullscreen\"><\/iframe><\/div><\/div><\/div><div class=\"fusion-clearfix\"><\/div><\/div><\/div><\/div><\/div><\/p>","protected":false},"excerpt":{"rendered":"","protected":false},"author":2,"featured_media":0,"parent":0,"menu_order":0,"comment_status":"closed","ping_status":"closed","template":"","meta":{"footnotes":""},"class_list":["post-2807","page","type-page","status-publish","hentry"],"yoast_head":"<!-- This site is optimized with the Yoast SEO plugin v27.5 - https:\/\/yoast.com\/product\/yoast-seo-wordpress\/ -->\n<title>Pigne cosy en Aubrac Auvergne Domaine de l&#039;Ours camping nature<\/title>\n<meta name=\"description\" content=\"Pigne cosy situ\u00e9 \u00e0 Saint-Urcize en Aubrac. logements insolites pour 4 personnes tout compris. Vue panoramique.\" \/>\n<meta name=\"robots\" content=\"index, follow, max-snippet:-1, max-image-preview:large, max-video-preview:-1\" \/>\n<link rel=\"canonical\" href=\"https:\/\/domainedelours.fr\/pignecosy\/\" \/>\n<meta property=\"og:locale\" content=\"es_ES\" \/>\n<meta property=\"og:type\" content=\"article\" \/>\n<meta property=\"og:title\" content=\"Pigne cosy en Aubrac Auvergne Domaine de l&#039;Ours camping nature\" \/>\n<meta property=\"og:description\" content=\"Pigne cosy situ\u00e9 \u00e0 Saint-Urcize en Aubrac. logements insolites pour 4 personnes tout compris. Vue panoramique.\" \/>\n<meta property=\"og:url\" content=\"https:\/\/domainedelours.fr\/pignecosy\/\" \/>\n<meta property=\"og:site_name\" content=\"Camping de Saint Urcize\" \/>\n<meta property=\"article:modified_time\" content=\"2026-05-07T12:48:03+00:00\" \/>\n<meta name=\"twitter:card\" content=\"summary_large_image\" \/>\n<meta name=\"twitter:label1\" content=\"Tiempo de lectura\" \/>\n\t<meta name=\"twitter:data1\" content=\"3 minutos\" \/>\n<script type=\"application\/ld+json\" class=\"yoast-schema-graph\">{\"@context\":\"https:\\\/\\\/schema.org\",\"@graph\":[{\"@type\":\"WebPage\",\"@id\":\"https:\\\/\\\/domainedelours.fr\\\/pignecosy\\\/\",\"url\":\"https:\\\/\\\/domainedelours.fr\\\/pignecosy\\\/\",\"name\":\"Pigne cosy en Aubrac Auvergne Domaine de l'Ours camping nature\",\"isPartOf\":{\"@id\":\"https:\\\/\\\/domainedelours.fr\\\/#website\"},\"datePublished\":\"2026-05-07T12:45:58+00:00\",\"dateModified\":\"2026-05-07T12:48:03+00:00\",\"description\":\"Pigne cosy situ\u00e9 \u00e0 Saint-Urcize en Aubrac. logements insolites pour 4 personnes tout compris. Vue panoramique.\",\"breadcrumb\":{\"@id\":\"https:\\\/\\\/domainedelours.fr\\\/pignecosy\\\/#breadcrumb\"},\"inLanguage\":\"es\",\"potentialAction\":[{\"@type\":\"ReadAction\",\"target\":[\"https:\\\/\\\/domainedelours.fr\\\/pignecosy\\\/\"]}]},{\"@type\":\"BreadcrumbList\",\"@id\":\"https:\\\/\\\/domainedelours.fr\\\/pignecosy\\\/#breadcrumb\",\"itemListElement\":[{\"@type\":\"ListItem\",\"position\":1,\"name\":\"Accueil\",\"item\":\"https:\\\/\\\/domainedelours.fr\\\/\"},{\"@type\":\"ListItem\",\"position\":2,\"name\":\"Nouveaut\u00e9 2026! Pigne Cosy\"}]},{\"@type\":\"WebSite\",\"@id\":\"https:\\\/\\\/domainedelours.fr\\\/#website\",\"url\":\"https:\\\/\\\/domainedelours.fr\\\/\",\"name\":\"Camping de Saint Urcize\",\"description\":\"\",\"potentialAction\":[{\"@type\":\"SearchAction\",\"target\":{\"@type\":\"EntryPoint\",\"urlTemplate\":\"https:\\\/\\\/domainedelours.fr\\\/?s={search_term_string}\"},\"query-input\":{\"@type\":\"PropertyValueSpecification\",\"valueRequired\":true,\"valueName\":\"search_term_string\"}}],\"inLanguage\":\"es\"}]}<\/script>\n<!-- \/ Yoast SEO plugin. -->","yoast_head_json":{"title":"Pigne cosy en Aubrac Auvergne Domaine de l'Ours camping nature","description":"Pigne cosy situ\u00e9 \u00e0 Saint-Urcize en Aubrac. logements insolites pour 4 personnes tout compris. Vue panoramique.","robots":{"index":"index","follow":"follow","max-snippet":"max-snippet:-1","max-image-preview":"max-image-preview:large","max-video-preview":"max-video-preview:-1"},"canonical":"https:\/\/domainedelours.fr\/pignecosy\/","og_locale":"es_ES","og_type":"article","og_title":"Pigne cosy en Aubrac Auvergne Domaine de l'Ours camping nature","og_description":"Pigne cosy situ\u00e9 \u00e0 Saint-Urcize en Aubrac. logements insolites pour 4 personnes tout compris. Vue panoramique.","og_url":"https:\/\/domainedelours.fr\/pignecosy\/","og_site_name":"Camping de Saint Urcize","article_modified_time":"2026-05-07T12:48:03+00:00","twitter_card":"summary_large_image","twitter_misc":{"Tiempo de lectura":"3 minutos"},"schema":{"@context":"https:\/\/schema.org","@graph":[{"@type":"WebPage","@id":"https:\/\/domainedelours.fr\/pignecosy\/","url":"https:\/\/domainedelours.fr\/pignecosy\/","name":"Pigne cosy en Aubrac Auvergne Domaine de l'Ours camping nature","isPartOf":{"@id":"https:\/\/domainedelours.fr\/#website"},"datePublished":"2026-05-07T12:45:58+00:00","dateModified":"2026-05-07T12:48:03+00:00","description":"Pigne cosy situ\u00e9 \u00e0 Saint-Urcize en Aubrac. logements insolites pour 4 personnes tout compris. Vue panoramique.","breadcrumb":{"@id":"https:\/\/domainedelours.fr\/pignecosy\/#breadcrumb"},"inLanguage":"es","potentialAction":[{"@type":"ReadAction","target":["https:\/\/domainedelours.fr\/pignecosy\/"]}]},{"@type":"BreadcrumbList","@id":"https:\/\/domainedelours.fr\/pignecosy\/#breadcrumb","itemListElement":[{"@type":"ListItem","position":1,"name":"Accueil","item":"https:\/\/domainedelours.fr\/"},{"@type":"ListItem","position":2,"name":"Nouveaut\u00e9 2026! Pigne Cosy"}]},{"@type":"WebSite","@id":"https:\/\/domainedelours.fr\/#website","url":"https:\/\/domainedelours.fr\/","name":"Camping de Saint Urcize","description":"","potentialAction":[{"@type":"SearchAction","target":{"@type":"EntryPoint","urlTemplate":"https:\/\/domainedelours.fr\/?s={search_term_string}"},"query-input":{"@type":"PropertyValueSpecification","valueRequired":true,"valueName":"search_term_string"}}],"inLanguage":"es"}]}},"_links":{"self":[{"href":"https:\/\/domainedelours.fr\/es\/wp-json\/wp\/v2\/pages\/2807","targetHints":{"allow":["GET"]}}],"collection":[{"href":"https:\/\/domainedelours.fr\/es\/wp-json\/wp\/v2\/pages"}],"about":[{"href":"https:\/\/domainedelours.fr\/es\/wp-json\/wp\/v2\/types\/page"}],"author":[{"embeddable":true,"href":"https:\/\/domainedelours.fr\/es\/wp-json\/wp\/v2\/users\/2"}],"replies":[{"embeddable":true,"href":"https:\/\/domainedelours.fr\/es\/wp-json\/wp\/v2\/comments?post=2807"}],"version-history":[{"count":4,"href":"https:\/\/domainedelours.fr\/es\/wp-json\/wp\/v2\/pages\/2807\/revisions"}],"predecessor-version":[{"id":2820,"href":"https:\/\/domainedelours.fr\/es\/wp-json\/wp\/v2\/pages\/2807\/revisions\/2820"}],"wp:attachment":[{"href":"https:\/\/domainedelours.fr\/es\/wp-json\/wp\/v2\/media?parent=2807"}],"curies":[{"name":"wp","href":"https:\/\/api.w.org\/{rel}","templated":true}]}}