{"id":489,"date":"2016-05-24T10:17:49","date_gmt":"2016-05-24T09:17:49","guid":{"rendered":"https:\/\/domainedelours.fr\/?page_id=489"},"modified":"2024-01-30T18:00:59","modified_gmt":"2024-01-30T17:00:59","slug":"lodges-insolites","status":"publish","type":"page","link":"https:\/\/domainedelours.fr\/es\/lodges-insolites\/","title":{"rendered":"Habitat ins\u00f3lito bajo tierra"},"content":{"rendered":"<p><div class=\"fusion-fullwidth fullwidth-box fusion-builder-row-13 nonhundred-percent-fullwidth non-hundred-percent-height-scrolling\" style=\"--awb-border-radius-top-left:0px;--awb-border-radius-top-right:0px;--awb-border-radius-bottom-right:0px;--awb-border-radius-bottom-left:0px;--awb-flex-wrap:wrap;\" ><div class=\"fusion-builder-row fusion-row\"><div class=\"fusion-layout-column fusion_builder_column fusion-builder-column-21 fusion_builder_column_1_2 1_2 fusion-one-half fusion-column-first\" style=\"--awb-bg-size:cover;width:50%;width:calc(50% - ( ( 4% ) * 0.5 ) );margin-right: 4%;\"><div class=\"fusion-column-wrapper fusion-flex-column-wrapper-legacy\"><div class=\"fusion-image-element in-legacy-container\" style=\"--awb-caption-title-font-family:var(--h2_typography-font-family);--awb-caption-title-font-weight:var(--h2_typography-font-weight);--awb-caption-title-font-style:var(--h2_typography-font-style);--awb-caption-title-size:var(--h2_typography-font-size);--awb-caption-title-transform:var(--h2_typography-text-transform);--awb-caption-title-line-height:var(--h2_typography-line-height);--awb-caption-title-letter-spacing:var(--h2_typography-letter-spacing);\"><span class=\" fusion-imageframe imageframe-none imageframe-4 hover-type-none\"><img decoding=\"async\" width=\"1200\" height=\"900\" title=\"Collinea3\" src=\"data:image\/svg+xml,%3Csvg%20xmlns%3D%27http%3A%2F%2Fwww.w3.org%2F2000%2Fsvg%27%20width%3D%271200%27%20height%3D%27900%27%20viewBox%3D%270%200%201200%20900%27%3E%3Crect%20width%3D%271200%27%20height%3D%27900%27%20fill-opacity%3D%220%22%2F%3E%3C%2Fsvg%3E\" data-orig-src=\"https:\/\/domainedelours.fr\/wp-content\/uploads\/2017\/02\/Collinea3.jpg\" alt class=\"lazyload img-responsive wp-image-1116\"\/><\/span><\/div><div class=\"fusion-clearfix\"><\/div><\/div><\/div><div class=\"fusion-layout-column fusion_builder_column fusion-builder-column-22 fusion_builder_column_1_2 1_2 fusion-one-half fusion-column-last\" style=\"--awb-bg-size:cover;width:50%;width:calc(50% - ( ( 4% ) * 0.5 ) );\"><div class=\"fusion-column-wrapper fusion-flex-column-wrapper-legacy\"><div class=\"fusion-image-carousel fusion-image-carousel-auto fusion-image-carousel-4\"><div class=\"awb-carousel awb-swiper awb-swiper-carousel\" data-autoplay=\"no\" data-columns=\"2\" data-itemmargin=\"13\" data-itemwidth=\"180\" data-touchscroll=\"no\" data-imagesize=\"auto\" style=\"--awb-columns:2;\"><div class=\"swiper-wrapper awb-image-carousel-wrapper fusion-flex-align-items-center\"><div class=\"swiper-slide\"><div class=\"fusion-carousel-item-wrapper\"><div class=\"fusion-image-wrapper hover-type-none\"><img decoding=\"async\" width=\"1200\" height=\"900\" src=\"https:\/\/domainedelours.fr\/wp-content\/uploads\/2017\/02\/Collinea2-e1561387279635.jpg\" class=\"attachment-full size-full lazyload\" alt=\"\" srcset=\"data:image\/svg+xml,%3Csvg%20xmlns%3D%27http%3A%2F%2Fwww.w3.org%2F2000%2Fsvg%27%20width%3D%271200%27%20height%3D%27900%27%20viewBox%3D%270%200%201200%20900%27%3E%3Crect%20width%3D%271200%27%20height%3D%27900%27%20fill-opacity%3D%220%22%2F%3E%3C%2Fsvg%3E\" data-orig-src=\"https:\/\/domainedelours.fr\/wp-content\/uploads\/2017\/02\/Collinea2-e1561387279635.jpg\" data-srcset=\"https:\/\/domainedelours.fr\/wp-content\/uploads\/2017\/02\/Collinea2-e1561387279635-200x150.jpg 200w, https:\/\/domainedelours.fr\/wp-content\/uploads\/2017\/02\/Collinea2-e1561387279635-400x300.jpg 400w, https:\/\/domainedelours.fr\/wp-content\/uploads\/2017\/02\/Collinea2-e1561387279635-600x450.jpg 600w, https:\/\/domainedelours.fr\/wp-content\/uploads\/2017\/02\/Collinea2-e1561387279635-800x600.jpg 800w, https:\/\/domainedelours.fr\/wp-content\/uploads\/2017\/02\/Collinea2-e1561387279635.jpg 1200w\" data-sizes=\"auto\" \/><\/div><\/div><\/div><div class=\"swiper-slide\"><div class=\"fusion-carousel-item-wrapper\"><div class=\"fusion-image-wrapper hover-type-none\"><img decoding=\"async\" width=\"1200\" height=\"900\" src=\"data:image\/svg+xml,%3Csvg%20xmlns%3D%27http%3A%2F%2Fwww.w3.org%2F2000%2Fsvg%27%20width%3D%271200%27%20height%3D%27900%27%20viewBox%3D%270%200%201200%20900%27%3E%3Crect%20width%3D%271200%27%20height%3D%27900%27%20fill-opacity%3D%220%22%2F%3E%3C%2Fsvg%3E\" class=\"attachment-full size-full lazyload\" alt=\"\" data-orig-src=\"https:\/\/domainedelours.fr\/wp-content\/uploads\/2017\/02\/Collinea1.jpg\" \/><\/div><\/div><\/div><div class=\"swiper-slide\"><div class=\"fusion-carousel-item-wrapper\"><div class=\"fusion-image-wrapper hover-type-none\"><img decoding=\"async\" width=\"900\" height=\"1200\" src=\"data:image\/svg+xml,%3Csvg%20xmlns%3D%27http%3A%2F%2Fwww.w3.org%2F2000%2Fsvg%27%20width%3D%27900%27%20height%3D%271200%27%20viewBox%3D%270%200%20900%201200%27%3E%3Crect%20width%3D%27900%27%20height%3D%271200%27%20fill-opacity%3D%220%22%2F%3E%3C%2Fsvg%3E\" class=\"attachment-full size-full lazyload\" alt=\"\" data-orig-src=\"https:\/\/domainedelours.fr\/wp-content\/uploads\/2017\/02\/Chambre1.jpg\" \/><\/div><\/div><\/div><div class=\"swiper-slide\"><div class=\"fusion-carousel-item-wrapper\"><div class=\"fusion-image-wrapper hover-type-none\"><img decoding=\"async\" width=\"900\" height=\"1200\" src=\"data:image\/svg+xml,%3Csvg%20xmlns%3D%27http%3A%2F%2Fwww.w3.org%2F2000%2Fsvg%27%20width%3D%27900%27%20height%3D%271200%27%20viewBox%3D%270%200%20900%201200%27%3E%3Crect%20width%3D%27900%27%20height%3D%271200%27%20fill-opacity%3D%220%22%2F%3E%3C%2Fsvg%3E\" class=\"attachment-full size-full lazyload\" alt=\"\" data-orig-src=\"https:\/\/domainedelours.fr\/wp-content\/uploads\/2017\/02\/chambre_enfant.jpg\" \/><\/div><\/div><\/div><div class=\"swiper-slide\"><div class=\"fusion-carousel-item-wrapper\"><div class=\"fusion-image-wrapper hover-type-none\"><img decoding=\"async\" width=\"900\" height=\"1200\" src=\"data:image\/svg+xml,%3Csvg%20xmlns%3D%27http%3A%2F%2Fwww.w3.org%2F2000%2Fsvg%27%20width%3D%27900%27%20height%3D%271200%27%20viewBox%3D%270%200%20900%201200%27%3E%3Crect%20width%3D%27900%27%20height%3D%271200%27%20fill-opacity%3D%220%22%2F%3E%3C%2Fsvg%3E\" class=\"attachment-full size-full lazyload\" alt=\"\" data-orig-src=\"https:\/\/domainedelours.fr\/wp-content\/uploads\/2017\/02\/Salledebain.jpg\" \/><\/div><\/div><\/div><div class=\"swiper-slide\"><div class=\"fusion-carousel-item-wrapper\"><div class=\"fusion-image-wrapper hover-type-none\"><img decoding=\"async\" width=\"900\" height=\"1200\" src=\"data:image\/svg+xml,%3Csvg%20xmlns%3D%27http%3A%2F%2Fwww.w3.org%2F2000%2Fsvg%27%20width%3D%27900%27%20height%3D%271200%27%20viewBox%3D%270%200%20900%201200%27%3E%3Crect%20width%3D%27900%27%20height%3D%271200%27%20fill-opacity%3D%220%22%2F%3E%3C%2Fsvg%3E\" class=\"attachment-full size-full lazyload\" alt=\"\" data-orig-src=\"https:\/\/domainedelours.fr\/wp-content\/uploads\/2017\/02\/Exter1.jpg\" \/><\/div><\/div><\/div><div class=\"swiper-slide\"><div class=\"fusion-carousel-item-wrapper\"><div class=\"fusion-image-wrapper hover-type-none\"><img decoding=\"async\" width=\"900\" height=\"1200\" src=\"data:image\/svg+xml,%3Csvg%20xmlns%3D%27http%3A%2F%2Fwww.w3.org%2F2000%2Fsvg%27%20width%3D%27900%27%20height%3D%271200%27%20viewBox%3D%270%200%20900%201200%27%3E%3Crect%20width%3D%27900%27%20height%3D%271200%27%20fill-opacity%3D%220%22%2F%3E%3C%2Fsvg%3E\" class=\"attachment-full size-full lazyload\" alt=\"\" data-orig-src=\"https:\/\/domainedelours.fr\/wp-content\/uploads\/2017\/02\/Cuisine-1.jpg\" \/><\/div><\/div><\/div><\/div><div class=\"awb-swiper-button awb-swiper-button-prev\"><i class=\"awb-icon-angle-left\" aria-hidden=\"true\"><\/i><\/div><div class=\"awb-swiper-button awb-swiper-button-next\"><i class=\"awb-icon-angle-right\" aria-hidden=\"true\"><\/i><\/div><\/div><\/div><div class=\"fusion-clearfix\"><\/div><\/div><\/div><\/div><\/div><div class=\"fusion-fullwidth fullwidth-box fusion-builder-row-14 nonhundred-percent-fullwidth non-hundred-percent-height-scrolling\" style=\"--awb-border-radius-top-left:0px;--awb-border-radius-top-right:0px;--awb-border-radius-bottom-right:0px;--awb-border-radius-bottom-left:0px;--awb-flex-wrap:wrap;\" ><div class=\"fusion-builder-row fusion-row\"><div class=\"fusion-layout-column fusion_builder_column fusion-builder-column-23 fusion_builder_column_1_2 1_2 fusion-one-half fusion-column-first\" style=\"--awb-bg-size:cover;width:50%;width:calc(50% - ( ( 4% ) * 0.5 ) );margin-right: 4%;\"><div class=\"fusion-column-wrapper fusion-flex-column-wrapper-legacy\"><div class=\"fusion-text fusion-text-13\"><h2>Los H\u00e1bitats Ins\u00f3litos<\/h2>\n<div class=\"littleGreenBar\"><\/div>\n<ul>\n<li>Superficie : 20 m\u00b2<\/li>\n<li>Capacidad : 2 a 4 personas<\/li>\n<li>Espacio exterior privado<\/li>\n<li>Cocina peque\u00f1a\/ba\u00f1o<\/li>\n<\/ul>\n<\/div><div class=\"fusion-clearfix\"><\/div><\/div><\/div><div class=\"fusion-layout-column fusion_builder_column fusion-builder-column-24 fusion_builder_column_1_2 1_2 fusion-one-half fusion-column-last\" style=\"--awb-bg-size:cover;width:50%;width:calc(50% - ( ( 4% ) * 0.5 ) );\"><div class=\"fusion-column-wrapper fusion-flex-column-wrapper-legacy\"><div class=\"fusion-text fusion-text-14\"><h2>Planning<\/h2>\n<div class=\"littleGreenBar\"><\/div>\n<ul>\n<li>H\u00e1bitat ins\u00f3lito 2 personas<\/li>\n<li>H\u00e1bitat ins\u00f3lito 4 personas<\/li>\n<\/ul>\n<\/div><div class=\"fusion-clearfix\"><\/div><\/div><\/div><\/div><\/div><div class=\"fusion-fullwidth fullwidth-box fusion-builder-row-15 nonhundred-percent-fullwidth non-hundred-percent-height-scrolling\" style=\"--awb-border-radius-top-left:0px;--awb-border-radius-top-right:0px;--awb-border-radius-bottom-right:0px;--awb-border-radius-bottom-left:0px;--awb-flex-wrap:wrap;\" ><div class=\"fusion-builder-row fusion-row\"><div class=\"fusion-layout-column fusion_builder_column fusion-builder-column-25 fusion_builder_column_1_1 1_1 fusion-one-full fusion-column-first fusion-column-last\" style=\"--awb-bg-size:cover;\"><div class=\"fusion-column-wrapper fusion-flex-column-wrapper-legacy\"><div class=\"fusion-text fusion-text-15\"><h2>Descripci\u00f3n<\/h2>\n<div class=\"littleGreenBar\"><\/div>\n<p>5 H\u00e1bitats ins\u00f3lito bajo tierra de una capacidad de 2 a 4 personas, contiene :<\/p>\n<\/div><div class=\"fusion-text fusion-text-16\"><ul>\n<li>1 habitaci\u00f3n con 1 cama de 140&#215;190 y 1 habitaci\u00f3n con 2 camas de 80&#215;190. Mantas y almohadas proporcionadas (s\u00e1banas no).<\/li>\n<li>Una cocina equipada con un frigor\u00edfico, una hornilla de 2 fuegos, una mesa pastor, un microondas y tambi\u00e9n vajilla y utensilios de cocina.<\/li>\n<li>Sala de ba\u00f1o completa con ducha, lavabo, inodoro. El chalet dispone de su proprio espacio exterior.<\/li>\n<li>Servicios disponibles: Ba\u00f1o Finland\u00e9s + Sauna, lavadora y secador, barbacoa (comunitaria), sala TV, Wifi. <\/li>\n<li>En el pueblo, que se encuentra a 1 km del camping, hay tiendas y un alquiler de bicicletas. Desde ah\u00ed puede hacer circuitos BTT, senderismo, pesca en r\u00edos, nadar,  visitar el centro de bienestar en Chaldette y hacer termalismo en Chaudes Aigues.<\/li>\n<\/ul>\n<\/div><div class=\"fusion-clearfix\"><\/div><\/div><\/div><\/div><\/div><div class=\"fusion-fullwidth fullwidth-box fusion-builder-row-16 nonhundred-percent-fullwidth non-hundred-percent-height-scrolling\" style=\"--awb-border-radius-top-left:0px;--awb-border-radius-top-right:0px;--awb-border-radius-bottom-right:0px;--awb-border-radius-bottom-left:0px;--awb-flex-wrap:wrap;\" ><div class=\"fusion-builder-row fusion-row\"><div class=\"fusion-layout-column fusion_builder_column fusion-builder-column-26 fusion_builder_column_1_2 1_2 fusion-one-half fusion-column-first\" style=\"--awb-bg-size:cover;width:50%;width:calc(50% - ( ( 4% ) * 0.5 ) );margin-right: 4%;\"><div class=\"fusion-column-wrapper fusion-flex-column-wrapper-legacy\"><div class=\"fusion-video fusion-youtube fusion-alignleft\" style=\"--awb-max-width:600px;--awb-max-height:360px;--awb-width:100%;\"><div class=\"video-shortcode\"><div class=\"fluid-width-video-wrapper\" style=\"padding-top:60%;\" ><iframe title=\"YouTube video player 7\" src=\"https:\/\/www.youtube.com\/embed\/HklJ8TRx-uo?wmode=transparent&autoplay=0\" width=\"600\" height=\"360\" allowfullscreen allow=\"autoplay; fullscreen\"><\/iframe><\/div><\/div><\/div><div class=\"fusion-clearfix\"><\/div><\/div><\/div><div class=\"fusion-layout-column fusion_builder_column fusion-builder-column-27 fusion_builder_column_1_2 1_2 fusion-one-half fusion-column-last\" style=\"--awb-bg-size:cover;width:50%;width:calc(50% - ( ( 4% ) * 0.5 ) );\"><div class=\"fusion-column-wrapper fusion-flex-column-wrapper-legacy\"><div class=\"fusion-video fusion-youtube\" style=\"--awb-max-width:600px;--awb-max-height:360px;\"><div class=\"video-shortcode\"><div class=\"fluid-width-video-wrapper\" style=\"padding-top:60%;\" ><iframe title=\"YouTube video player 8\" src=\"https:\/\/www.youtube.com\/embed\/Wi7zZi8e9-0?wmode=transparent&autoplay=0\" width=\"600\" height=\"360\" allowfullscreen allow=\"autoplay; fullscreen\"><\/iframe><\/div><\/div><\/div><div class=\"fusion-clearfix\"><\/div><\/div><\/div><\/div><\/div><\/p>","protected":false},"excerpt":{"rendered":"","protected":false},"author":1,"featured_media":0,"parent":0,"menu_order":0,"comment_status":"closed","ping_status":"closed","template":"","meta":{"footnotes":""},"class_list":["post-489","page","type-page","status-publish","hentry"],"yoast_head":"<!-- This site is optimized with the Yoast SEO plugin v27.3 - https:\/\/yoast.com\/product\/yoast-seo-wordpress\/ -->\n<title><\/title>\n<meta name=\"description\" content=\"{:fr}Lodges Insolites en Aubrac avec vue d\u00e9gag\u00e9e. Terrasse privative pour des petits d\u00e9jeuners en amoureux face au lev\u00e9 de soleil. {:}{:}\" \/>\n<meta name=\"robots\" content=\"index, follow, max-snippet:-1, max-image-preview:large, max-video-preview:-1\" \/>\n<link rel=\"canonical\" href=\"https:\/\/domainedelours.fr\/lodges-insolites\/\" \/>\n<meta property=\"og:locale\" content=\"es_ES\" \/>\n<meta property=\"og:type\" content=\"article\" \/>\n<meta property=\"og:title\" content=\"[:fr]Lodges insolites en pleine nature en r\u00e9gion Occitanie[:][:]\" \/>\n<meta property=\"og:description\" content=\"{:fr}Lodges Insolites en Aubrac avec vue d\u00e9gag\u00e9e. Terrasse privative pour des petits d\u00e9jeuners en amoureux face au lev\u00e9 de soleil. {:}{:}\" \/>\n<meta property=\"og:url\" content=\"https:\/\/domainedelours.fr\/lodges-insolites\/\" \/>\n<meta property=\"og:site_name\" content=\"Camping de Saint Urcize\" \/>\n<meta property=\"article:modified_time\" content=\"2024-01-30T17:00:59+00:00\" \/>\n<meta name=\"twitter:card\" content=\"summary_large_image\" \/>\n<meta name=\"twitter:label1\" content=\"Tiempo de lectura\" \/>\n\t<meta name=\"twitter:data1\" content=\"5 minutos\" \/>\n<script type=\"application\/ld+json\" class=\"yoast-schema-graph\">{\"@context\":\"https:\\\/\\\/schema.org\",\"@graph\":[{\"@type\":\"WebPage\",\"@id\":\"https:\\\/\\\/domainedelours.fr\\\/lodges-insolites\\\/\",\"url\":\"https:\\\/\\\/domainedelours.fr\\\/lodges-insolites\\\/\",\"name\":\"[:fr]Lodges insolites en pleine nature en r\u00e9gion Occitanie[:][:]\",\"isPartOf\":{\"@id\":\"https:\\\/\\\/domainedelours.fr\\\/#website\"},\"datePublished\":\"2016-05-24T09:17:49+00:00\",\"dateModified\":\"2024-01-30T17:00:59+00:00\",\"description\":\"{:fr}Lodges Insolites en Aubrac avec vue d\u00e9gag\u00e9e. Terrasse privative pour des petits d\u00e9jeuners en amoureux face au lev\u00e9 de soleil. {:}{:}\",\"breadcrumb\":{\"@id\":\"https:\\\/\\\/domainedelours.fr\\\/lodges-insolites\\\/#breadcrumb\"},\"inLanguage\":\"es\",\"potentialAction\":[{\"@type\":\"ReadAction\",\"target\":[\"https:\\\/\\\/domainedelours.fr\\\/lodges-insolites\\\/\"]}]},{\"@type\":\"BreadcrumbList\",\"@id\":\"https:\\\/\\\/domainedelours.fr\\\/lodges-insolites\\\/#breadcrumb\",\"itemListElement\":[{\"@type\":\"ListItem\",\"position\":1,\"name\":\"Accueil\",\"item\":\"https:\\\/\\\/domainedelours.fr\\\/\"},{\"@type\":\"ListItem\",\"position\":2,\"name\":\"Lodges insolites Collin\u00e9a\"}]},{\"@type\":\"WebSite\",\"@id\":\"https:\\\/\\\/domainedelours.fr\\\/#website\",\"url\":\"https:\\\/\\\/domainedelours.fr\\\/\",\"name\":\"Camping de Saint Urcize\",\"description\":\"\",\"potentialAction\":[{\"@type\":\"SearchAction\",\"target\":{\"@type\":\"EntryPoint\",\"urlTemplate\":\"https:\\\/\\\/domainedelours.fr\\\/?s={search_term_string}\"},\"query-input\":{\"@type\":\"PropertyValueSpecification\",\"valueRequired\":true,\"valueName\":\"search_term_string\"}}],\"inLanguage\":\"es\"}]}<\/script>\n<!-- \/ Yoast SEO plugin. -->","yoast_head_json":{"title":"[:fr]Lodges insolites en pleine nature en r\u00e9gion Occitanie[:][:]","description":"{:fr}Lodges Insolites en Aubrac avec vue d\u00e9gag\u00e9e. Terrasse privative pour des petits d\u00e9jeuners en amoureux face au lev\u00e9 de soleil. {:}{:}","robots":{"index":"index","follow":"follow","max-snippet":"max-snippet:-1","max-image-preview":"max-image-preview:large","max-video-preview":"max-video-preview:-1"},"canonical":"https:\/\/domainedelours.fr\/lodges-insolites\/","og_locale":"es_ES","og_type":"article","og_title":"[:fr]Lodges insolites en pleine nature en r\u00e9gion Occitanie[:][:]","og_description":"{:fr}Lodges Insolites en Aubrac avec vue d\u00e9gag\u00e9e. Terrasse privative pour des petits d\u00e9jeuners en amoureux face au lev\u00e9 de soleil. {:}{:}","og_url":"https:\/\/domainedelours.fr\/lodges-insolites\/","og_site_name":"Camping de Saint Urcize","article_modified_time":"2024-01-30T17:00:59+00:00","twitter_card":"summary_large_image","twitter_misc":{"Tiempo de lectura":"5 minutos"},"schema":{"@context":"https:\/\/schema.org","@graph":[{"@type":"WebPage","@id":"https:\/\/domainedelours.fr\/lodges-insolites\/","url":"https:\/\/domainedelours.fr\/lodges-insolites\/","name":"[:fr]Lodges insolites en pleine nature en r\u00e9gion Occitanie[:][:]","isPartOf":{"@id":"https:\/\/domainedelours.fr\/#website"},"datePublished":"2016-05-24T09:17:49+00:00","dateModified":"2024-01-30T17:00:59+00:00","description":"{:fr}Lodges Insolites en Aubrac avec vue d\u00e9gag\u00e9e. Terrasse privative pour des petits d\u00e9jeuners en amoureux face au lev\u00e9 de soleil. {:}{:}","breadcrumb":{"@id":"https:\/\/domainedelours.fr\/lodges-insolites\/#breadcrumb"},"inLanguage":"es","potentialAction":[{"@type":"ReadAction","target":["https:\/\/domainedelours.fr\/lodges-insolites\/"]}]},{"@type":"BreadcrumbList","@id":"https:\/\/domainedelours.fr\/lodges-insolites\/#breadcrumb","itemListElement":[{"@type":"ListItem","position":1,"name":"Accueil","item":"https:\/\/domainedelours.fr\/"},{"@type":"ListItem","position":2,"name":"Lodges insolites Collin\u00e9a"}]},{"@type":"WebSite","@id":"https:\/\/domainedelours.fr\/#website","url":"https:\/\/domainedelours.fr\/","name":"Camping de Saint Urcize","description":"","potentialAction":[{"@type":"SearchAction","target":{"@type":"EntryPoint","urlTemplate":"https:\/\/domainedelours.fr\/?s={search_term_string}"},"query-input":{"@type":"PropertyValueSpecification","valueRequired":true,"valueName":"search_term_string"}}],"inLanguage":"es"}]}},"_links":{"self":[{"href":"https:\/\/domainedelours.fr\/es\/wp-json\/wp\/v2\/pages\/489","targetHints":{"allow":["GET"]}}],"collection":[{"href":"https:\/\/domainedelours.fr\/es\/wp-json\/wp\/v2\/pages"}],"about":[{"href":"https:\/\/domainedelours.fr\/es\/wp-json\/wp\/v2\/types\/page"}],"author":[{"embeddable":true,"href":"https:\/\/domainedelours.fr\/es\/wp-json\/wp\/v2\/users\/1"}],"replies":[{"embeddable":true,"href":"https:\/\/domainedelours.fr\/es\/wp-json\/wp\/v2\/comments?post=489"}],"version-history":[{"count":134,"href":"https:\/\/domainedelours.fr\/es\/wp-json\/wp\/v2\/pages\/489\/revisions"}],"predecessor-version":[{"id":2468,"href":"https:\/\/domainedelours.fr\/es\/wp-json\/wp\/v2\/pages\/489\/revisions\/2468"}],"wp:attachment":[{"href":"https:\/\/domainedelours.fr\/es\/wp-json\/wp\/v2\/media?parent=489"}],"curies":[{"name":"wp","href":"https:\/\/api.w.org\/{rel}","templated":true}]}}